{"id":148738,"date":"2026-01-29T09:58:09","date_gmt":"2026-01-29T09:58:09","guid":{"rendered":"https:\/\/immopascual.com\/?page_id=148738"},"modified":"2026-01-29T13:48:06","modified_gmt":"2026-01-29T13:48:06","slug":"cookies","status":"publish","type":"page","link":"https:\/\/immopascual.com\/ca\/cookies\/","title":{"rendered":"Cookies"},"content":{"rendered":"\t\t<div data-elementor-type=\"wp-page\" data-elementor-id=\"148738\" class=\"elementor elementor-148738\">\n\t\t\t\t\t\t<section class=\"elementor-section elementor-top-section elementor-element elementor-element-8207e9c elementor-section-boxed elementor-section-height-default elementor-section-height-default\" data-id=\"8207e9c\" data-element_type=\"section\" data-e-type=\"section\">\n\t\t\t\t\t\t<div class=\"elementor-container elementor-column-gap-default\">\n\t\t\t\t\t<div class=\"elementor-column elementor-col-100 elementor-top-column elementor-element elementor-element-fb5538f\" data-id=\"fb5538f\" data-element_type=\"column\" data-e-type=\"column\">\n\t\t\t<div class=\"elementor-widget-wrap elementor-element-populated\">\n\t\t\t\t\t\t<div class=\"elementor-element elementor-element-2261ea2 elementor-widget elementor-widget-text-editor\" data-id=\"2261ea2\" data-element_type=\"widget\" data-e-type=\"widget\" data-widget_type=\"text-editor.default\">\n\t\t\t\t<div class=\"elementor-widget-container\">\n\t\t\t\t\t\t\t\t\t<p data-start=\"44\" data-end=\"328\" style=\"color: rgb(0, 0, 0); font-size: medium;\">D\u2019acord amb el que disposa l\u2019article 22.2 de la Llei 34\/2002, d\u201911 de juliol, de Serveis de la Societat de la Informaci\u00f3 i de Comer\u00e7 Electr\u00f2nic (LSSI-CE) vigent, <strong data-start=\"206\" data-end=\"230\">GABRIEL PASCUAL FONT<\/strong> ha de complir amb l\u2019obligaci\u00f3 d\u2019informar sobre les cookies que utilitza i les seves finalitats.<\/p><p data-start=\"330\" data-end=\"727\" style=\"color: rgb(0, 0, 0); font-size: medium;\">Aquest lloc web utilitza cookies i\/o tecnologies similars que emmagatzemen i recuperen informaci\u00f3 quan navegues. Les cookies permeten a una p\u00e0gina web, entre altres coses, emmagatzemar i recuperar informaci\u00f3 sobre els h\u00e0bits de navegaci\u00f3 d\u2019un Usuari o del seu equip i, depenent de la informaci\u00f3 que continguin i de la manera com utilitzi el seu equip, poden utilitzar-se per recon\u00e8ixer l\u2019Usuari.<\/p><p data-start=\"729\" data-end=\"929\" style=\"color: rgb(0, 0, 0); font-size: medium;\">Les cookies s\u00f3n essencials per al funcionament d\u2019internet, aportant innombrables avantatges en la prestaci\u00f3 de serveis interactius, facilitant a l\u2019Usuari la navegaci\u00f3 i la usabilitat del nostre web.<\/p><p data-start=\"931\" data-end=\"1035\" style=\"color: rgb(0, 0, 0); font-size: medium;\">La informaci\u00f3 que li proporcionem a continuaci\u00f3 l\u2019ajudar\u00e0 a comprendre els diferents tipus de cookies:<\/p><p data-start=\"1037\" data-end=\"1059\" style=\"color: rgb(0, 0, 0); font-size: medium;\"><strong data-start=\"1037\" data-end=\"1057\">TIPUS DE COOKIES<\/strong><\/p><p data-start=\"1061\" data-end=\"1100\" style=\"color: rgb(0, 0, 0); font-size: medium;\"><strong data-start=\"1061\" data-end=\"1098\">SEGONS L\u2019ENTITAT QUE LES GESTIONI<\/strong><\/p><p data-start=\"1102\" data-end=\"1294\" style=\"color: rgb(0, 0, 0); font-size: medium;\"><strong data-start=\"1102\" data-end=\"1121\">COOKIES PR\u00d2PIES<\/strong><br data-start=\"1121\" data-end=\"1124\">S\u00f3n aquelles que s\u2019envien a l\u2019equip terminal de l\u2019usuari des d\u2019un equip o domini gestionat pel propi editor i des del qual es presta el servei sol\u00b7licitat per l\u2019usuari.<\/p><p data-start=\"1296\" data-end=\"1521\" style=\"color: rgb(0, 0, 0); font-size: medium;\"><strong data-start=\"1296\" data-end=\"1318\">COOKIES DE TERCERS<\/strong><br data-start=\"1318\" data-end=\"1321\">S\u00f3n aquelles que s\u2019envien a l\u2019equip terminal de l\u2019usuari des d\u2019un equip o domini que no \u00e9s gestionat per l\u2019editor, sin\u00f3 per una altra entitat que tracta les dades obtingudes a trav\u00e9s de les cookies.<\/p><p data-start=\"1523\" data-end=\"1579\" style=\"color: rgb(0, 0, 0); font-size: medium;\"><strong data-start=\"1523\" data-end=\"1577\">SEGONS EL TERMINI DE TEMPS QUE ROMANGUIN ACTIVADES<\/strong><\/p><p data-start=\"1581\" data-end=\"1952\" style=\"color: rgb(0, 0, 0); font-size: medium;\"><strong data-start=\"1581\" data-end=\"1602\">COOKIES DE SESSI\u00d3<\/strong><br data-start=\"1602\" data-end=\"1605\">S\u00f3n aquelles dissenyades per recollir i emmagatzemar dades mentre l\u2019usuari accedeix a una p\u00e0gina web. Normalment s\u2019utilitzen per emmagatzemar informaci\u00f3 que nom\u00e9s interessa conservar per a la prestaci\u00f3 del servei sol\u00b7licitat per l\u2019usuari en una sola ocasi\u00f3 (per exemple, una llista de productes adquirits) i desapareixen en finalitzar la sessi\u00f3.<\/p><p data-start=\"1954\" data-end=\"2181\" style=\"color: rgb(0, 0, 0); font-size: medium;\"><strong data-start=\"1954\" data-end=\"1977\">COOKIES PERSISTENTS<\/strong><br data-start=\"1977\" data-end=\"1980\">S\u00f3n aquelles en qu\u00e8 les dades continuen emmagatzemades al terminal i poden ser accedides i tractades durant un per\u00edode definit pel responsable de la cookie, que pot anar d\u2019uns minuts a diversos anys.<\/p><p data-start=\"2183\" data-end=\"2213\" style=\"color: rgb(0, 0, 0); font-size: medium;\"><strong data-start=\"2183\" data-end=\"2211\">SEGONS LA SEVA FINALITAT<\/strong><\/p><p data-start=\"2215\" data-end=\"2411\" style=\"color: rgb(0, 0, 0); font-size: medium;\"><strong data-start=\"2215\" data-end=\"2236\">COOKIES T\u00c8CNIQUES<\/strong><br data-start=\"2236\" data-end=\"2239\">S\u00f3n aquelles que permeten a l\u2019usuari la navegaci\u00f3 a trav\u00e9s d\u2019una p\u00e0gina web, plataforma o aplicaci\u00f3 i la utilitzaci\u00f3 de les diferents opcions o serveis que hi existeixin.<\/p><p data-start=\"2413\" data-end=\"2558\" style=\"color: rgb(0, 0, 0); font-size: medium;\"><strong data-start=\"2413\" data-end=\"2443\">COOKIES DE PERSONALITZACI\u00d3<\/strong><br data-start=\"2443\" data-end=\"2446\">Permeten aplicar caracter\u00edstiques pr\u00f2pies per a la navegaci\u00f3 de l\u2019usuari pel lloc web (per exemple, l\u2019idioma).<\/p><p data-start=\"2560\" data-end=\"3039\" style=\"color: rgb(0, 0, 0); font-size: medium;\"><strong data-start=\"2560\" data-end=\"2581\">COOKIES D\u2019AN\u00c0LISI<\/strong><br data-start=\"2581\" data-end=\"2584\">S\u00f3n aquelles que permeten al responsable d\u2019aquestes fer el seguiment i l\u2019an\u00e0lisi del comportament dels usuaris dels llocs web als quals estan vinculades, inclosa la quantificaci\u00f3 de l\u2019impacte dels anuncis. La informaci\u00f3 recollida mitjan\u00e7ant aquest tipus de cookies s\u2019utilitza per mesurar l\u2019activitat dels llocs web, aplicacions o plataformes, amb la finalitat d\u2019introduir millores en funci\u00f3 de l\u2019an\u00e0lisi de les dades d\u2019\u00fas que fan els usuaris del servei.<\/p><p data-start=\"3041\" data-end=\"3171\" style=\"color: rgb(0, 0, 0); font-size: medium;\"><strong data-start=\"3041\" data-end=\"3066\">COOKIES PUBLICIT\u00c0RIES<\/strong><br data-start=\"3066\" data-end=\"3069\">Permeten a l\u2019editor incloure a la p\u00e0gina web espais publicitaris, segons el contingut del propi web.<\/p><p data-start=\"3173\" data-end=\"3457\" style=\"color: rgb(0, 0, 0); font-size: medium;\"><strong data-start=\"3173\" data-end=\"3213\">COOKIES DE PUBLICITAT COMPORTAMENTAL<\/strong><br data-start=\"3213\" data-end=\"3216\">S\u00f3n aquelles que emmagatzemen informaci\u00f3 del comportament dels usuaris obtinguda a trav\u00e9s de l\u2019observaci\u00f3 continuada dels seus h\u00e0bits de navegaci\u00f3, cosa que permet desenvolupar un perfil espec\u00edfic per mostrar publicitat en funci\u00f3 d\u2019aquest.<\/p><p data-start=\"3459\" data-end=\"3621\" style=\"color: rgb(0, 0, 0); font-size: medium;\">A continuaci\u00f3, li proporcionem els enlla\u00e7os de diversos navegadors, a trav\u00e9s dels quals podr\u00e0 modificar la configuraci\u00f3 del seu navegador sobre l\u2019\u00fas de cookies:<\/p><p data-start=\"3623\" data-end=\"4171\" style=\"color: rgb(0, 0, 0); font-size: medium;\">Firefox: <a data-start=\"3632\" data-end=\"3716\" rel=\"noopener\" target=\"_new\" class=\"decorated-link\" href=\"https:\/\/support.mozilla.org\/es\/kb\/cookies-informacion-que-los-sitios-web-guardan-en-\">https:\/\/support.mozilla.org\/es\/kb\/cookies-informacion-que-los-sitios-web-guardan-en-<span aria-hidden=\"true\" class=\"ms-0.5 inline-block align-middle leading-none\"><svg xmlns=\"http:\/\/www.w3.org\/2000\/svg\" width=\"20\" height=\"20\" aria-hidden=\"true\" data-rtl-flip=\"\" class=\"block h-[0.75em] w-[0.75em] stroke-current stroke-[0.75]\"><use href=\"\/cdn\/assets\/sprites-core-mr1omm3f.svg#304883\" fill=\"currentColor\"><\/use><\/svg><\/span><\/a><br data-start=\"3716\" data-end=\"3719\">Chrome: <a data-start=\"3727\" data-end=\"3792\" rel=\"noopener\" target=\"_new\" class=\"decorated-link\" href=\"http:\/\/support.google.com\/chrome\/bin\/answer.py?hl=es&amp;answer=95647\">http:\/\/support.google.com\/chrome\/bin\/answer.py?hl=es&amp;answer=95647<span aria-hidden=\"true\" class=\"ms-0.5 inline-block align-middle leading-none\"><svg xmlns=\"http:\/\/www.w3.org\/2000\/svg\" width=\"20\" height=\"20\" aria-hidden=\"true\" data-rtl-flip=\"\" class=\"block h-[0.75em] w-[0.75em] stroke-current stroke-[0.75]\"><use href=\"\/cdn\/assets\/sprites-core-mr1omm3f.svg#304883\" fill=\"currentColor\"><\/use><\/svg><\/span><\/a><br data-start=\"3792\" data-end=\"3795\">Internet Explorer: <a data-start=\"3814\" data-end=\"3897\" rel=\"noopener\" target=\"_new\" class=\"decorated-link\" href=\"http:\/\/windows.microsoft.com\/es-es\/internet-explorer\/delete-manage-cookies#ie=ie-10\">http:\/\/windows.microsoft.com\/es-es\/internet-explorer\/delete-manage-cookies#ie=ie-10<span aria-hidden=\"true\" class=\"ms-0.5 inline-block align-middle leading-none\"><svg xmlns=\"http:\/\/www.w3.org\/2000\/svg\" width=\"20\" height=\"20\" aria-hidden=\"true\" data-rtl-flip=\"\" class=\"block h-[0.75em] w-[0.75em] stroke-current stroke-[0.75]\"><use href=\"\/cdn\/assets\/sprites-core-mr1omm3f.svg#304883\" fill=\"currentColor\"><\/use><\/svg><\/span><\/a><br data-start=\"3897\" data-end=\"3900\">Microsoft Edge: <a data-start=\"3916\" data-end=\"4042\" rel=\"noopener\" target=\"_new\" class=\"decorated-link\" href=\"https:\/\/support.microsoft.com\/es-es\/microsoft-edge\/eliminar-las-cookies-en-microsoft-edge-63947406-40ac-c3b8-57b9-2a946a29ae09\">https:\/\/support.microsoft.com\/es-es\/microsoft-edge\/eliminar-las-cookies-en-microsoft-edge-63947406-40ac-c3b8-57b9-2a946a29ae09<span aria-hidden=\"true\" class=\"ms-0.5 inline-block align-middle leading-none\"><svg xmlns=\"http:\/\/www.w3.org\/2000\/svg\" width=\"20\" height=\"20\" aria-hidden=\"true\" data-rtl-flip=\"\" class=\"block h-[0.75em] w-[0.75em] stroke-current stroke-[0.75]\"><use href=\"\/cdn\/assets\/sprites-core-mr1omm3f.svg#304883\" fill=\"currentColor\"><\/use><\/svg><\/span><\/a><br data-start=\"4042\" data-end=\"4045\">Safari: <a data-start=\"4053\" data-end=\"4102\" rel=\"noopener\" target=\"_new\" class=\"decorated-link\" href=\"https:\/\/support.apple.com\/kb\/ph17191?locale=es_ES\">https:\/\/support.apple.com\/kb\/ph17191?locale=es_ES<span aria-hidden=\"true\" class=\"ms-0.5 inline-block align-middle leading-none\"><svg xmlns=\"http:\/\/www.w3.org\/2000\/svg\" width=\"20\" height=\"20\" aria-hidden=\"true\" data-rtl-flip=\"\" class=\"block h-[0.75em] w-[0.75em] stroke-current stroke-[0.75]\"><use href=\"\/cdn\/assets\/sprites-core-mr1omm3f.svg#304883\" fill=\"currentColor\"><\/use><\/svg><\/span><\/a><br data-start=\"4102\" data-end=\"4105\">Opera: <a data-start=\"4112\" data-end=\"4169\" rel=\"noopener\" target=\"_new\" class=\"decorated-link\" href=\"https:\/\/help.opera.com\/en\/latest\/web-preferences\/#cookies\">https:\/\/help.opera.com\/en\/latest\/web-preferences\/#cookies<span aria-hidden=\"true\" class=\"ms-0.5 inline-block align-middle leading-none\"><svg xmlns=\"http:\/\/www.w3.org\/2000\/svg\" width=\"20\" height=\"20\" aria-hidden=\"true\" data-rtl-flip=\"\" class=\"block h-[0.75em] w-[0.75em] stroke-current stroke-[0.75]\"><use href=\"\/cdn\/assets\/sprites-core-mr1omm3f.svg#304883\" fill=\"currentColor\"><\/use><\/svg><\/span><\/a><\/p><p data-start=\"4173\" data-end=\"4296\" style=\"color: rgb(0, 0, 0); font-size: medium;\">Per obtenir m\u00e9s informaci\u00f3 sobre el tractament de dades personals, li recomanem visitar la nostra Pol\u00edtica de Privacitat.<\/p><p data-start=\"4298\" data-end=\"4346\" style=\"color: rgb(0, 0, 0); font-size: medium;\"><strong data-start=\"4298\" data-end=\"4344\">Darrera actualitzaci\u00f3: 23 de gener de 2025<\/strong><\/p>\t\t\t\t\t\t\t\t<\/div>\n\t\t\t\t<\/div>\n\t\t\t\t\t<\/div>\n\t\t<\/div>\n\t\t\t\t\t<\/div>\n\t\t<\/section>\n\t\t\t\t<\/div>\n\t\t","protected":false},"excerpt":{"rendered":"<p>D\u2019acord amb el que disposa l\u2019article 22.2 de la Llei 34\/2002, d\u201911 de juliol, de Serveis de la Societat de la Informaci\u00f3 i de Comer\u00e7 Electr\u00f2nic (LSSI-CE) vigent, GABRIEL PASCUAL FONT ha de complir amb l\u2019obligaci\u00f3 d\u2019informar sobre les cookies que utilitza i les seves finalitats. Aquest lloc web utilitza cookies i\/o tecnologies similars que [&hellip;]<\/p>\n","protected":false},"author":1,"featured_media":0,"parent":0,"menu_order":0,"comment_status":"closed","ping_status":"closed","template":"","meta":{"_acf_changed":false,"om_disable_all_campaigns":false,"_monsterinsights_skip_tracking":false,"_monsterinsights_sitenote_active":false,"_monsterinsights_sitenote_note":"","_monsterinsights_sitenote_category":0,"_uf_show_specific_survey":0,"_uf_disable_surveys":false,"footnotes":""},"class_list":["post-148738","page","type-page","status-publish","hentry"],"acf":[],"aioseo_notices":[],"_links":{"self":[{"href":"https:\/\/immopascual.com\/ca\/wp-json\/wp\/v2\/pages\/148738","targetHints":{"allow":["GET"]}}],"collection":[{"href":"https:\/\/immopascual.com\/ca\/wp-json\/wp\/v2\/pages"}],"about":[{"href":"https:\/\/immopascual.com\/ca\/wp-json\/wp\/v2\/types\/page"}],"author":[{"embeddable":true,"href":"https:\/\/immopascual.com\/ca\/wp-json\/wp\/v2\/users\/1"}],"replies":[{"embeddable":true,"href":"https:\/\/immopascual.com\/ca\/wp-json\/wp\/v2\/comments?post=148738"}],"version-history":[{"count":4,"href":"https:\/\/immopascual.com\/ca\/wp-json\/wp\/v2\/pages\/148738\/revisions"}],"predecessor-version":[{"id":148751,"href":"https:\/\/immopascual.com\/ca\/wp-json\/wp\/v2\/pages\/148738\/revisions\/148751"}],"wp:attachment":[{"href":"https:\/\/immopascual.com\/ca\/wp-json\/wp\/v2\/media?parent=148738"}],"curies":[{"name":"wp","href":"https:\/\/api.w.org\/{rel}","templated":true}]}}