{"id":18107,"date":"2022-01-13T22:13:14","date_gmt":"2022-01-13T22:13:14","guid":{"rendered":"https:\/\/immopascual.com\/?page_id=18107"},"modified":"2022-02-18T09:03:21","modified_gmt":"2022-02-18T09:03:21","slug":"nosaltres","status":"publish","type":"page","link":"https:\/\/immopascual.com\/ca\/nosaltres\/","title":{"rendered":"Qui\u00e9nes somos"},"content":{"rendered":"\t\t<div data-elementor-type=\"wp-page\" data-elementor-id=\"18107\" class=\"elementor elementor-18107\">\n\t\t\t\t\t\t<section class=\"elementor-section elementor-top-section elementor-element elementor-element-058131d elementor-section-boxed elementor-section-height-default elementor-section-height-default\" data-id=\"058131d\" data-element_type=\"section\" data-e-type=\"section\" data-settings=\"{&quot;background_background&quot;:&quot;classic&quot;}\">\n\t\t\t\t\t\t<div class=\"elementor-container elementor-column-gap-default\">\n\t\t\t\t\t<div class=\"elementor-column elementor-col-100 elementor-top-column elementor-element elementor-element-d01b7fa\" data-id=\"d01b7fa\" data-element_type=\"column\" data-e-type=\"column\">\n\t\t\t<div class=\"elementor-widget-wrap elementor-element-populated\">\n\t\t\t\t\t\t<div class=\"elementor-element elementor-element-28c2a9f elementor-widget elementor-widget-spacer\" data-id=\"28c2a9f\" data-element_type=\"widget\" data-e-type=\"widget\" data-widget_type=\"spacer.default\">\n\t\t\t\t<div class=\"elementor-widget-container\">\n\t\t\t\t\t\t\t<div class=\"elementor-spacer\">\n\t\t\t<div class=\"elementor-spacer-inner\"><\/div>\n\t\t<\/div>\n\t\t\t\t\t\t<\/div>\n\t\t\t\t<\/div>\n\t\t\t\t<div class=\"elementor-element elementor-element-b349869 animated-slow elementor-invisible elementor-widget elementor-widget-houzez_elementor_section_title\" data-id=\"b349869\" data-element_type=\"widget\" data-e-type=\"widget\" data-settings=\"{&quot;_animation&quot;:&quot;fadeIn&quot;}\" data-widget_type=\"houzez_elementor_section_title.default\">\n\t\t\t\t<div class=\"elementor-widget-container\">\n\t\t\t\t\t            <div class=\"houzez_section_title_wrap section-title-module\">\n                                    <h2 class=\"houzez_section_title\">Sobre nosaltres\n<\/h2>\n                \n                            <\/div>\n            \t\t\t\t<\/div>\n\t\t\t\t<\/div>\n\t\t\t\t<div class=\"elementor-element elementor-element-c47392b elementor-widget elementor-widget-image\" data-id=\"c47392b\" data-element_type=\"widget\" data-e-type=\"widget\" data-widget_type=\"image.default\">\n\t\t\t\t<div class=\"elementor-widget-container\">\n\t\t\t\t\t\t\t\t\t\t\t\t\t\t\t<img fetchpriority=\"high\" decoding=\"async\" width=\"1024\" height=\"683\" src=\"https:\/\/immopascual.com\/wp-content\/uploads\/2022\/02\/ODH_0004-1024x683.jpg\" class=\"attachment-large size-large wp-image-19851\" alt=\"\" srcset=\"https:\/\/immopascual.com\/wp-content\/uploads\/2022\/02\/ODH_0004-1024x683.jpg 1024w, https:\/\/immopascual.com\/wp-content\/uploads\/2022\/02\/ODH_0004-300x200.jpg 300w, https:\/\/immopascual.com\/wp-content\/uploads\/2022\/02\/ODH_0004-768x512.jpg 768w, https:\/\/immopascual.com\/wp-content\/uploads\/2022\/02\/ODH_0004-1536x1025.jpg 1536w, https:\/\/immopascual.com\/wp-content\/uploads\/2022\/02\/ODH_0004-2048x1367.jpg 2048w, https:\/\/immopascual.com\/wp-content\/uploads\/2022\/02\/ODH_0004-899x600.jpg 899w, https:\/\/immopascual.com\/wp-content\/uploads\/2022\/02\/ODH_0004-496x331.jpg 496w\" sizes=\"(max-width: 1024px) 100vw, 1024px\" \/>\t\t\t\t\t\t\t\t\t\t\t\t\t\t\t<\/div>\n\t\t\t\t<\/div>\n\t\t\t\t<div class=\"elementor-element elementor-element-4bdaa07 elementor-widget elementor-widget-spacer\" data-id=\"4bdaa07\" data-element_type=\"widget\" data-e-type=\"widget\" data-widget_type=\"spacer.default\">\n\t\t\t\t<div class=\"elementor-widget-container\">\n\t\t\t\t\t\t\t<div class=\"elementor-spacer\">\n\t\t\t<div class=\"elementor-spacer-inner\"><\/div>\n\t\t<\/div>\n\t\t\t\t\t\t<\/div>\n\t\t\t\t<\/div>\n\t\t\t\t<div class=\"elementor-element elementor-element-e49dded elementor-widget elementor-widget-text-editor\" data-id=\"e49dded\" data-element_type=\"widget\" data-e-type=\"widget\" data-widget_type=\"text-editor.default\">\n\t\t\t\t<div class=\"elementor-widget-container\">\n\t\t\t\t\t\t\t\t\t<p>En <span style=\"color: #fecb21;\"><strong>PASCUAL\u00a0ASSOCIATS<\/strong><\/span>\u00a0, empresa dedicada principalment a la gesti\u00f3 Immobili\u00e0ria i a promocions immobili\u00e0ries, trobar\u00e0 tota la professionalitat que necessita al seu servei, perqu\u00e8 la compra, venda o construcci\u00f3 de qualsevol immoble (des d&#8217;un simple apartament fins a la finca m\u00e9s sorprenent) sigui el m\u00e9s senzill i personalitzat alhora per a vost\u00e8, sempre amb l&#8217;aval de l&#8217;<a href=\"https:\/\/abaibalears.com\/\">Associaci\u00f3 Balear d&#8217;Assessors Immobiliaris<\/a> (AEBI).<br \/><br \/>A m\u00e9s d&#8217;una \u00e0mplia cartera de propietats, que els nostres clients ens han confiat la gesti\u00f3 de venda (o construcci\u00f3), tamb\u00e9 disposem de promocions immobili\u00e0ries pr\u00f2pies amb la garantia de <span style=\"color: #fecb21;\"><strong>PASCUAL\u00a0ASSOCIATS<\/strong><\/span>\u00a0.<br \/><br \/>Nosaltres l&#8217;ajudem a trobar la propietat que est\u00e0 buscant amb la millor relaci\u00f3 qualitat \/ preu, i li tramitem tota la documentaci\u00f3 necess\u00e0ria per a fer de manera senzilla , efectiva i amb garanties la compra. (NIE, Notario, Registre, Impostos, Taxes) Si ho desitja, li sol\u00b7licitem la hipoteca que s&#8217;ajusti millor a les seves necessitats.<\/p><p>Una vegada comprada la propietat l&#8217;assessorem, juntament amb els professionals adequats, del pagament de tota classe d&#8217;impostos (contribucions, renda, patrimoni, &#8230;), contractaci\u00f3 de qualsevol segur (llar, vida, cotxe, &#8230;.), la rehabilitaci\u00f3 o reforma de l&#8217;habitatge, en definitiva a qualsevol classe de manteniment, servei que necessiti per a la seva llar.<br \/><br \/>Si per contra vost\u00e8 desitja construir la seva pr\u00f2pia casa, nosaltres podem coordinar tot el proc\u00e9s des de la compra del solar, desenvolupament del projecte de construcci\u00f3 i decoraci\u00f3, tramitaci\u00f3 de les llic\u00e8ncies urban\u00edstiques i obtenci\u00f3 de permisos, contractaci\u00f3 de l&#8217;empresa constructora i altres industrials, tot aix\u00f2 fins al lliurament de claus per a la seva habitabilitat i gaudi.<br \/><br \/>Per als clients que vulguin vendre la seva propietat l&#8217;ajudem a fixar el preu de vendes, realitzem publicitat, informem els interessats i visitarem la propietat, els mantenim al corrent de les diferents ofertes rebudes i finalment li preparem els contractes adequats per a la reserva o venda fins a la signatura del Notari, sempre amb el nostre assessorament.<br \/><br \/>Si una vegada visitada la nostra p\u00e0gina web no troba el que busca no dubti a contactar amb nosaltres i l&#8217;ajudarem a buscar-ho.<br \/><br \/>Confi\u00ef en nosaltres i farem de la seva compra una bona inversi\u00f3.<\/p>\t\t\t\t\t\t\t\t<\/div>\n\t\t\t\t<\/div>\n\t\t\t\t<div class=\"elementor-element elementor-element-6e5ffb8 elementor-widget elementor-widget-spacer\" data-id=\"6e5ffb8\" data-element_type=\"widget\" data-e-type=\"widget\" data-widget_type=\"spacer.default\">\n\t\t\t\t<div class=\"elementor-widget-container\">\n\t\t\t\t\t\t\t<div class=\"elementor-spacer\">\n\t\t\t<div class=\"elementor-spacer-inner\"><\/div>\n\t\t<\/div>\n\t\t\t\t\t\t<\/div>\n\t\t\t\t<\/div>\n\t\t\t\t\t<\/div>\n\t\t<\/div>\n\t\t\t\t\t<\/div>\n\t\t<\/section>\n\t\t\t\t<section class=\"elementor-section elementor-top-section elementor-element elementor-element-9616c56 elementor-section-boxed elementor-section-height-default elementor-section-height-default\" data-id=\"9616c56\" data-element_type=\"section\" data-e-type=\"section\">\n\t\t\t\t\t\t<div class=\"elementor-container elementor-column-gap-default\">\n\t\t\t\t\t<div class=\"elementor-column elementor-col-100 elementor-top-column elementor-element elementor-element-cb267c2\" data-id=\"cb267c2\" data-element_type=\"column\" data-e-type=\"column\">\n\t\t\t<div class=\"elementor-widget-wrap elementor-element-populated\">\n\t\t\t\t\t\t<div class=\"elementor-element elementor-element-bec55bc elementor-widget elementor-widget-spacer\" data-id=\"bec55bc\" data-element_type=\"widget\" data-e-type=\"widget\" data-widget_type=\"spacer.default\">\n\t\t\t\t<div class=\"elementor-widget-container\">\n\t\t\t\t\t\t\t<div class=\"elementor-spacer\">\n\t\t\t<div class=\"elementor-spacer-inner\"><\/div>\n\t\t<\/div>\n\t\t\t\t\t\t<\/div>\n\t\t\t\t<\/div>\n\t\t\t\t<div class=\"elementor-element elementor-element-c5e68d6 animated-slow elementor-invisible elementor-widget elementor-widget-houzez_elementor_section_title\" data-id=\"c5e68d6\" data-element_type=\"widget\" data-e-type=\"widget\" data-settings=\"{&quot;_animation&quot;:&quot;fadeIn&quot;}\" data-widget_type=\"houzez_elementor_section_title.default\">\n\t\t\t\t<div class=\"elementor-widget-container\">\n\t\t\t\t\t            <div class=\"houzez_section_title_wrap section-title-module\">\n                                    <h2 class=\"houzez_section_title\">Entrades Blog<\/h2>\n                \n                            <\/div>\n            \t\t\t\t<\/div>\n\t\t\t\t<\/div>\n\t\t\t\t<section class=\"elementor-section elementor-inner-section elementor-element elementor-element-fbf6270 elementor-section-boxed elementor-section-height-default elementor-section-height-default\" data-id=\"fbf6270\" data-element_type=\"section\" data-e-type=\"section\">\n\t\t\t\t\t\t<div class=\"elementor-container elementor-column-gap-default\">\n\t\t\t\t\t<div class=\"elementor-column elementor-col-100 elementor-inner-column elementor-element elementor-element-2d24382\" data-id=\"2d24382\" data-element_type=\"column\" data-e-type=\"column\">\n\t\t\t<div class=\"elementor-widget-wrap elementor-element-populated\">\n\t\t\t\t\t\t<div class=\"elementor-element elementor-element-7b8d235 elementor-widget elementor-widget-houzez_elementor_blog_posts\" data-id=\"7b8d235\" data-element_type=\"widget\" data-e-type=\"widget\" data-widget_type=\"houzez_elementor_blog_posts.default\">\n\t\t\t\t<div class=\"elementor-widget-container\">\n\t\t\t\t\t\n        <div class=\"blog-posts-module blog-posts-module-v1\">\n            <div class=\"row module-row\">\n                                    <div class=\"col-lg-3 col-md-6\">\n                        <div id=\"post-138163\" class=\"blog-post-item blog-post-item-v1 post-138163 post type-post status-publish format-standard has-post-thumbnail hentry category-uncategorized-ca\">\n\t\n\t\t<div class=\"blog-post-thumb\">\n\t\t<a href=\"https:\/\/immopascual.com\/ca\/venta-de-vivendes-i-el-problema-de-les-zones-inundables\/\" class=\"hover-effect\">\n\t\t\t<img decoding=\"async\" width=\"592\" height=\"444\" src=\"https:\/\/immopascual.com\/wp-content\/uploads\/2025\/02\/apr-inundacio-592x444.jpg?v=1739347427\" class=\"img-fluid wp-post-image\" alt=\"\" srcset=\"https:\/\/immopascual.com\/wp-content\/uploads\/2025\/02\/apr-inundacio-592x444.jpg?v=1739347427 592w, https:\/\/immopascual.com\/wp-content\/uploads\/2025\/02\/apr-inundacio-584x438.jpg?v=1739347427 584w, https:\/\/immopascual.com\/wp-content\/uploads\/2025\/02\/apr-inundacio-120x90.jpg?v=1739347427 120w\" sizes=\"(max-width: 592px) 100vw, 592px\" \/>\t\t<\/a>\n\t<\/div><!-- blog-post-thumb -->\n\t\n\t<div class=\"blog-post-content-wrap\">\n\t\t<div class=\"blog-post-meta\">\n\t\t\t<ul class=\"list-inline\">\n\t\t\t\t\t\t\t\t<li class=\"list-inline-item\">\n\t\t\t\t\t<time datetime=\"12 de February de 2025\"><i class=\"houzez-icon icon-calendar-3 mr-1\"><\/i> 12 de February de 2025<\/time>\n\t\t\t\t<\/li>\n\t\t\t\t\n\t\t\t\t\t\t\t\t<li class=\"list-inline-item\">\n\t\t\t\t\t<i class=\"houzez-icon icon-tags mr-1\"><\/i> <a href=\"https:\/\/immopascual.com\/ca\/category\/uncategorized-ca\/\" rel=\"category tag\">Uncategorized @ca<\/a>\t\t\t\t<\/li>\n\t\t\t\t\n\t\t\t<\/ul>\n\t\t<\/div><!-- blog-post-meta -->\n\t\t<div class=\"blog-post-title\">\n\t\t\t<h3><a href=\"https:\/\/immopascual.com\/ca\/venta-de-vivendes-i-el-problema-de-les-zones-inundables\/\">Venta de vivendes i el problema de les zones inundables<\/a><\/h3>\n\t\t<\/div><!-- blog-post-title -->\n\t\t<div class=\"blog-post-body\">\n\t\t\tEl 13 de desembre de 2024 el Decret Llei, n\u00famero 6\/2024, ha canviat les ventes a les...\t\t<\/div><!-- blog-post-body -->\n\t\t<div class=\"blog-post-link\">\n\t\t\t<a href=\"https:\/\/immopascual.com\/ca\/venta-de-vivendes-i-el-problema-de-les-zones-inundables\/\"><\/a>\n\t\t<\/div><!-- blog-post-link -->\n\t<\/div><!-- blog-post-content-wrap -->\n\t\t<div class=\"blog-post-author\">\n\t\t<i class=\"houzez-icon icon-single-neutral mr-1\"><\/i>  Immopascual\t<\/div>\n\t<\/div><!-- blog-post-item -->                    <\/div>\n                                    <div class=\"col-lg-3 col-md-6\">\n                        <div id=\"post-133911\" class=\"blog-post-item blog-post-item-v1 post-133911 post type-post status-publish format-standard has-post-thumbnail hentry category-uncategorized-ca\">\n\t\n\t\t<div class=\"blog-post-thumb\">\n\t\t<a href=\"https:\/\/immopascual.com\/ca\/la-legalitzacio-extraordinaria-de-les-finques-quines-finques-son-elegibles-com-fer-ho-i-que-costa\/\" class=\"hover-effect\">\n\t\t\t<img decoding=\"async\" width=\"592\" height=\"444\" src=\"https:\/\/immopascual.com\/wp-content\/uploads\/2024\/06\/articulo-legalizar-finca-592x444.jpg?v=1717766628\" class=\"img-fluid wp-post-image\" alt=\"\" srcset=\"https:\/\/immopascual.com\/wp-content\/uploads\/2024\/06\/articulo-legalizar-finca-592x444.jpg?v=1717766628 592w, https:\/\/immopascual.com\/wp-content\/uploads\/2024\/06\/articulo-legalizar-finca-300x225.jpg?v=1717766628 300w, https:\/\/immopascual.com\/wp-content\/uploads\/2024\/06\/articulo-legalizar-finca-1024x768.jpg?v=1717766628 1024w, https:\/\/immopascual.com\/wp-content\/uploads\/2024\/06\/articulo-legalizar-finca-768x576.jpg?v=1717766628 768w, https:\/\/immopascual.com\/wp-content\/uploads\/2024\/06\/articulo-legalizar-finca-584x438.jpg?v=1717766628 584w, https:\/\/immopascual.com\/wp-content\/uploads\/2024\/06\/articulo-legalizar-finca-800x600.jpg?v=1717766628 800w, https:\/\/immopascual.com\/wp-content\/uploads\/2024\/06\/articulo-legalizar-finca-120x90.jpg?v=1717766628 120w, https:\/\/immopascual.com\/wp-content\/uploads\/2024\/06\/articulo-legalizar-finca-496x372.jpg?v=1717766628 496w, https:\/\/immopascual.com\/wp-content\/uploads\/2024\/06\/articulo-legalizar-finca.jpg?v=1717766628 1280w\" sizes=\"(max-width: 592px) 100vw, 592px\" \/>\t\t<\/a>\n\t<\/div><!-- blog-post-thumb -->\n\t\n\t<div class=\"blog-post-content-wrap\">\n\t\t<div class=\"blog-post-meta\">\n\t\t\t<ul class=\"list-inline\">\n\t\t\t\t\t\t\t\t<li class=\"list-inline-item\">\n\t\t\t\t\t<time datetime=\"7 de June de 2024\"><i class=\"houzez-icon icon-calendar-3 mr-1\"><\/i> 7 de June de 2024<\/time>\n\t\t\t\t<\/li>\n\t\t\t\t\n\t\t\t\t\t\t\t\t<li class=\"list-inline-item\">\n\t\t\t\t\t<i class=\"houzez-icon icon-tags mr-1\"><\/i> <a href=\"https:\/\/immopascual.com\/ca\/category\/uncategorized-ca\/\" rel=\"category tag\">Uncategorized @ca<\/a>\t\t\t\t<\/li>\n\t\t\t\t\n\t\t\t<\/ul>\n\t\t<\/div><!-- blog-post-meta -->\n\t\t<div class=\"blog-post-title\">\n\t\t\t<h3><a href=\"https:\/\/immopascual.com\/ca\/la-legalitzacio-extraordinaria-de-les-finques-quines-finques-son-elegibles-com-fer-ho-i-que-costa\/\">La legalitzaci\u00f3 extraordin\u00e0ria de les finques, quines finques s\u00f3n elegibles com fer-ho i qu\u00e8 costa?<\/a><\/h3>\n\t\t<\/div><!-- blog-post-title -->\n\t\t<div class=\"blog-post-body\">\n\t\t\tEl nou decret llei 3\/2024 del 24 de maig 2024 presenta mesures noves per als habitatges La...\t\t<\/div><!-- blog-post-body -->\n\t\t<div class=\"blog-post-link\">\n\t\t\t<a href=\"https:\/\/immopascual.com\/ca\/la-legalitzacio-extraordinaria-de-les-finques-quines-finques-son-elegibles-com-fer-ho-i-que-costa\/\"><\/a>\n\t\t<\/div><!-- blog-post-link -->\n\t<\/div><!-- blog-post-content-wrap -->\n\t\t<div class=\"blog-post-author\">\n\t\t<i class=\"houzez-icon icon-single-neutral mr-1\"><\/i>  Immopascual\t<\/div>\n\t<\/div><!-- blog-post-item -->                    <\/div>\n                                    <div class=\"col-lg-3 col-md-6\">\n                        <div id=\"post-109503\" class=\"blog-post-item blog-post-item-v1 post-109503 post type-post status-publish format-standard has-post-thumbnail hentry category-uncategorized-ca\">\n\t\n\t\t<div class=\"blog-post-thumb\">\n\t\t<a href=\"https:\/\/immopascual.com\/ca\/lloguer-habitual-o-lloguer-turistic\/\" class=\"hover-effect\">\n\t\t\t<img loading=\"lazy\" decoding=\"async\" width=\"592\" height=\"444\" src=\"https:\/\/immopascual.com\/wp-content\/uploads\/2023\/12\/mujer-sosteniendo-telefono-tiro-medio-592x444.jpg?v=1701851136\" class=\"img-fluid wp-post-image\" alt=\"\" srcset=\"https:\/\/immopascual.com\/wp-content\/uploads\/2023\/12\/mujer-sosteniendo-telefono-tiro-medio-592x444.jpg?v=1701851136 592w, https:\/\/immopascual.com\/wp-content\/uploads\/2023\/12\/mujer-sosteniendo-telefono-tiro-medio-584x438.jpg?v=1701851136 584w, https:\/\/immopascual.com\/wp-content\/uploads\/2023\/12\/mujer-sosteniendo-telefono-tiro-medio-120x90.jpg?v=1701851136 120w\" sizes=\"(max-width: 592px) 100vw, 592px\" \/>\t\t<\/a>\n\t<\/div><!-- blog-post-thumb -->\n\t\n\t<div class=\"blog-post-content-wrap\">\n\t\t<div class=\"blog-post-meta\">\n\t\t\t<ul class=\"list-inline\">\n\t\t\t\t\t\t\t\t<li class=\"list-inline-item\">\n\t\t\t\t\t<time datetime=\"8 de December de 2023\"><i class=\"houzez-icon icon-calendar-3 mr-1\"><\/i> 8 de December de 2023<\/time>\n\t\t\t\t<\/li>\n\t\t\t\t\n\t\t\t\t\t\t\t\t<li class=\"list-inline-item\">\n\t\t\t\t\t<i class=\"houzez-icon icon-tags mr-1\"><\/i> <a href=\"https:\/\/immopascual.com\/ca\/category\/uncategorized-ca\/\" rel=\"category tag\">Uncategorized @ca<\/a>\t\t\t\t<\/li>\n\t\t\t\t\n\t\t\t<\/ul>\n\t\t<\/div><!-- blog-post-meta -->\n\t\t<div class=\"blog-post-title\">\n\t\t\t<h3><a href=\"https:\/\/immopascual.com\/ca\/lloguer-habitual-o-lloguer-turistic\/\">Lloguer habitual o lloguer tur\u00edstic?<\/a><\/h3>\n\t\t<\/div><!-- blog-post-title -->\n\t\t<div class=\"blog-post-body\">\n\t\t\tSi ets propietari d'un habitatge a Mallorca i vols llogar-lo, qu\u00e8 et conv\u00e9 m\u00e9s: un contracte de...\t\t<\/div><!-- blog-post-body -->\n\t\t<div class=\"blog-post-link\">\n\t\t\t<a href=\"https:\/\/immopascual.com\/ca\/lloguer-habitual-o-lloguer-turistic\/\"><\/a>\n\t\t<\/div><!-- blog-post-link -->\n\t<\/div><!-- blog-post-content-wrap -->\n\t\t<div class=\"blog-post-author\">\n\t\t<i class=\"houzez-icon icon-single-neutral mr-1\"><\/i>  Immopascual\t<\/div>\n\t<\/div><!-- blog-post-item -->                    <\/div>\n                                    <div class=\"col-lg-3 col-md-6\">\n                        <div id=\"post-105003\" class=\"blog-post-item blog-post-item-v1 post-105003 post type-post status-publish format-standard has-post-thumbnail hentry category-uncategorized-ca\">\n\t\n\t\t<div class=\"blog-post-thumb\">\n\t\t<a href=\"https:\/\/immopascual.com\/ca\/viure-a-una-finca-rustica-a-muro-mallorca-una-experiencia-unica\/\" class=\"hover-effect\">\n\t\t\t<img loading=\"lazy\" decoding=\"async\" width=\"592\" height=\"444\" src=\"https:\/\/immopascual.com\/wp-content\/uploads\/2023\/10\/1-Finca-en-MURO-con-proy-592x444.jpg?v=1697721871\" class=\"img-fluid wp-post-image\" alt=\"\" srcset=\"https:\/\/immopascual.com\/wp-content\/uploads\/2023\/10\/1-Finca-en-MURO-con-proy-592x444.jpg?v=1697721871 592w, https:\/\/immopascual.com\/wp-content\/uploads\/2023\/10\/1-Finca-en-MURO-con-proy-300x225.jpg?v=1697721871 300w, https:\/\/immopascual.com\/wp-content\/uploads\/2023\/10\/1-Finca-en-MURO-con-proy-1024x768.jpg?v=1697721871 1024w, https:\/\/immopascual.com\/wp-content\/uploads\/2023\/10\/1-Finca-en-MURO-con-proy-768x576.jpg?v=1697721871 768w, https:\/\/immopascual.com\/wp-content\/uploads\/2023\/10\/1-Finca-en-MURO-con-proy-584x438.jpg?v=1697721871 584w, https:\/\/immopascual.com\/wp-content\/uploads\/2023\/10\/1-Finca-en-MURO-con-proy-800x600.jpg?v=1697721871 800w, https:\/\/immopascual.com\/wp-content\/uploads\/2023\/10\/1-Finca-en-MURO-con-proy-120x90.jpg?v=1697721871 120w, https:\/\/immopascual.com\/wp-content\/uploads\/2023\/10\/1-Finca-en-MURO-con-proy-496x372.jpg?v=1697721871 496w, https:\/\/immopascual.com\/wp-content\/uploads\/2023\/10\/1-Finca-en-MURO-con-proy.jpg?v=1697721871 1280w\" sizes=\"(max-width: 592px) 100vw, 592px\" \/>\t\t<\/a>\n\t<\/div><!-- blog-post-thumb -->\n\t\n\t<div class=\"blog-post-content-wrap\">\n\t\t<div class=\"blog-post-meta\">\n\t\t\t<ul class=\"list-inline\">\n\t\t\t\t\t\t\t\t<li class=\"list-inline-item\">\n\t\t\t\t\t<time datetime=\"30 d'October de 2023\"><i class=\"houzez-icon icon-calendar-3 mr-1\"><\/i> 30 d'October de 2023<\/time>\n\t\t\t\t<\/li>\n\t\t\t\t\n\t\t\t\t\t\t\t\t<li class=\"list-inline-item\">\n\t\t\t\t\t<i class=\"houzez-icon icon-tags mr-1\"><\/i> <a href=\"https:\/\/immopascual.com\/ca\/category\/uncategorized-ca\/\" rel=\"category tag\">Uncategorized @ca<\/a>\t\t\t\t<\/li>\n\t\t\t\t\n\t\t\t<\/ul>\n\t\t<\/div><!-- blog-post-meta -->\n\t\t<div class=\"blog-post-title\">\n\t\t\t<h3><a href=\"https:\/\/immopascual.com\/ca\/viure-a-una-finca-rustica-a-muro-mallorca-una-experiencia-unica\/\">Viure a una finca r\u00fastica a Muro, Mallorca: una experi\u00e8ncia \u00fanica<\/a><\/h3>\n\t\t<\/div><!-- blog-post-title -->\n\t\t<div class=\"blog-post-body\">\n\t\t\tMallorca \u00e9s una illa coneguda per les seves boniques platges, el seu clima mediterrani i la seva...\t\t<\/div><!-- blog-post-body -->\n\t\t<div class=\"blog-post-link\">\n\t\t\t<a href=\"https:\/\/immopascual.com\/ca\/viure-a-una-finca-rustica-a-muro-mallorca-una-experiencia-unica\/\"><\/a>\n\t\t<\/div><!-- blog-post-link -->\n\t<\/div><!-- blog-post-content-wrap -->\n\t\t<div class=\"blog-post-author\">\n\t\t<i class=\"houzez-icon icon-single-neutral mr-1\"><\/i>  Immopascual\t<\/div>\n\t<\/div><!-- blog-post-item -->                    <\/div>\n                            <\/div>\n        <\/div>\n\n        \t\t\t\t<\/div>\n\t\t\t\t<\/div>\n\t\t\t\t\t<\/div>\n\t\t<\/div>\n\t\t\t\t\t<\/div>\n\t\t<\/section>\n\t\t\t\t<div class=\"elementor-element elementor-element-9af8839 elementor-widget elementor-widget-spacer\" data-id=\"9af8839\" data-element_type=\"widget\" data-e-type=\"widget\" data-widget_type=\"spacer.default\">\n\t\t\t\t<div class=\"elementor-widget-container\">\n\t\t\t\t\t\t\t<div class=\"elementor-spacer\">\n\t\t\t<div class=\"elementor-spacer-inner\"><\/div>\n\t\t<\/div>\n\t\t\t\t\t\t<\/div>\n\t\t\t\t<\/div>\n\t\t\t\t\t<\/div>\n\t\t<\/div>\n\t\t\t\t\t<\/div>\n\t\t<\/section>\n\t\t\t\t<\/div>\n\t\t","protected":false},"excerpt":{"rendered":"<p>Sobre nosaltres En PASCUAL\u00a0ASSOCIATS\u00a0, empresa dedicada principalment a la gesti\u00f3 Immobili\u00e0ria i a promocions immobili\u00e0ries, trobar\u00e0 tota la professionalitat que necessita al seu servei, perqu\u00e8 la compra, venda o construcci\u00f3 de qualsevol immoble (des d&#8217;un simple apartament fins a la finca m\u00e9s sorprenent) sigui el m\u00e9s senzill i personalitzat alhora per a vost\u00e8, sempre amb [&hellip;]<\/p>\n","protected":false},"author":1,"featured_media":0,"parent":0,"menu_order":0,"comment_status":"closed","ping_status":"closed","template":"template\/template-homepage.php","meta":{"_acf_changed":false,"om_disable_all_campaigns":false,"_monsterinsights_skip_tracking":false,"_monsterinsights_sitenote_active":false,"_monsterinsights_sitenote_note":"","_monsterinsights_sitenote_category":0,"_uf_show_specific_survey":0,"_uf_disable_surveys":false,"footnotes":""},"class_list":["post-18107","page","type-page","status-publish","hentry"],"acf":[],"aioseo_notices":[],"_links":{"self":[{"href":"https:\/\/immopascual.com\/ca\/wp-json\/wp\/v2\/pages\/18107","targetHints":{"allow":["GET"]}}],"collection":[{"href":"https:\/\/immopascual.com\/ca\/wp-json\/wp\/v2\/pages"}],"about":[{"href":"https:\/\/immopascual.com\/ca\/wp-json\/wp\/v2\/types\/page"}],"author":[{"embeddable":true,"href":"https:\/\/immopascual.com\/ca\/wp-json\/wp\/v2\/users\/1"}],"replies":[{"embeddable":true,"href":"https:\/\/immopascual.com\/ca\/wp-json\/wp\/v2\/comments?post=18107"}],"version-history":[{"count":17,"href":"https:\/\/immopascual.com\/ca\/wp-json\/wp\/v2\/pages\/18107\/revisions"}],"predecessor-version":[{"id":20030,"href":"https:\/\/immopascual.com\/ca\/wp-json\/wp\/v2\/pages\/18107\/revisions\/20030"}],"wp:attachment":[{"href":"https:\/\/immopascual.com\/ca\/wp-json\/wp\/v2\/media?parent=18107"}],"curies":[{"name":"wp","href":"https:\/\/api.w.org\/{rel}","templated":true}]}}