{"id":18234,"date":"2022-01-14T18:44:36","date_gmt":"2022-01-14T18:44:36","guid":{"rendered":"https:\/\/immopascual.com\/?page_id=18234"},"modified":"2026-01-29T09:18:54","modified_gmt":"2026-01-29T09:18:54","slug":"privacitat","status":"publish","type":"page","link":"https:\/\/immopascual.com\/ca\/privacitat\/","title":{"rendered":"Pol\u00edtica de privacitat"},"content":{"rendered":"\t\t<div data-elementor-type=\"wp-page\" data-elementor-id=\"18234\" class=\"elementor elementor-18234\">\n\t\t\t\t\t\t<section class=\"elementor-section elementor-top-section elementor-element elementor-element-46b56a9 elementor-section-boxed elementor-section-height-default elementor-section-height-default\" data-id=\"46b56a9\" data-element_type=\"section\" data-e-type=\"section\">\n\t\t\t\t\t\t<div class=\"elementor-container elementor-column-gap-default\">\n\t\t\t\t\t<div class=\"elementor-column elementor-col-100 elementor-top-column elementor-element elementor-element-0a266d3\" data-id=\"0a266d3\" data-element_type=\"column\" data-e-type=\"column\">\n\t\t\t<div class=\"elementor-widget-wrap elementor-element-populated\">\n\t\t\t\t\t\t<div class=\"elementor-element elementor-element-eb3cd14 elementor-widget elementor-widget-text-editor\" data-id=\"eb3cd14\" data-element_type=\"widget\" data-e-type=\"widget\" data-widget_type=\"text-editor.default\">\n\t\t\t\t<div class=\"elementor-widget-container\">\n\t\t\t\t\t\t\t\t\t<p data-start=\"74\" data-end=\"387\" style=\"color: rgb(0, 0, 0); font-size: medium;\"><strong data-start=\"74\" data-end=\"123\">POL\u00cdTICA DE PRIVACITAT DE <a data-start=\"102\" data-end=\"121\" rel=\"noopener\" target=\"_new\" href=\"http:\/\/www.immopascual.com\">www.immopascual.com<span aria-hidden=\"true\"><svg xmlns=\"http:\/\/www.w3.org\/2000\/svg\" width=\"20\" height=\"20\" aria-hidden=\"true\" data-rtl-flip=\"\"><use href=\"\/cdn\/assets\/sprites-core-mr1omm3f.svg#304883\" fill=\"currentColor\"><\/use><\/svg><\/span><\/a><\/strong><br data-start=\"123\" data-end=\"126\">Dades del propietari del web:<br data-start=\"155\" data-end=\"158\"><strong data-start=\"158\" data-end=\"172\">RA\u00d3 SOCIAL<\/strong> GABRIEL PASCUAL FONT<br data-start=\"193\" data-end=\"196\"><strong data-start=\"196\" data-end=\"203\">NIF<\/strong> 78202293Q<br data-start=\"213\" data-end=\"216\"><strong data-start=\"216\" data-end=\"226\">DOMINI<\/strong> <a data-start=\"227\" data-end=\"246\" rel=\"noopener\" target=\"_new\" href=\"http:\/\/www.immopascual.com\">www.immopascual.com<span aria-hidden=\"true\"><svg xmlns=\"http:\/\/www.w3.org\/2000\/svg\" width=\"20\" height=\"20\" aria-hidden=\"true\" data-rtl-flip=\"\"><use href=\"\/cdn\/assets\/sprites-core-mr1omm3f.svg#304883\" fill=\"currentColor\"><\/use><\/svg><\/span><\/a><br data-start=\"246\" data-end=\"249\"><strong data-start=\"249\" data-end=\"266\">ADRE\u00c7A POSTAL<\/strong> CABRERA, 9, 07458 CA&#8217;N PICAFORT (ILLES BALEARS)<br data-start=\"314\" data-end=\"317\"><strong data-start=\"317\" data-end=\"339\">ADRE\u00c7A ELECTR\u00d2NICA<\/strong> <a data-start=\"340\" data-end=\"360\" rel=\"noopener\">info@immopascual.com<span aria-hidden=\"true\"><svg xmlns=\"http:\/\/www.w3.org\/2000\/svg\" width=\"20\" height=\"20\" aria-hidden=\"true\" data-rtl-flip=\"\"><use href=\"\/cdn\/assets\/sprites-core-mr1omm3f.svg#304883\" fill=\"currentColor\"><\/use><\/svg><\/span><\/a><br data-start=\"360\" data-end=\"363\"><strong data-start=\"363\" data-end=\"375\">TEL\u00c8FONS<\/strong> 971852238<\/p><h3 data-start=\"389\" data-end=\"413\" style=\"color: rgb(0, 0, 0); text-transform: none;\">Protecci\u00f3 de dades<\/h3><p data-start=\"414\" data-end=\"787\" style=\"color: rgb(0, 0, 0); font-size: medium;\">D\u2019acord amb la normativa vigent i aplicable en mat\u00e8ria de protecci\u00f3 de dades de car\u00e0cter personal, l\u2019informem que les seves dades seran incorporades al sistema de tractament titularitat de GABRIEL PASCUAL FONT amb NIF 78202293Q i domicili social situat a CABRERA, 9, 07458 CA&#8217;N PICAFORT (ILLES BALEARS). A continuaci\u00f3, es facilita la informaci\u00f3 dels tractaments realitzats:<\/p><h3 data-start=\"789\" data-end=\"817\" style=\"color: rgb(0, 0, 0); text-transform: none;\">TRACTAMENTS REALITZATS<\/h3><p data-start=\"819\" data-end=\"1246\" style=\"color: rgb(0, 0, 0); font-size: medium;\"><strong data-start=\"819\" data-end=\"855\">Accions comercials formulari web<\/strong><br data-start=\"855\" data-end=\"858\">Finalitat: Captaci\u00f3, registre i tractament de dades amb la finalitat d\u2019atendre les seves consultes i\/o sol\u00b7licituds, aix\u00ed com de publicitat i prospecci\u00f3 comercial.<br data-start=\"1021\" data-end=\"1024\">Termini de conservaci\u00f3: mentre es mantingui el consentiment prestat, llevat d\u2019obligaci\u00f3 legal.<br data-start=\"1118\" data-end=\"1121\">Base leg\u00edtima: El consentiment de l\u2019interessat.<br data-start=\"1168\" data-end=\"1171\">Tipologia de dades:<br data-start=\"1190\" data-end=\"1193\">Dades b\u00e0siques: Nom i llinatges, adre\u00e7a electr\u00f2nica<\/p><p data-start=\"1248\" data-end=\"1564\" style=\"color: rgb(0, 0, 0); font-size: medium;\"><strong data-start=\"1248\" data-end=\"1272\">Gesti\u00f3 d\u2019usuaris web<\/strong><br data-start=\"1272\" data-end=\"1275\">Finalitat: Captaci\u00f3, registre i tractament de dades de l\u2019usuari.<br data-start=\"1339\" data-end=\"1342\">Termini de conservaci\u00f3: mentre es mantingui el consentiment prestat, llevat d\u2019obligaci\u00f3 legal.<br data-start=\"1436\" data-end=\"1439\">Base leg\u00edtima: El consentiment de l\u2019interessat.<br data-start=\"1486\" data-end=\"1489\">Tipologia de dades:<br data-start=\"1508\" data-end=\"1511\">Dades b\u00e0siques: Nom i llinatges, adre\u00e7a electr\u00f2nica<\/p><p data-start=\"1566\" data-end=\"1884\" style=\"color: rgb(0, 0, 0); font-size: medium;\"><strong data-start=\"1566\" data-end=\"1580\">Newsletter<\/strong><br data-start=\"1580\" data-end=\"1583\">Finalitat: Gesti\u00f3 de la subscripci\u00f3 al butllet\u00ed informatiu per realitzar els enviaments corresponents.<br data-start=\"1685\" data-end=\"1688\">Termini de conservaci\u00f3: mentre es mantingui el consentiment prestat.<br data-start=\"1756\" data-end=\"1759\">Base leg\u00edtima: El consentiment de l\u2019interessat.<br data-start=\"1806\" data-end=\"1809\">Tipologia de dades:<br data-start=\"1828\" data-end=\"1831\">Dades b\u00e0siques: Nom i llinatges, adre\u00e7a electr\u00f2nica<\/p><p data-start=\"1886\" data-end=\"2157\" style=\"color: rgb(0, 0, 0); font-size: medium;\"><strong data-start=\"1886\" data-end=\"1913\">Instal\u00b7laci\u00f3 de cookies<\/strong><br data-start=\"1913\" data-end=\"1916\">Finalitat: Gesti\u00f3 i instal\u00b7laci\u00f3 de les cookies.<br data-start=\"1964\" data-end=\"1967\">Termini de conservaci\u00f3: mentre es mantingui el consentiment prestat.<br data-start=\"2035\" data-end=\"2038\">Base leg\u00edtima: El consentiment de l\u2019interessat.<br data-start=\"2085\" data-end=\"2088\">Tipologia de dades:<br data-start=\"2107\" data-end=\"2110\">Dades b\u00e0siques: Adre\u00e7a electr\u00f2nica, adre\u00e7a IP<\/p><p data-start=\"2159\" data-end=\"2456\" style=\"color: rgb(0, 0, 0); font-size: medium;\"><strong data-start=\"2159\" data-end=\"2187\">Gesti\u00f3 del formulari web<\/strong><br data-start=\"2187\" data-end=\"2190\">Finalitat: Atendre les seves consultes i\/o sol\u00b7licituds.<br data-start=\"2246\" data-end=\"2249\">Termini de conservaci\u00f3: mentre es mantingui el consentiment prestat.<br data-start=\"2317\" data-end=\"2320\">Base leg\u00edtima: El consentiment de l\u2019interessat.<br data-start=\"2367\" data-end=\"2370\">Tipologia de dades:<br data-start=\"2389\" data-end=\"2392\">Dades b\u00e0siques: Nom i llinatges, adre\u00e7a electr\u00f2nica, adre\u00e7a IP<\/p><p data-start=\"2458\" data-end=\"2631\" style=\"color: rgb(0, 0, 0); font-size: medium;\">Aix\u00ed mateix, l\u2019informem que pot contactar amb el Delegat de Protecci\u00f3 de Dades adre\u00e7ant-se per escrit a l\u2019adre\u00e7a de correu <a data-start=\"2581\" data-end=\"2605\" rel=\"noopener\">dpd.cliente@conversia.es<span aria-hidden=\"true\"><svg xmlns=\"http:\/\/www.w3.org\/2000\/svg\" width=\"20\" height=\"20\" aria-hidden=\"true\" data-rtl-flip=\"\"><use href=\"\/cdn\/assets\/sprites-core-mr1omm3f.svg#304883\" fill=\"currentColor\"><\/use><\/svg><\/span><\/a> o al tel\u00e8fon 902 877 192.<\/p><h3 data-start=\"2633\" data-end=\"2661\" style=\"color: rgb(0, 0, 0); text-transform: none;\">Drets dels interessats<\/h3><p data-start=\"2662\" data-end=\"3019\" style=\"color: rgb(0, 0, 0); font-size: medium;\">GABRIEL PASCUAL FONT informa els usuaris que podran exercir els drets d\u2019acc\u00e9s, rectificaci\u00f3, limitaci\u00f3, supressi\u00f3, portabilitat, oposici\u00f3 al tractament de les seves dades personals i el dret a no ser objecte de decisions automatitzades, inclosa l\u2019elaboraci\u00f3 de perfils, davant del Responsable del Tractament, aix\u00ed com a la retirada del consentiment prestat.<\/p><p data-start=\"3021\" data-end=\"3311\" style=\"color: rgb(0, 0, 0); font-size: medium;\"><strong data-start=\"3021\" data-end=\"3038\">Dret d\u2019acc\u00e9s:<\/strong> \u00c9s el dret de l\u2019usuari a obtenir confirmaci\u00f3 sobre si s\u2019estan tractant les seves dades i, en tal cas, els concrets dades personals tractades i la informaci\u00f3 legal del tractament (finalitats, base legitimadora, terminis de conservaci\u00f3, cessions, origen de les dades, etc.).<\/p><p data-start=\"3313\" data-end=\"3685\" style=\"color: rgb(0, 0, 0); font-size: medium;\"><strong data-start=\"3313\" data-end=\"3338\">Dret de rectificaci\u00f3:<\/strong> \u00c9s el dret de l\u2019afectat a modificar les dades que resultin ser inexactes o incompletes. En relaci\u00f3 amb la p\u00e0gina web, nom\u00e9s podr\u00e0 satisfer-se en relaci\u00f3 amb aquella informaci\u00f3 que es trobi sota el control del lloc web, per exemple, eliminar comentaris publicats a la pr\u00f2pia p\u00e0gina, imatges o continguts web on constin dades personals de l\u2019usuari.<\/p><p data-start=\"3687\" data-end=\"3856\" style=\"color: rgb(0, 0, 0); font-size: medium;\"><strong data-start=\"3687\" data-end=\"3726\">Dret a la limitaci\u00f3 del tractament:<\/strong> \u00c9s el dret a limitar les finalitats del tractament previstes originalment pel responsable del tractament en determinats sup\u00f2sits.<\/p><p data-start=\"3858\" data-end=\"4092\" style=\"color: rgb(0, 0, 0); font-size: medium;\"><strong data-start=\"3858\" data-end=\"3880\">Dret de supressi\u00f3:<\/strong> \u00c9s el dret a suprimir les dades personals de l\u2019usuari, a excepci\u00f3 del previst al propi RGPD (llibertat d\u2019expressi\u00f3 i informaci\u00f3, obligacions de conservaci\u00f3, formulaci\u00f3, exercici o defensa de reclamacions, etc.).<\/p><p data-start=\"4094\" data-end=\"4405\" style=\"color: rgb(0, 0, 0); font-size: medium;\"><strong data-start=\"4094\" data-end=\"4121\">Dret a la portabilitat:<\/strong> El dret a rebre les dades personals que l\u2019usuari hagi facilitat en un format estructurat, d\u2019\u00fas com\u00fa i lectura mec\u00e0nica, i a transmetre-les a un altre responsable quan el tractament estigui basat en el consentiment o en l\u2019execuci\u00f3 d\u2019un contracte i s\u2019efectu\u00ef per mitjans automatitzats.<\/p><p data-start=\"4407\" data-end=\"4700\" style=\"color: rgb(0, 0, 0); font-size: medium;\"><strong data-start=\"4407\" data-end=\"4427\">Dret d\u2019oposici\u00f3:<\/strong> \u00c9s el dret de l\u2019usuari a que no es dugui a terme el tractament de les seves dades personals o que se\u2019n cessi el tractament per part del lloc web quan el tractament estigui basat en l\u2019inter\u00e8s leg\u00edtim o l\u2019inter\u00e8s p\u00fablic o quan es tracti de tractaments de m\u00e0rqueting directe.<\/p><p data-start=\"4702\" data-end=\"5176\" style=\"color: rgb(0, 0, 0); font-size: medium;\"><strong data-start=\"4702\" data-end=\"4789\">Dret a no ser objecte de decisions automatitzades, inclosa l\u2019elaboraci\u00f3 de perfils:<\/strong> Quan el tractament no sigui necessari per a la celebraci\u00f3 o execuci\u00f3 d\u2019un contracte, ni estigui autoritzat pel dret de la Uni\u00f3 Europea o dels Estats membres ni es basi en el consentiment, t\u00e9 dret a no ser objecte d\u2019una decisi\u00f3 basada \u00fanicament en el tractament automatitzat, inclosa l\u2019elaboraci\u00f3 de perfils, que produeixi efectes jur\u00eddics o l\u2019afecti significativament de manera similar.<\/p><p data-start=\"5178\" data-end=\"5333\" style=\"color: rgb(0, 0, 0); font-size: medium;\"><strong data-start=\"5178\" data-end=\"5213\">Dret a retirar el consentiment:<\/strong> Per a qualsevol tractament basat en el seu consentiment, t\u00e9 dret a retirar-lo en qualsevol moment i de manera gratu\u00efta.<\/p><h3 data-start=\"5335\" data-end=\"5360\" style=\"color: rgb(0, 0, 0); text-transform: none;\">Exercici dels drets<\/h3><p data-start=\"5361\" data-end=\"5490\" style=\"color: rgb(0, 0, 0); font-size: medium;\">Per exercir qualsevol dels drets en mat\u00e8ria de protecci\u00f3 de dades descrits anteriorment haur\u00e0 de seguir les seg\u00fcents indicacions:<\/p><p data-start=\"5492\" data-end=\"5671\" style=\"color: rgb(0, 0, 0); font-size: medium;\">Presentaci\u00f3 d\u2019un escrit a l\u2019adre\u00e7a CABRERA, 9, 07458 CA&#8217;N PICAFORT (ILLES BALEARS) (a l\u2019atenci\u00f3 de GABRIEL PASCUAL FONT) o b\u00e9 a trav\u00e9s de correu electr\u00f2nic a <a data-start=\"5650\" data-end=\"5670\" rel=\"noopener\">info@immopascual.com<span aria-hidden=\"true\"><svg xmlns=\"http:\/\/www.w3.org\/2000\/svg\" width=\"20\" height=\"20\" aria-hidden=\"true\" data-rtl-flip=\"\"><use href=\"\/cdn\/assets\/sprites-core-mr1omm3f.svg#304883\" fill=\"currentColor\"><\/use><\/svg><\/span><\/a>.<\/p><p data-start=\"5673\" data-end=\"5810\" style=\"color: rgb(0, 0, 0); font-size: medium;\">L\u2019escrit rem\u00e8s pel titular de les dades personals (interessat\/da) que sol\u00b7liciti l\u2019exercici de drets haur\u00e0 de tenir en compte el seg\u00fcent:<\/p><ul data-start=\"5812\" data-end=\"7134\" style=\"color: rgb(0, 0, 0); font-size: medium;\"><li data-start=\"5812\" data-end=\"6087\"><p data-start=\"5814\" data-end=\"6087\">Haur\u00e0 d\u2019identificar-se fefaentment i, en cas que hi hagi dubtes sobre la identitat del sol\u00b7licitant, se li sol\u00b7licitar\u00e0 que esmeni la petici\u00f3 (per exemple, sol\u00b7licitant m\u00e9s informaci\u00f3, com el n\u00famero de DNI, el document del DNI, el correu electr\u00f2nic que va aportar, etc.).<\/p><\/li><li data-start=\"6088\" data-end=\"6379\"><p data-start=\"6090\" data-end=\"6379\">La sol\u00b7licitud pot realitzar-la el representant, legal o voluntari, quan estigui degudament identificat i autoritzat pel titular de les dades (mitjan\u00e7ant una autoritzaci\u00f3 expressa del titular per exercir els drets personal\u00edssims regulats en la normativa de protecci\u00f3 de dades personals).<\/p><\/li><li data-start=\"6380\" data-end=\"6864\"><p data-start=\"6382\" data-end=\"6864\">Petici\u00f3 en qu\u00e8 es concreta la sol\u00b7licitud (dret\/s que es pret\u00e9n exercir). Si no fa refer\u00e8ncia a un tractament concret, se li facilitar\u00e0 resposta en relaci\u00f3 amb tots els tractaments que afecten les seves dades personals. Si sol\u00b7licita informaci\u00f3 d\u2019un tractament concret, nom\u00e9s la informaci\u00f3 d\u2019aquest. Si ho sol\u00b7licita per tel\u00e8fon, se li indicar\u00e0 que ho faci per escrit i se l\u2019informar\u00e0 de com ho pot fer i l\u2019adre\u00e7a a la qual ha d\u2019enviar-ho. Mai se li donar\u00e0 informaci\u00f3 per tel\u00e8fon.<\/p><\/li><li data-start=\"6865\" data-end=\"6924\"><p data-start=\"6867\" data-end=\"6924\">Adre\u00e7a postal o electr\u00f2nica a efectes de notificacions.<\/p><\/li><li data-start=\"6925\" data-end=\"7008\"><p data-start=\"6927\" data-end=\"7008\">Documents acreditatius de la petici\u00f3 que formula, en cas que siguin necessaris.<\/p><\/li><li data-start=\"7009\" data-end=\"7134\"><p data-start=\"7011\" data-end=\"7134\">La persona sol\u00b7licitant ha d\u2019utilitzar qualsevol mitj\u00e0 que permeti acreditar l\u2019enviament i la recepci\u00f3 de la sol\u00b7licitud.<\/p><\/li><\/ul><p data-start=\"7136\" data-end=\"7388\" style=\"color: rgb(0, 0, 0); font-size: medium;\">Finalment, l\u2019informem que t\u00e9 dret a presentar una reclamaci\u00f3 davant l\u2019Ag\u00e8ncia Espanyola de Protecci\u00f3 de Dades en cas que tingui coneixement o consideri que un fet pugui suposar un incompliment de la normativa aplicable en mat\u00e8ria de protecci\u00f3 de dades.<\/p><p data-start=\"7390\" data-end=\"7677\" style=\"color: rgb(0, 0, 0); font-size: medium;\">GABRIEL PASCUAL FONT es compromet a adoptar les mesures t\u00e8cniques i organitzatives necess\u00e0ries, d\u2019acord amb el nivell de riscos que acompanyen els tractaments realitzats i indicats en aquest mateix apartat, de manera que garanteixin la seva integritat, confidencialitat i disponibilitat.<\/p><p data-start=\"7679\" data-end=\"7726\" style=\"color: rgb(0, 0, 0); font-size: medium;\"><strong data-start=\"7679\" data-end=\"7724\">Darrera actualitzaci\u00f3: 23 de gener de 2025<\/strong><\/p>\t\t\t\t\t\t\t\t<\/div>\n\t\t\t\t<\/div>\n\t\t\t\t\t<\/div>\n\t\t<\/div>\n\t\t\t\t\t<\/div>\n\t\t<\/section>\n\t\t\t\t<\/div>\n\t\t","protected":false},"excerpt":{"rendered":"<p>POL\u00cdTICA DE PRIVACITAT DE www.immopascual.comDades del propietari del web:RA\u00d3 SOCIAL GABRIEL PASCUAL FONTNIF 78202293QDOMINI www.immopascual.comADRE\u00c7A POSTAL CABRERA, 9, 07458 CA&#8217;N PICAFORT (ILLES BALEARS)ADRE\u00c7A ELECTR\u00d2NICA info@immopascual.comTEL\u00c8FONS 971852238 Protecci\u00f3 de dades D\u2019acord amb la normativa vigent i aplicable en mat\u00e8ria de protecci\u00f3 de dades de car\u00e0cter personal, l\u2019informem que les seves dades seran incorporades al sistema de [&hellip;]<\/p>\n","protected":false},"author":1,"featured_media":0,"parent":0,"menu_order":0,"comment_status":"closed","ping_status":"closed","template":"","meta":{"_acf_changed":false,"om_disable_all_campaigns":false,"_monsterinsights_skip_tracking":false,"_monsterinsights_sitenote_active":false,"_monsterinsights_sitenote_note":"","_monsterinsights_sitenote_category":0,"_uf_show_specific_survey":0,"_uf_disable_surveys":false,"footnotes":""},"class_list":["post-18234","page","type-page","status-publish","hentry"],"acf":[],"aioseo_notices":[],"_links":{"self":[{"href":"https:\/\/immopascual.com\/ca\/wp-json\/wp\/v2\/pages\/18234","targetHints":{"allow":["GET"]}}],"collection":[{"href":"https:\/\/immopascual.com\/ca\/wp-json\/wp\/v2\/pages"}],"about":[{"href":"https:\/\/immopascual.com\/ca\/wp-json\/wp\/v2\/types\/page"}],"author":[{"embeddable":true,"href":"https:\/\/immopascual.com\/ca\/wp-json\/wp\/v2\/users\/1"}],"replies":[{"embeddable":true,"href":"https:\/\/immopascual.com\/ca\/wp-json\/wp\/v2\/comments?post=18234"}],"version-history":[{"count":12,"href":"https:\/\/immopascual.com\/ca\/wp-json\/wp\/v2\/pages\/18234\/revisions"}],"predecessor-version":[{"id":148706,"href":"https:\/\/immopascual.com\/ca\/wp-json\/wp\/v2\/pages\/18234\/revisions\/148706"}],"wp:attachment":[{"href":"https:\/\/immopascual.com\/ca\/wp-json\/wp\/v2\/media?parent=18234"}],"curies":[{"name":"wp","href":"https:\/\/api.w.org\/{rel}","templated":true}]}}