{"id":20142,"date":"2022-02-17T15:13:57","date_gmt":"2022-02-17T15:13:57","guid":{"rendered":"https:\/\/immopascual.com\/legal\/"},"modified":"2026-01-29T09:35:02","modified_gmt":"2026-01-29T09:35:02","slug":"legal","status":"publish","type":"page","link":"https:\/\/immopascual.com\/ca\/legal\/","title":{"rendered":"Av\u00eds legal"},"content":{"rendered":"\t\t<div data-elementor-type=\"wp-page\" data-elementor-id=\"20142\" class=\"elementor elementor-20142\">\n\t\t\t\t\t\t<section class=\"elementor-section elementor-top-section elementor-element elementor-element-a7ab92d elementor-section-boxed elementor-section-height-default elementor-section-height-default\" data-id=\"a7ab92d\" data-element_type=\"section\" data-e-type=\"section\">\n\t\t\t\t\t\t<div class=\"elementor-container elementor-column-gap-default\">\n\t\t\t\t\t<div class=\"elementor-column elementor-col-100 elementor-top-column elementor-element elementor-element-895e440\" data-id=\"895e440\" data-element_type=\"column\" data-e-type=\"column\">\n\t\t\t<div class=\"elementor-widget-wrap elementor-element-populated\">\n\t\t\t\t\t\t<div class=\"elementor-element elementor-element-6d83f10 elementor-alert-warning elementor-widget elementor-widget-alert\" data-id=\"6d83f10\" data-element_type=\"widget\" data-e-type=\"widget\" data-widget_type=\"alert.default\">\n\t\t\t\t<div class=\"elementor-widget-container\">\n\t\t\t\t\t\t\t<div class=\"elementor-alert\" role=\"alert\">\n\n\t\t\t\t\t\t<span class=\"elementor-alert-title\">Av\u00eds important<\/span>\n\t\t\t\n\t\t\t\t\t\t<span class=\"elementor-alert-description\">La informaci\u00f3 publicada en aquesta Web \u00e9s orientativa i \u00e9s proporcionada pel propietari de l'immoble.<\/span>\n\t\t\t\n\t\t\t\n\t\t<\/div>\n\t\t\t\t\t\t<\/div>\n\t\t\t\t<\/div>\n\t\t\t\t<div class=\"elementor-element elementor-element-42161ed elementor-widget elementor-widget-text-editor\" data-id=\"42161ed\" data-element_type=\"widget\" data-e-type=\"widget\" data-widget_type=\"text-editor.default\">\n\t\t\t\t<div class=\"elementor-widget-container\">\n\t\t\t\t\t\t\t\t\t<p data-start=\"115\" data-end=\"152\" style=\"color: rgb(0, 0, 0); font-size: medium;\"><strong data-start=\"115\" data-end=\"152\">AV\u00cdS LEGAL de <a data-start=\"131\" data-end=\"150\" rel=\"noopener\" target=\"_new\" class=\"decorated-link\" href=\"http:\/\/www.immopascual.com\">www.immopascual.com<span aria-hidden=\"true\" class=\"ms-0.5 inline-block align-middle leading-none\"><svg xmlns=\"http:\/\/www.w3.org\/2000\/svg\" width=\"20\" height=\"20\" aria-hidden=\"true\" data-rtl-flip=\"\" class=\"block h-[0.75em] w-[0.75em] stroke-current stroke-[0.75]\"><use href=\"\/cdn\/assets\/sprites-core-mr1omm3f.svg#304883\" fill=\"currentColor\"><\/use><\/svg><\/span><\/a><\/strong><\/p><p data-start=\"154\" data-end=\"469\" style=\"color: rgb(0, 0, 0); font-size: medium;\"><strong data-start=\"154\" data-end=\"169\">Introducci\u00f3<\/strong><br data-start=\"169\" data-end=\"172\">En compliment de la Llei 34\/2002, d\u201911 de juliol, de Serveis de la Societat de la Informaci\u00f3 i de Comer\u00e7 Electr\u00f2nic (LSSI-CE), GABRIEL PASCUAL FONT informa que \u00e9s titular del lloc web. D\u2019acord amb l\u2019exig\u00e8ncia de l\u2019article 10 de l\u2019esmentada Llei, GABRIEL PASCUAL FONT informa de les dades seg\u00fcents:<\/p><p data-start=\"471\" data-end=\"706\" style=\"color: rgb(0, 0, 0); font-size: medium;\"><strong data-start=\"471\" data-end=\"486\">RA\u00d3 SOCIAL:<\/strong> GABRIEL PASCUAL FONT<br data-start=\"507\" data-end=\"510\"><strong data-start=\"510\" data-end=\"518\">NIF:<\/strong> 78202293Q<br data-start=\"528\" data-end=\"531\"><strong data-start=\"531\" data-end=\"542\">DOMINI:<\/strong> <a data-start=\"543\" data-end=\"562\" rel=\"noopener\" target=\"_new\" class=\"decorated-link\" href=\"http:\/\/www.immopascual.com\">www.immopascual.com<span aria-hidden=\"true\" class=\"ms-0.5 inline-block align-middle leading-none\"><svg xmlns=\"http:\/\/www.w3.org\/2000\/svg\" width=\"20\" height=\"20\" aria-hidden=\"true\" data-rtl-flip=\"\" class=\"block h-[0.75em] w-[0.75em] stroke-current stroke-[0.75]\"><use href=\"\/cdn\/assets\/sprites-core-mr1omm3f.svg#304883\" fill=\"currentColor\"><\/use><\/svg><\/span><\/a><br data-start=\"562\" data-end=\"565\"><strong data-start=\"565\" data-end=\"583\">ADRE\u00c7A POSTAL:<\/strong> CABRERA, 9, 07458 CA\u2019N PICAFORT (ILLES BALEARS)<br data-start=\"631\" data-end=\"634\"><strong data-start=\"634\" data-end=\"657\">ADRE\u00c7A ELECTR\u00d2NICA:<\/strong> <a data-start=\"658\" data-end=\"678\" class=\"decorated-link cursor-pointer\" rel=\"noopener\">info@immopascual.com<span aria-hidden=\"true\" class=\"ms-0.5 inline-block align-middle leading-none\"><svg xmlns=\"http:\/\/www.w3.org\/2000\/svg\" width=\"20\" height=\"20\" aria-hidden=\"true\" data-rtl-flip=\"\" class=\"block h-[0.75em] w-[0.75em] stroke-current stroke-[0.75]\"><use href=\"\/cdn\/assets\/sprites-core-mr1omm3f.svg#304883\" fill=\"currentColor\"><\/use><\/svg><\/span><\/a><br data-start=\"678\" data-end=\"681\"><strong data-start=\"681\" data-end=\"694\">TEL\u00c8FONS:<\/strong> 971852238<\/p><p data-start=\"708\" data-end=\"1051\" style=\"color: rgb(0, 0, 0); font-size: medium;\"><strong data-start=\"708\" data-end=\"746\">Usuari i r\u00e8gim de responsabilitats<\/strong><br data-start=\"746\" data-end=\"749\">La navegaci\u00f3, l\u2019acc\u00e9s i l\u2019\u00fas del lloc web de GABRIEL PASCUAL FONT confereix la condici\u00f3 d\u2019usuari. El lloc web de GABRIEL PASCUAL FONT proporciona una gran diversitat d\u2019informaci\u00f3, serveis i dades. L\u2019usuari assumeix la responsabilitat de l\u2019\u00fas correcte del lloc web. Aquesta responsabilitat s\u2019estendr\u00e0 a:<\/p><ul data-start=\"1053\" data-end=\"1549\" style=\"color: rgb(0, 0, 0); font-size: medium;\"><li data-start=\"1053\" data-end=\"1241\"><p data-start=\"1055\" data-end=\"1241\">La veracitat i licitud de les informacions aportades per l\u2019usuari en els formularis facilitats per GABRIEL PASCUAL FONT per a l\u2019acc\u00e9s a determinats continguts o serveis oferts pel web.<\/p><\/li><li data-start=\"1242\" data-end=\"1549\"><p data-start=\"1244\" data-end=\"1549\">L\u2019\u00fas de la informaci\u00f3, serveis i dades oferts per GABRIEL PASCUAL FONT de manera contr\u00e0ria al que disposen les presents condicions, la Llei, la moral, les bones costums o l\u2019ordre p\u00fablic, o que de qualsevol altra manera puguin suposar una lesi\u00f3 dels drets de tercers o del mateix funcionament del lloc web.<\/p><\/li><\/ul><p data-start=\"1551\" data-end=\"2054\" style=\"color: rgb(0, 0, 0); font-size: medium;\"><strong data-start=\"1551\" data-end=\"1606\">Pol\u00edtica d\u2019enlla\u00e7os i exempcions de responsabilitat<\/strong><br data-start=\"1606\" data-end=\"1609\">GABRIEL PASCUAL FONT no es fa responsable del contingut dels llocs web als quals l\u2019usuari pugui accedir a trav\u00e9s dels enlla\u00e7os establerts en el seu lloc web, sempre que no tingui coneixement efectiu que l\u2019activitat o la informaci\u00f3 a la qual remet o recomana \u00e9s il\u00b7l\u00edcita o que lesiona b\u00e9ns o drets d\u2019un tercer susceptibles d\u2019indemnitzaci\u00f3, o, en cas de tenir-ne coneixement, actu\u00ef amb dilig\u00e8ncia per suprimir o inutilitzar l\u2019enlla\u00e7 corresponent.<\/p><p data-start=\"2056\" data-end=\"2584\" style=\"color: rgb(0, 0, 0); font-size: medium;\">S\u2019entendr\u00e0 que GABRIEL PASCUAL FONT t\u00e9 el coneixement efectiu a qu\u00e8 es refereix el par\u00e0graf anterior quan un \u00f2rgan competent hagi declarat la il\u00b7licitud de les dades, ordenat la seva retirada o que se n\u2019impossibiliti l\u2019acc\u00e9s, o s\u2019hagi declarat l\u2019exist\u00e8ncia de la lesi\u00f3, i GABRIEL PASCUAL FONT conegu\u00e9s la corresponent resoluci\u00f3, sense perjudici dels procediments de detecci\u00f3 i retirada de continguts que GABRIEL PASCUAL FONT apliqui en virtut d\u2019acords voluntaris i d\u2019altres mitjans de coneixement efectiu que es puguin establir.<\/p><p data-start=\"2586\" data-end=\"3100\" style=\"color: rgb(0, 0, 0); font-size: medium;\">GABRIEL PASCUAL FONT declara haver adoptat totes les mesures necess\u00e0ries per evitar qualsevol dany als usuaris del seu lloc web que pogu\u00e9s derivar-se de la navegaci\u00f3 pel mateix. En conseq\u00fc\u00e8ncia, GABRIEL PASCUAL FONT no es fa responsable, en cap cas, dels eventuals danys que per la navegaci\u00f3 per Internet pugui patir l\u2019usuari. Aix\u00ed mateix, tampoc garantir\u00e0 la disponibilitat t\u00e8cnica, exactitud, veracitat, validesa o legalitat de llocs aliens a la seva propietat als quals es pugui accedir per mitj\u00e0 dels enlla\u00e7os.<\/p><p data-start=\"3102\" data-end=\"3549\" style=\"color: rgb(0, 0, 0); font-size: medium;\"><strong data-start=\"3102\" data-end=\"3119\">Modificacions<\/strong><br data-start=\"3119\" data-end=\"3122\">GABRIEL PASCUAL FONT es reserva la facultat d\u2019efectuar, en qualsevol moment i sense necessitat d\u2019av\u00eds previ, modificacions i actualitzacions de la informaci\u00f3 continguda en el seu lloc web o en la configuraci\u00f3 i presentaci\u00f3 d\u2019aquest. Amb l\u2019objectiu de mantenir actualitzada la informaci\u00f3 publicada, els continguts podran ser modificats, corregits, eliminats o afegits en qualsevol moment, per qualsevol forma admissible en dret.<\/p><p data-start=\"3551\" data-end=\"3912\" style=\"color: rgb(0, 0, 0); font-size: medium;\"><strong data-start=\"3551\" data-end=\"3573\">Indicaci\u00f3 de preus<\/strong><br data-start=\"3573\" data-end=\"3576\">En cas que es mostrin preus de productes i\/o serveis, els indicats en pantalla seran els vigents en cada moment. Els preus s\u2019indicaran en euros i tindran incorporat l\u2019Impost sobre el Valor Afegit (IVA). En cas que no s\u2019incorpori l\u2019IVA en el preu, s\u2019indicar\u00e0 de manera expressa i es permetr\u00e0 a l\u2019usuari visualitzar el preu final complet.<\/p><p data-start=\"3914\" data-end=\"4153\" style=\"color: rgb(0, 0, 0); font-size: medium;\">Aix\u00ed mateix, si fos aplicable qualsevol altre impost, tamb\u00e9 s\u2019indicaria, incloent-hi, si escau, l\u2019import dels increments o descomptes que siguin aplicables a l\u2019oferta i les despeses addicionals que puguin repercutir al consumidor o usuari.<\/p><p data-start=\"4155\" data-end=\"4927\" style=\"color: rgb(0, 0, 0); font-size: medium;\"><strong data-start=\"4155\" data-end=\"4195\">Propietat intel\u00b7lectual i industrial<\/strong><br data-start=\"4195\" data-end=\"4198\">GABRIEL PASCUAL FONT, per si mateixa o com a cession\u00e0ria, \u00e9s titular de tots els drets de propietat intel\u00b7lectual i industrial del seu lloc web, aix\u00ed com dels elements continguts en aquest (a t\u00edtol enunciatiu, imatges, so, \u00e0udio, v\u00eddeo, programari o textos; marques o logotips, combinacions de colors, estructura i disseny, selecci\u00f3 de materials utilitzats, programes d\u2019ordinador necessaris per al seu funcionament, acc\u00e9s i \u00fas, etc.), titularitat de GABRIEL PASCUAL FONT. Seran, per tant, obres protegides com a propietat intel\u00b7lectual per l\u2019ordenament jur\u00eddic espanyol, i els seran aplicables tant la normativa espanyola i comunit\u00e0ria en aquest camp com els tractats internacionals relatius a la mat\u00e8ria i subscrits per Espanya.<\/p><p data-start=\"4929\" data-end=\"5338\" style=\"color: rgb(0, 0, 0); font-size: medium;\">Tots els drets reservats. En virtut del que disposa la Llei de Propietat Intel\u00b7lectual, queden expressament prohibides la reproducci\u00f3, la distribuci\u00f3 i la comunicaci\u00f3 p\u00fablica, inclosa la seva modalitat de posada a disposici\u00f3, de la totalitat o part dels continguts d\u2019aquesta p\u00e0gina web, amb finalitats comercials, en qualsevol suport i per qualsevol mitj\u00e0 t\u00e8cnic, sense l\u2019autoritzaci\u00f3 de GABRIEL PASCUAL FONT.<\/p><p data-start=\"5340\" data-end=\"5886\" style=\"color: rgb(0, 0, 0); font-size: medium;\">L\u2019usuari es compromet a respectar els drets de Propietat Intel\u00b7lectual i Industrial titularitat de GABRIEL PASCUAL FONT. Podr\u00e0 visualitzar els elements del portal i fins i tot imprimir-los, copiar-los i emmagatzemar-los al disc dur del seu ordinador o en qualsevol altre suport f\u00edsic sempre que sigui, \u00fanica i exclusivament, per al seu \u00fas personal i privat. L\u2019usuari s\u2019haur\u00e0 d\u2019abstenir de suprimir, alterar, eludir o manipular qualsevol dispositiu de protecci\u00f3 o sistema de seguretat que estigu\u00e9s instal\u00b7lat a les p\u00e0gines de GABRIEL PASCUAL FONT.<\/p><p data-start=\"5888\" data-end=\"6178\" style=\"color: rgb(0, 0, 0); font-size: medium;\"><strong data-start=\"5888\" data-end=\"5942\">Accions legals, legislaci\u00f3 aplicable i jurisdicci\u00f3<\/strong><br data-start=\"5942\" data-end=\"5945\">Si l\u2019usuari desitja presentar una reclamaci\u00f3, haur\u00e0 de contactar mitjan\u00e7ant el correu electr\u00f2nic <a data-start=\"6042\" data-end=\"6062\" class=\"decorated-link cursor-pointer\" rel=\"noopener\">info@immopascual.com<span aria-hidden=\"true\" class=\"ms-0.5 inline-block align-middle leading-none\"><svg xmlns=\"http:\/\/www.w3.org\/2000\/svg\" width=\"20\" height=\"20\" aria-hidden=\"true\" data-rtl-flip=\"\" class=\"block h-[0.75em] w-[0.75em] stroke-current stroke-[0.75]\"><use href=\"\/cdn\/assets\/sprites-core-mr1omm3f.svg#304883\" fill=\"currentColor\"><\/use><\/svg><\/span><\/a>. Aix\u00ed mateix, GABRIEL PASCUAL FONT disposa de fulls oficials de reclamaci\u00f3 a disposici\u00f3 dels consumidors i usuaris.<\/p><p data-start=\"6180\" data-end=\"6396\" style=\"color: rgb(0, 0, 0); font-size: medium;\">GABRIEL PASCUAL FONT es reserva la facultat de presentar les accions civils o penals que consideri oportunes per la utilitzaci\u00f3 indeguda del seu lloc web i continguts, o per l\u2019incompliment de les presents condicions.<\/p><p data-start=\"6398\" data-end=\"6717\" style=\"color: rgb(0, 0, 0); font-size: medium;\">La relaci\u00f3 entre l\u2019usuari i el prestador es regir\u00e0 per la normativa vigent i d\u2019aplicaci\u00f3 en el territori espanyol. En cas de sorgir qualsevol controv\u00e8rsia, les parts podran sotmetre els seus conflictes a arbitratge o acudir a la jurisdicci\u00f3 ordin\u00e0ria complint amb les normes sobre jurisdicci\u00f3 i compet\u00e8ncia al respecte.<\/p><p data-start=\"6719\" data-end=\"6766\" style=\"color: rgb(0, 0, 0); font-size: medium;\"><strong data-start=\"6719\" data-end=\"6744\">\u00daltima actualitzaci\u00f3:<\/strong> 23 de gener de 2025<\/p>\t\t\t\t\t\t\t\t<\/div>\n\t\t\t\t<\/div>\n\t\t\t\t\t<\/div>\n\t\t<\/div>\n\t\t\t\t\t<\/div>\n\t\t<\/section>\n\t\t\t\t<\/div>\n\t\t","protected":false},"excerpt":{"rendered":"<p>Av\u00eds important La informaci\u00f3 publicada en aquesta Web \u00e9s orientativa i \u00e9s proporcionada pel propietari de l&#8217;immoble. AV\u00cdS LEGAL de www.immopascual.com Introducci\u00f3En compliment de la Llei 34\/2002, d\u201911 de juliol, de Serveis de la Societat de la Informaci\u00f3 i de Comer\u00e7 Electr\u00f2nic (LSSI-CE), GABRIEL PASCUAL FONT informa que \u00e9s titular del lloc web. D\u2019acord amb [&hellip;]<\/p>\n","protected":false},"author":1,"featured_media":0,"parent":0,"menu_order":0,"comment_status":"closed","ping_status":"closed","template":"","meta":{"_acf_changed":false,"om_disable_all_campaigns":false,"_monsterinsights_skip_tracking":false,"_monsterinsights_sitenote_active":false,"_monsterinsights_sitenote_note":"","_monsterinsights_sitenote_category":0,"_uf_show_specific_survey":0,"_uf_disable_surveys":false,"footnotes":""},"class_list":["post-20142","page","type-page","status-publish","hentry"],"acf":[],"aioseo_notices":[],"_links":{"self":[{"href":"https:\/\/immopascual.com\/ca\/wp-json\/wp\/v2\/pages\/20142","targetHints":{"allow":["GET"]}}],"collection":[{"href":"https:\/\/immopascual.com\/ca\/wp-json\/wp\/v2\/pages"}],"about":[{"href":"https:\/\/immopascual.com\/ca\/wp-json\/wp\/v2\/types\/page"}],"author":[{"embeddable":true,"href":"https:\/\/immopascual.com\/ca\/wp-json\/wp\/v2\/users\/1"}],"replies":[{"embeddable":true,"href":"https:\/\/immopascual.com\/ca\/wp-json\/wp\/v2\/comments?post=20142"}],"version-history":[{"count":10,"href":"https:\/\/immopascual.com\/ca\/wp-json\/wp\/v2\/pages\/20142\/revisions"}],"predecessor-version":[{"id":148724,"href":"https:\/\/immopascual.com\/ca\/wp-json\/wp\/v2\/pages\/20142\/revisions\/148724"}],"wp:attachment":[{"href":"https:\/\/immopascual.com\/ca\/wp-json\/wp\/v2\/media?parent=20142"}],"curies":[{"name":"wp","href":"https:\/\/api.w.org\/{rel}","templated":true}]}}