{"id":20167,"date":"2022-02-15T09:24:58","date_gmt":"2022-02-15T09:24:58","guid":{"rendered":"https:\/\/immopascual.com\/vender\/"},"modified":"2022-02-21T09:06:14","modified_gmt":"2022-02-21T09:06:14","slug":"vendre","status":"publish","type":"page","link":"https:\/\/immopascual.com\/ca\/vendre\/","title":{"rendered":"Vendre"},"content":{"rendered":"\t\t<div data-elementor-type=\"wp-page\" data-elementor-id=\"20167\" class=\"elementor elementor-20167\">\n\t\t\t\t\t\t<section class=\"elementor-section elementor-top-section elementor-element elementor-element-d0b10fa elementor-section-boxed elementor-section-height-default elementor-section-height-default\" data-id=\"d0b10fa\" data-element_type=\"section\" data-e-type=\"section\">\n\t\t\t\t\t\t<div class=\"elementor-container elementor-column-gap-default\">\n\t\t\t\t\t<div class=\"elementor-column elementor-col-100 elementor-top-column elementor-element elementor-element-78c8568\" data-id=\"78c8568\" data-element_type=\"column\" data-e-type=\"column\">\n\t\t\t<div class=\"elementor-widget-wrap elementor-element-populated\">\n\t\t\t\t\t\t<div class=\"elementor-element elementor-element-63dba8c elementor-widget elementor-widget-text-editor\" data-id=\"63dba8c\" data-element_type=\"widget\" data-e-type=\"widget\" data-widget_type=\"text-editor.default\">\n\t\t\t\t<div class=\"elementor-widget-container\">\n\t\t\t\t\t\t\t\t\t<h5 class=\"yellow\">Si desitja publicar la seva propietat en el nostre portal, pot fer-lo directament en l\u00ednia. Si us plau empleni correctament el seg\u00fcent formulari i segueixi els passos.<\/h5><p class=\"grey2\">Empleni correctament el seg\u00fcent formulari.<br \/>Revisi tots els camps perqu\u00e8 la seva propietat es publiqui al m\u00e9s aviat possible.<\/p>\t\t\t\t\t\t\t\t<\/div>\n\t\t\t\t<\/div>\n\t\t\t\t\t<\/div>\n\t\t<\/div>\n\t\t\t\t\t<\/div>\n\t\t<\/section>\n\t\t\t\t<section class=\"elementor-section elementor-top-section elementor-element elementor-element-19d4795 elementor-section-boxed elementor-section-height-default elementor-section-height-default\" data-id=\"19d4795\" data-element_type=\"section\" data-e-type=\"section\">\n\t\t\t\t\t\t<div class=\"elementor-container elementor-column-gap-default\">\n\t\t\t\t\t<div class=\"elementor-column elementor-col-100 elementor-top-column elementor-element elementor-element-bfcf2d9\" data-id=\"bfcf2d9\" data-element_type=\"column\" data-e-type=\"column\">\n\t\t\t<div class=\"elementor-widget-wrap elementor-element-populated\">\n\t\t\t\t\t\t<div class=\"elementor-element elementor-element-437566f elementor-widget elementor-widget-wpforms\" data-id=\"437566f\" data-element_type=\"widget\" data-e-type=\"widget\" data-widget_type=\"wpforms.default\">\n\t\t\t\t<div class=\"elementor-widget-container\">\n\t\t\t\t\t<div class=\"wpforms-container wpforms-container-full\" id=\"wpforms-20173\"><form id=\"wpforms-form-20173\" class=\"wpforms-validate wpforms-form wpforms-ajax-form\" data-formid=\"20173\" method=\"post\" enctype=\"multipart\/form-data\" action=\"\/ca\/wp-json\/wp\/v2\/pages\/20167\" data-token=\"766bbe7c9b4e583555edfcc450024b40\" data-token-time=\"1775822250\"><noscript class=\"wpforms-error-noscript\">Please enable JavaScript in your browser to complete this form.<\/noscript><div class=\"wpforms-field-container\"><div id=\"wpforms-20173-field_0-container\" class=\"wpforms-field wpforms-field-name\" data-field-id=\"0\"><label class=\"wpforms-field-label\" for=\"wpforms-20173-field_0\">El vostre nom <span class=\"wpforms-required-label\">*<\/span><\/label><input type=\"text\" id=\"wpforms-20173-field_0\" class=\"wpforms-field-large wpforms-field-required\" name=\"wpforms[fields][0]\" required><\/div><div id=\"wpforms-20173-field_1-container\" class=\"wpforms-field wpforms-field-email wpforms-one-half wpforms-first\" data-field-id=\"1\"><label class=\"wpforms-field-label\" for=\"wpforms-20173-field_1\">Email <span class=\"wpforms-required-label\">*<\/span><\/label><input type=\"email\" id=\"wpforms-20173-field_1\" class=\"wpforms-field-large wpforms-field-required\" name=\"wpforms[fields][1]\" spellcheck=\"false\" required><\/div><div id=\"wpforms-20173-field_4-container\" class=\"wpforms-field wpforms-field-text wpforms-one-half\" data-field-id=\"4\"><label class=\"wpforms-field-label\" for=\"wpforms-20173-field_4\">Tel\u00e8fon <span class=\"wpforms-required-label\">*<\/span><\/label><input type=\"text\" id=\"wpforms-20173-field_4\" class=\"wpforms-field-large wpforms-field-required\" name=\"wpforms[fields][4]\" required><\/div><div id=\"wpforms-20173-field_7-container\" class=\"wpforms-field wpforms-field-text wpforms-one-half wpforms-first\" data-field-id=\"7\"><label class=\"wpforms-field-label\" for=\"wpforms-20173-field_7\">Poblaci\u00f3<\/label><input type=\"text\" id=\"wpforms-20173-field_7\" class=\"wpforms-field-large\" name=\"wpforms[fields][7]\" ><\/div><div id=\"wpforms-20173-field_5-container\" class=\"wpforms-field wpforms-field-text wpforms-one-half\" data-field-id=\"5\"><label class=\"wpforms-field-label\" for=\"wpforms-20173-field_5\">Pa\u00eds<\/label><input type=\"text\" id=\"wpforms-20173-field_5\" class=\"wpforms-field-large\" name=\"wpforms[fields][5]\" ><\/div><div id=\"wpforms-20173-field_2-container\" class=\"wpforms-field wpforms-field-textarea wpforms-one-half wpforms-first\" data-field-id=\"2\"><label class=\"wpforms-field-label\" for=\"wpforms-20173-field_2\">Comentari<\/label><textarea id=\"wpforms-20173-field_2\" class=\"wpforms-field-small\" name=\"wpforms[fields][2]\" ><\/textarea><\/div><div id=\"wpforms-20173-field_6-container\" class=\"wpforms-field wpforms-field-textarea wpforms-one-half\" data-field-id=\"6\"><label class=\"wpforms-field-label\" for=\"wpforms-20173-field_6\">Com ens has conegut?<\/label><textarea id=\"wpforms-20173-field_6\" class=\"wpforms-field-small\" name=\"wpforms[fields][6]\" ><\/textarea><\/div><div id=\"wpforms-20173-field_9-container\" class=\"wpforms-field wpforms-field-text wpforms-one-half wpforms-first\" data-field-id=\"9\"><label class=\"wpforms-field-label\" for=\"wpforms-20173-field_9\">Poblaci\u00f3 <span class=\"wpforms-required-label\">*<\/span><\/label><input type=\"text\" id=\"wpforms-20173-field_9\" class=\"wpforms-field-large wpforms-field-required\" name=\"wpforms[fields][9]\" required><\/div><div id=\"wpforms-20173-field_10-container\" class=\"wpforms-field wpforms-field-text wpforms-one-half\" data-field-id=\"10\"><label class=\"wpforms-field-label\" for=\"wpforms-20173-field_10\">Preu <span class=\"wpforms-required-label\">*<\/span><\/label><input type=\"text\" id=\"wpforms-20173-field_10\" class=\"wpforms-field-large wpforms-field-required\" name=\"wpforms[fields][10]\" placeholder=\"250000\" required><\/div><div id=\"wpforms-20173-field_11-container\" class=\"wpforms-field wpforms-field-select wpforms-one-half wpforms-first wpforms-field-select-style-classic\" data-field-id=\"11\"><label class=\"wpforms-field-label\" for=\"wpforms-20173-field_11\">R\u00e8gim <span class=\"wpforms-required-label\">*<\/span><\/label><select id=\"wpforms-20173-field_11\" class=\"wpforms-field-large wpforms-field-required\" name=\"wpforms[fields][11]\" required=\"required\"><option value=\"Venda\"  class=\"choice-1 depth-1\"  >Venda<\/option><option value=\"Lloguer\"  class=\"choice-2 depth-1\"  >Lloguer<\/option><option value=\"Lloguer vacacional\"  class=\"choice-3 depth-1\"  >Lloguer vacacional<\/option><option value=\"Promoci\u00f3\"  class=\"choice-4 depth-1\"  >Promoci\u00f3<\/option><\/select><\/div><div id=\"wpforms-20173-field_12-container\" class=\"wpforms-field wpforms-field-select wpforms-one-half wpforms-field-select-style-classic\" data-field-id=\"12\"><label class=\"wpforms-field-label\" for=\"wpforms-20173-field_12\">Tipus propiedad <span class=\"wpforms-required-label\">*<\/span><\/label><select id=\"wpforms-20173-field_12\" class=\"wpforms-field-large wpforms-field-required\" name=\"wpforms[fields][12]\" required=\"required\"><option value=\"Apartament \/ pis\"  class=\"choice-1 depth-1\"  >Apartament \/ pis<\/option><option value=\"Casa \/ chalet\"  class=\"choice-2 depth-1\"  >Casa \/ chalet<\/option><option value=\"Edifici\"  class=\"choice-3 depth-1\"  >Edifici<\/option><option value=\"Finca amb edificaci\u00f3\"  class=\"choice-4 depth-1\"  >Finca amb edificaci\u00f3<\/option><option value=\"Local comercial\"  class=\"choice-5 depth-1\"  >Local comercial<\/option><option value=\"Solar urb\u00e0 \/ terreny r\u00fastic\"  class=\"choice-6 depth-1\"  >Solar urb\u00e0 \/ terreny r\u00fastic<\/option><\/select><\/div><div id=\"wpforms-20173-field_13-container\" class=\"wpforms-field wpforms-field-text\" data-field-id=\"13\"><label class=\"wpforms-field-label\" for=\"wpforms-20173-field_13\">Nom <span class=\"wpforms-required-label\">*<\/span><\/label><input type=\"text\" id=\"wpforms-20173-field_13\" class=\"wpforms-field-large wpforms-field-required\" name=\"wpforms[fields][13]\" placeholder=\"Venta \u00e1tico en Alc\u00fadia\" required><\/div><div id=\"wpforms-20173-field_14-container\" class=\"wpforms-field wpforms-field-text wpforms-one-half wpforms-first\" data-field-id=\"14\"><label class=\"wpforms-field-label\" for=\"wpforms-20173-field_14\">Superf\u00edcie habitable m2<\/label><input type=\"text\" id=\"wpforms-20173-field_14\" class=\"wpforms-field-large\" name=\"wpforms[fields][14]\" ><\/div><div id=\"wpforms-20173-field_15-container\" class=\"wpforms-field wpforms-field-text wpforms-one-half\" data-field-id=\"15\"><label class=\"wpforms-field-label\" for=\"wpforms-20173-field_15\">Superf\u00edcie terreny m2<\/label><input type=\"text\" id=\"wpforms-20173-field_15\" class=\"wpforms-field-large\" name=\"wpforms[fields][15]\" ><\/div><div id=\"wpforms-20173-field_16-container\" class=\"wpforms-field wpforms-field-text wpforms-one-half wpforms-first\" data-field-id=\"16\"><label class=\"wpforms-field-label\" for=\"wpforms-20173-field_16\">Habitacions<\/label><input type=\"text\" id=\"wpforms-20173-field_16\" class=\"wpforms-field-large\" name=\"wpforms[fields][16]\" ><\/div><div id=\"wpforms-20173-field_17-container\" class=\"wpforms-field wpforms-field-text wpforms-one-half\" data-field-id=\"17\"><label class=\"wpforms-field-label\" for=\"wpforms-20173-field_17\">Banys<\/label><input type=\"text\" id=\"wpforms-20173-field_17\" class=\"wpforms-field-large\" name=\"wpforms[fields][17]\" ><\/div><div id=\"wpforms-20173-field_18-container\" class=\"wpforms-field wpforms-field-textarea\" data-field-id=\"18\"><label class=\"wpforms-field-label\" for=\"wpforms-20173-field_18\">Altra informaci\u00f3 de la propietat: detalls, qualitats... <span class=\"wpforms-required-label\">*<\/span><\/label><textarea id=\"wpforms-20173-field_18\" class=\"wpforms-field-small wpforms-field-required\" name=\"wpforms[fields][18]\" required><\/textarea><\/div><div id=\"wpforms-20173-field_19-container\" class=\"wpforms-field wpforms-field-checkbox\" data-field-id=\"19\"><label class=\"wpforms-field-label\">Pol\u00edtica de privacitat <span class=\"wpforms-required-label\">*<\/span><\/label><ul id=\"wpforms-20173-field_19\" class=\"wpforms-field-required\"><li class=\"choice-1 depth-1\"><input type=\"checkbox\" id=\"wpforms-20173-field_19_1\" name=\"wpforms[fields][19][]\" value=\"Accepto la pol\u00edtica de privacitat\" required ><label class=\"wpforms-field-label-inline\" for=\"wpforms-20173-field_19_1\">Accepto la pol\u00edtica de privacitat<\/label><\/li><\/ul><div class=\"wpforms-field-description\">De conformitat amb el que s'estableix en la normativa vigent en Protecci\u00f3 de Dades de Car\u00e0cter Personal, l'informem que les seves dades seran incorporades al sistema de tractament titularitat de GABRIEL PASCUAL FONT amb CIF 78202293Q i domicili social situat en COSTA I LLOBERA 18 07570, ARTA (ILLES BALEARS), amb la finalitat d'atendre les seves consultes i remetre-li informaci\u00f3 relacionada que pugui ser del seu inter\u00e8s. En compliment amb la normativa vigent, GABRIEL PASCUAL FONT informa que les dades seran conservades durant el termini estrictament necessari per a complir amb els preceptes esmentats amb anterioritat. Mentre no ens comuniqui el contrari, entendrem que les seves dades no han estat modificats, que vost\u00e8 es compromet a notificar-nos qualsevol variaci\u00f3 i que tenim el seu consentiment per a utilitzar-los per a les finalitats esmentades. GABRIEL PASCUAL FONT informa que procedir\u00e0 a tractar les dades de manera l\u00edcita, lleial, transparent, adequada, pertinent, limitada, exacta i actualitzada. \u00c9s per aix\u00f2 que GABRIEL PASCUAL FONT es compromet a adoptar totes les mesures raonables perqu\u00e8 aquests se suprimeixin o rectifiquin sense dilaci\u00f3 quan siguin inexactes. D'acord amb els drets que li confereix el la normativa vigent en protecci\u00f3 de dades podr\u00e0 exercir els drets d'acc\u00e9s, rectificaci\u00f3, limitaci\u00f3 de tractament, supressi\u00f3, portabilitat i oposici\u00f3 al tractament de les seves dades de car\u00e0cter personal aix\u00ed com del consentiment prestat per al tractament d'aquests, dirigint la seva petici\u00f3 a l'adre\u00e7a postal indicada m\u00e9s amunt o al correu electr\u00f2nic info@immopascual.com<\/div><\/div><\/div><!-- .wpforms-field-container --><div class=\"wpforms-submit-container\" ><input type=\"hidden\" name=\"wpforms[id]\" value=\"20173\"><input type=\"hidden\" name=\"page_title\" value=\"\"><input type=\"hidden\" name=\"page_url\" value=\"https:\/\/immopascual.com\/ca\/wp-json\/wp\/v2\/pages\/20167\"><input type=\"hidden\" name=\"url_referer\" value=\"\"><button type=\"submit\" name=\"wpforms[submit]\" id=\"wpforms-submit-20173\" class=\"wpforms-submit\" data-alt-text=\"Enviant...\" data-submit-text=\"Enviar\" aria-live=\"assertive\" value=\"wpforms-submit\">Enviar<\/button><img decoding=\"async\" src=\"https:\/\/immopascual.com\/wp-content\/plugins\/wpforms-lite\/assets\/images\/submit-spin.svg\" class=\"wpforms-submit-spinner\" style=\"display: none;\" width=\"26\" height=\"26\" alt=\"Loading\"><\/div><\/form><\/div>  <!-- .wpforms-container -->\t\t\t\t<\/div>\n\t\t\t\t<\/div>\n\t\t\t\t\t<\/div>\n\t\t<\/div>\n\t\t\t\t\t<\/div>\n\t\t<\/section>\n\t\t\t\t<\/div>\n\t\t","protected":false},"excerpt":{"rendered":"<p>Si desitja publicar la seva propietat en el nostre portal, pot fer-lo directament en l\u00ednia. Si us plau empleni correctament el seg\u00fcent formulari i segueixi els passos. Empleni correctament el seg\u00fcent formulari.Revisi tots els camps perqu\u00e8 la seva propietat es publiqui al m\u00e9s aviat possible.<\/p>\n","protected":false},"author":1,"featured_media":0,"parent":0,"menu_order":0,"comment_status":"closed","ping_status":"closed","template":"","meta":{"_acf_changed":false,"om_disable_all_campaigns":false,"_monsterinsights_skip_tracking":false,"_monsterinsights_sitenote_active":false,"_monsterinsights_sitenote_note":"","_monsterinsights_sitenote_category":0,"_uf_show_specific_survey":0,"_uf_disable_surveys":false,"footnotes":""},"class_list":["post-20167","page","type-page","status-publish","hentry"],"acf":[],"aioseo_notices":[],"_links":{"self":[{"href":"https:\/\/immopascual.com\/ca\/wp-json\/wp\/v2\/pages\/20167","targetHints":{"allow":["GET"]}}],"collection":[{"href":"https:\/\/immopascual.com\/ca\/wp-json\/wp\/v2\/pages"}],"about":[{"href":"https:\/\/immopascual.com\/ca\/wp-json\/wp\/v2\/types\/page"}],"author":[{"embeddable":true,"href":"https:\/\/immopascual.com\/ca\/wp-json\/wp\/v2\/users\/1"}],"replies":[{"embeddable":true,"href":"https:\/\/immopascual.com\/ca\/wp-json\/wp\/v2\/comments?post=20167"}],"version-history":[{"count":8,"href":"https:\/\/immopascual.com\/ca\/wp-json\/wp\/v2\/pages\/20167\/revisions"}],"predecessor-version":[{"id":20176,"href":"https:\/\/immopascual.com\/ca\/wp-json\/wp\/v2\/pages\/20167\/revisions\/20176"}],"wp:attachment":[{"href":"https:\/\/immopascual.com\/ca\/wp-json\/wp\/v2\/media?parent=20167"}],"curies":[{"name":"wp","href":"https:\/\/api.w.org\/{rel}","templated":true}]}}