{"id":31010,"date":"2022-03-12T11:13:17","date_gmt":"2022-03-12T11:13:17","guid":{"rendered":"https:\/\/immopascual.com\/new\/?page_id=31010"},"modified":"2022-03-12T11:26:20","modified_gmt":"2022-03-12T11:26:20","slug":"restaurants","status":"publish","type":"page","link":"https:\/\/immopascual.com\/ca\/restaurants\/","title":{"rendered":"Restaurants"},"content":{"rendered":"\t\t<div data-elementor-type=\"wp-page\" data-elementor-id=\"31010\" class=\"elementor elementor-31010\">\n\t\t\t\t\t\t<section class=\"elementor-section elementor-top-section elementor-element elementor-element-1058614 elementor-section-boxed elementor-section-height-default elementor-section-height-default\" data-id=\"1058614\" data-element_type=\"section\" data-e-type=\"section\">\n\t\t\t\t\t\t<div class=\"elementor-container elementor-column-gap-default\">\n\t\t\t\t\t<div class=\"elementor-column elementor-col-100 elementor-top-column elementor-element elementor-element-1feba59\" data-id=\"1feba59\" data-element_type=\"column\" data-e-type=\"column\">\n\t\t\t<div class=\"elementor-widget-wrap elementor-element-populated\">\n\t\t\t\t\t\t<div class=\"elementor-element elementor-element-29b69c4 elementor-widget elementor-widget-text-editor\" data-id=\"29b69c4\" data-element_type=\"widget\" data-e-type=\"widget\" data-widget_type=\"text-editor.default\">\n\t\t\t\t<div class=\"elementor-widget-container\">\n\t\t\t\t\t\t\t\t\t<h4>Restaurants recomanats per Pascual\u00a0Associats<\/h4>\t\t\t\t\t\t\t\t<\/div>\n\t\t\t\t<\/div>\n\t\t\t\t<div class=\"elementor-element elementor-element-3e7a899 elementor-widget elementor-widget-image\" data-id=\"3e7a899\" data-element_type=\"widget\" data-e-type=\"widget\" data-widget_type=\"image.default\">\n\t\t\t\t<div class=\"elementor-widget-container\">\n\t\t\t\t\t\t\t\t\t\t\t\t\t\t\t<img fetchpriority=\"high\" decoding=\"async\" width=\"750\" height=\"285\" src=\"https:\/\/immopascual.com\/wp-content\/uploads\/2022\/03\/restaurantes.jpg\" class=\"attachment-large size-large wp-image-31013\" alt=\"\" srcset=\"https:\/\/immopascual.com\/wp-content\/uploads\/2022\/03\/restaurantes.jpg 750w, https:\/\/immopascual.com\/wp-content\/uploads\/2022\/03\/restaurantes-300x114.jpg 300w, https:\/\/immopascual.com\/wp-content\/uploads\/2022\/03\/restaurantes-496x188.jpg 496w\" sizes=\"(max-width: 750px) 100vw, 750px\" \/>\t\t\t\t\t\t\t\t\t\t\t\t\t\t\t<\/div>\n\t\t\t\t<\/div>\n\t\t\t\t<div class=\"elementor-element elementor-element-b4d733c elementor-widget elementor-widget-text-editor\" data-id=\"b4d733c\" data-element_type=\"widget\" data-e-type=\"widget\" data-widget_type=\"text-editor.default\">\n\t\t\t\t<div class=\"elementor-widget-container\">\n\t\t\t\t\t\t\t\t\t<p><strong>EN ART\u00c0<\/strong><br \/><a href=\"http:\/\/infoarta.com\/fornnou-arta\/\">Hotel &amp; Restaurant Forn Nou<\/a><br \/><a href=\"https:\/\/www.restaurante-cansion.com\/\">Tapas &amp; Vinos Restaurante Ca&#8217;n Sion<\/a><br \/><a href=\"https:\/\/www.tripadvisor.es\/Restaurant_Review-g616236-d2232146-Reviews-Ca_n_Jaume-Arta_Majorca_Balearic_Islands.html\">Ca&#8217;n Jaume<\/a><\/p><p><strong>EN COSTA DE LOS PINOS<\/strong><br \/><a href=\"https:\/\/www.tripadvisor.es\/Restaurant_Review-g262056-d1000578-Reviews-Ristorante_La_Piazzetta_SL-Costa_De_Los_Pinos_Majorca_Balearic_Islands.html\">Ristorante La Piazzetta<\/a><br \/><a href=\"https:\/\/www.facebook.com\/pages\/Bar-Playa-Costa-de-los-Pi%C3%B1os\/155984817862934\">Bar Playa<\/a><\/p><p><strong>CALA BONA<\/strong><br \/><a href=\"http:\/\/protur-hotels.com\/hoteles-en-mallorca\/residencia-son-floriana-restaurante\">Restaurante &#8211; Residencia Son Floriana<\/a><br \/><a href=\"http:\/\/www.paparazziristorante.com\/\">Paparazzi Restaurante<\/a><\/p><p><strong>EN CAPDEPERA \/ CALA RATJADA<\/strong><br \/><a href=\"http:\/\/andreugenestra.com\/\">Restaurante Andreu Genestra (Estrella Michel\u00edn)<\/a><br \/><a href=\"http:\/\/www.el-cactus.de\/\">El Cactus<\/a><br \/><a href=\"https:\/\/www.tripadvisor.es\/Restaurant_Review-g580283-d6848117-Reviews-Royal-Cala_Ratjada_Majorca_Balearic_Islands.html\">Royal<\/a><br \/><a href=\"https:\/\/mallorca.park.hyatt.com\/es\/hotel\/dining.html\">Park Hyatt<\/a><\/p><p><strong>EN SA COMA<\/strong><br \/><a href=\"http:\/\/www.esmolidenbou.es\/\">Es Mol\u00ed d&#8217;en Bou (Estrella Michel\u00edn)<\/a><\/p><p><strong>EN CAN PICAFORT<\/strong><br \/><a href=\"https:\/\/www.tripadvisor.es\/Restaurant_Review-g580284-d3372468-Reviews-Es_Mollet-Ca_n_Picafort_Majorca_Balearic_Islands.html\">Restaurante Es Mollet<\/a><br \/><a href=\"https:\/\/www.tripadvisor.es\/Restaurant_Review-g580284-d7140985-Reviews-Mar_y_Paz_Food_Drink_Music_Relax_Pool-Ca_n_Picafort_Majorca_Balearic_Islands.html\">Mar y Paz<\/a><br \/><a href=\"http:\/\/www.cangavella.com\/\">Can Gavella<\/a><br \/><a href=\"http:\/\/restaurantevinicius.es\/\">Restaurante Vinicus<\/a><\/p><p><strong>EN COLONIA DE SANT PERE<\/strong><br \/><a href=\"http:\/\/www.restauranteblaumari.es\/\">Restaurante Blau Mar\u00ed<\/a><br \/><a href=\"http:\/\/www.esvivers.com\/\">Es Vivers<\/a><\/p><p><strong>EN SINEU<\/strong><br \/><a href=\"http:\/\/www.visit-sineu.com\/son-toreo\/?lang=es\">Celler Son Toreo<\/a><br \/><a href=\"http:\/\/www.molidenpau.es\/\">Restaurante Mol\u00ed d&#8217;en Pau<\/a><\/p>\t\t\t\t\t\t\t\t<\/div>\n\t\t\t\t<\/div>\n\t\t\t\t\t<\/div>\n\t\t<\/div>\n\t\t\t\t\t<\/div>\n\t\t<\/section>\n\t\t\t\t<\/div>\n\t\t","protected":false},"excerpt":{"rendered":"<p>Restaurants recomanats per Pascual\u00a0Associats EN ART\u00c0Hotel &amp; Restaurant Forn NouTapas &amp; Vinos Restaurante Ca&#8217;n SionCa&#8217;n Jaume EN COSTA DE LOS PINOSRistorante La PiazzettaBar Playa CALA BONARestaurante &#8211; Residencia Son FlorianaPaparazzi Restaurante EN CAPDEPERA \/ CALA RATJADARestaurante Andreu Genestra (Estrella Michel\u00edn)El CactusRoyalPark Hyatt EN SA COMAEs Mol\u00ed d&#8217;en Bou (Estrella Michel\u00edn) EN CAN PICAFORTRestaurante Es MolletMar [&hellip;]<\/p>\n","protected":false},"author":1,"featured_media":0,"parent":0,"menu_order":0,"comment_status":"closed","ping_status":"closed","template":"","meta":{"_acf_changed":false,"om_disable_all_campaigns":false,"_monsterinsights_skip_tracking":false,"_monsterinsights_sitenote_active":false,"_monsterinsights_sitenote_note":"","_monsterinsights_sitenote_category":0,"_uf_show_specific_survey":0,"_uf_disable_surveys":false,"footnotes":""},"class_list":["post-31010","page","type-page","status-publish","hentry"],"acf":[],"aioseo_notices":[],"_links":{"self":[{"href":"https:\/\/immopascual.com\/ca\/wp-json\/wp\/v2\/pages\/31010","targetHints":{"allow":["GET"]}}],"collection":[{"href":"https:\/\/immopascual.com\/ca\/wp-json\/wp\/v2\/pages"}],"about":[{"href":"https:\/\/immopascual.com\/ca\/wp-json\/wp\/v2\/types\/page"}],"author":[{"embeddable":true,"href":"https:\/\/immopascual.com\/ca\/wp-json\/wp\/v2\/users\/1"}],"replies":[{"embeddable":true,"href":"https:\/\/immopascual.com\/ca\/wp-json\/wp\/v2\/comments?post=31010"}],"version-history":[{"count":4,"href":"https:\/\/immopascual.com\/ca\/wp-json\/wp\/v2\/pages\/31010\/revisions"}],"predecessor-version":[{"id":31020,"href":"https:\/\/immopascual.com\/ca\/wp-json\/wp\/v2\/pages\/31010\/revisions\/31020"}],"wp:attachment":[{"href":"https:\/\/immopascual.com\/ca\/wp-json\/wp\/v2\/media?parent=31010"}],"curies":[{"name":"wp","href":"https:\/\/api.w.org\/{rel}","templated":true}]}}