{"id":148734,"date":"2026-01-29T09:46:31","date_gmt":"2026-01-29T09:46:31","guid":{"rendered":"https:\/\/immopascual.com\/?page_id=148734"},"modified":"2026-01-29T13:46:19","modified_gmt":"2026-01-29T13:46:19","slug":"cookies","status":"publish","type":"page","link":"https:\/\/immopascual.com\/es\/cookies\/","title":{"rendered":"Cookies"},"content":{"rendered":"\t\t<div data-elementor-type=\"wp-page\" data-elementor-id=\"148734\" class=\"elementor elementor-148734\">\n\t\t\t\t\t\t<section class=\"elementor-section elementor-top-section elementor-element elementor-element-3408c13 elementor-section-boxed elementor-section-height-default elementor-section-height-default\" data-id=\"3408c13\" data-element_type=\"section\" data-e-type=\"section\">\n\t\t\t\t\t\t<div class=\"elementor-container elementor-column-gap-default\">\n\t\t\t\t\t<div class=\"elementor-column elementor-col-100 elementor-top-column elementor-element elementor-element-1fe0405\" data-id=\"1fe0405\" data-element_type=\"column\" data-e-type=\"column\">\n\t\t\t<div class=\"elementor-widget-wrap elementor-element-populated\">\n\t\t\t\t\t\t<div class=\"elementor-element elementor-element-c05d9b2 elementor-widget elementor-widget-text-editor\" data-id=\"c05d9b2\" data-element_type=\"widget\" data-e-type=\"widget\" data-widget_type=\"text-editor.default\">\n\t\t\t\t<div class=\"elementor-widget-container\">\n\t\t\t\t\t\t\t\t\t<p class=\"MsoNormal\">Conforme a lo dispuesto en el art\u00edculo 22.2 de la Ley\n34\/2002, de 11 de julio, de Servicios de la Sociedad de la Informaci\u00f3n y de\nComercio Electr\u00f3nico (LSSI-CE) vigente, GABRIEL PASCUAL FONT debe cumplir con\nla obligaci\u00f3n de informar sobre las cookies que utiliza y sus finalidades.<o:p><\/o:p><\/p><p class=\"MsoNormal\">Este sitio web utiliza cookies y\/o tecnolog\u00edas similares que\nalmacenan y recuperan informaci\u00f3n cuando navegas. Las cookies permiten a una\np\u00e1gina web, entre otras cosas, almacenar y recuperar informaci\u00f3n sobre los\nh\u00e1bitos de navegaci\u00f3n de un Usuario o de su equipo y, dependiendo de la\ninformaci\u00f3n que contenga y de la forma en que utilice su equipo, pueden\nutilizarse para reconocer al Usuario.<o:p><\/o:p><\/p><p class=\"MsoNormal\">Las cookies son esenciales para el funcionamiento de\ninternet, aportando innumerables ventajas en la prestaci\u00f3n de servicios\ninteractivos, facilit\u00e1ndole al Usuario la navegaci\u00f3n y usabilidad de nuestra\nweb.<o:p><\/o:p><\/p><p class=\"MsoNormal\">La informaci\u00f3n que le proporcionamos a continuaci\u00f3n le\nayudar\u00e1 a comprender los diferentes tipos de cookies:<o:p><\/o:p><\/p><p class=\"MsoNormal\">TIPOS DE COOKIES<o:p><\/o:p><\/p><p class=\"MsoNormal\">SEG\u00daN LA ENTIDAD QUE LAS GESTIONE<o:p><\/o:p><\/p><p class=\"MsoNormal\">COOKIES PROPIAS<o:p><\/o:p><\/p><p class=\"MsoNormal\">Son aquellas que se env\u00edan al equipo terminal del usuario\ndesde un equipo o dominio gestionado por el propio editor y desde el que se\npresta el servicio solicitado por el usuario.<o:p><\/o:p><\/p><p class=\"MsoNormal\">COOKIES DE TERCERO<o:p><\/o:p><\/p><p class=\"MsoNormal\">Son aquellas que se env\u00edan al equipo terminal del usuario\ndesde un equipo o dominio que no es gestionado por el editor, sino por otra\nentidad que trata los datos obtenidos a trav\u00e9s de las cookies.<o:p><\/o:p><\/p><p class=\"MsoNormal\">SEG\u00daN EL PLAZO DE TIEMPO QUE PERMANEZCAN ACTIVADAS<o:p><\/o:p><\/p><p class=\"MsoNormal\">COOKIES DE SESI\u00d3N<o:p><\/o:p><\/p><p class=\"MsoNormal\">Son aquellas dise\u00f1adas para recabar y almacenar datos\nmientras el usuario accede a una p\u00e1gina web. Se suelen emplear para almacenar\ninformaci\u00f3n que solo interesa conservar para la prestaci\u00f3n del servicio\nsolicitado por el usuario en una sola ocasi\u00f3n (por ejemplo, una lista de\nproductos adquiridos) y desaparecen al terminar la sesi\u00f3n.<o:p><\/o:p><\/p><p class=\"MsoNormal\">COOKIES PERSISTENTES<o:p><\/o:p><\/p><p class=\"MsoNormal\">Son aquellas en las que los datos siguen almacenados en el\nterminal y pueden ser accedidos<o:p><\/o:p><\/p><p class=\"MsoNormal\">y tratados durante un periodo definido por el responsable de\nla cookie, y que puede ir de unos<o:p><\/o:p><\/p><p class=\"MsoNormal\">minutos a varios a\u00f1os.<o:p><\/o:p><\/p><p class=\"MsoNormal\">SEG\u00daN SU FINALIDAD COOKIES T\u00c9CNICAS<o:p><\/o:p><\/p><p class=\"MsoNormal\">Son aquellas que permiten al usuario la navegaci\u00f3n a trav\u00e9s\nde una p\u00e1gina web, plataforma o aplicaci\u00f3n y la utilizaci\u00f3n de las diferentes\nopciones o servicios que en ella existan<o:p><\/o:p><\/p><p class=\"MsoNormal\">COOKIES DE PERSONALIZACI\u00d3N<o:p><\/o:p><\/p><p class=\"MsoNormal\">Permiten aplicar caracter\u00edsticas propias para la navegaci\u00f3n\ndel usuario por el website (Ej. idioma).<o:p><\/o:p><\/p><p class=\"MsoNormal\">COOKIES DE AN\u00c1LISIS<o:p><\/o:p><\/p><p class=\"MsoNormal\">Son aquellas que permiten al responsable de estas el\nseguimiento y an\u00e1lisis del comportamiento de los usuarios de los sitios web a\nlos que est\u00e1n vinculadas, incluida la cuantificaci\u00f3n de los impactos de los\nanuncios. La informaci\u00f3n recogida mediante este tipo de cookies se utiliza en\nla medici\u00f3n de la actividad de los sitios web, aplicaci\u00f3n o plataforma, con el\nfin de introducir mejoras en funci\u00f3n del an\u00e1lisis de los datos de uso que hacen\nlos usuarios del servicio.<o:p><\/o:p><\/p><p class=\"MsoNormal\">COOKIES PUBLICITARIAS<o:p><\/o:p><\/p><p class=\"MsoNormal\">Permiten al editor incluir en la p\u00e1gina web espacios\npublicitarios, seg\u00fan el contenido de la propia web.<o:p><\/o:p><\/p><p class=\"MsoNormal\">COOKIES DE PUBLICIDAD COMPORTAMENTAL<o:p><\/o:p><\/p><p class=\"MsoNormal\">Son aquellas que almacenan informaci\u00f3n del comportamiento de\nlos usuarios obtenida a trav\u00e9s de la observaci\u00f3n continuada de sus h\u00e1bitos de\nnavegaci\u00f3n, lo que permite desarrollar un perfil espec\u00edfico para mostrar\npublicidad en funci\u00f3n del mismo.<o:p><\/o:p><\/p><p class=\"MsoNormal\"><o:p>&nbsp;<\/o:p><\/p><p class=\"MsoNormal\">A continuaci\u00f3n, le proporcionamos los enlaces de diversos\nnavegadores, a trav\u00e9s de los cuales podr\u00e1 modificar la configuraci\u00f3n de su\nnavegador sobre el uso de cookies:<o:p><\/o:p><\/p><p class=\"MsoNormal\"><span lang=\"EN-US\">Firefox:\nhttps:\/\/support.mozilla.org\/es\/kb\/cookies-informacion-que-los-sitios-web-guardan-en-<o:p><\/o:p><\/span><\/p><p class=\"MsoNormal\"><span lang=\"EN-US\">Chrome: <\/span><a href=\"http:\/\/support.google.com\/chrome\/bin\/answer.py?hl=es&amp;answer=95647\"><span lang=\"EN-US\">http:\/\/support.google.com\/chrome\/bin\/answer.py?hl=es&amp;answer=95647<\/span><\/a><span lang=\"EN-US\"><o:p><\/o:p><\/span><\/p><p class=\"MsoNormal\"><span lang=\"EN-US\">Internet\nExplorer: <\/span><a href=\"http:\/\/windows.microsoft.com\/es-es\/internet-explorer\/delete-manage-cookies#ie=ie-10\"><span lang=\"EN-US\">http:\/\/windows.microsoft.com\/es-es\/internet-explorer\/delete-manage-cookies#ie=ie-10<\/span><\/a><span lang=\"EN-US\"><o:p><\/o:p><\/span><\/p><p class=\"MsoNormal\"><span lang=\"EN-US\">Microsoft\nEdge: <\/span><a href=\"https:\/\/support.microsoft.com\/es-es\/microsoft-edge\/eliminar-las-cookies-en-microsoft-edge-63947406-40ac-c3b8-57b9-2a946a29ae09\"><span lang=\"EN-US\">https:\/\/support.microsoft.com\/es-es\/microsoft-edge\/eliminar-las-cookies-en-microsoft-edge-63947406-40ac-c3b8-57b9-2a946a29ae09<\/span><\/a><span lang=\"EN-US\"><o:p><\/o:p><\/span><\/p><p class=\"MsoNormal\"><span lang=\"EN-US\">Safari: <\/span><a href=\"https:\/\/support.apple.com\/kb\/ph17191?locale=es_ES\"><span lang=\"EN-US\">https:\/\/support.apple.com\/kb\/ph17191?locale=es_ES<\/span><\/a><span lang=\"EN-US\"><o:p><\/o:p><\/span><\/p><p class=\"MsoNormal\">Opera: <a href=\"https:\/\/help.opera.com\/en\/latest\/web-preferences\/#cookies\">https:\/\/help.opera.com\/en\/latest\/web-preferences\/#cookies<\/a><o:p><\/o:p><\/p><p class=\"MsoNormal\">Para conocer m\u00e1s informaci\u00f3n sobre el tratamiento de datos\npersonales, le recomendamos visitar nuestra Pol\u00edtica de Privacidad<o:p><\/o:p><\/p><p>\n\n\n\n\n\n\n\n\n\n\n\n\n\n\n\n\n\n\n\n\n\n\n\n\n\n\n\n\n\n\n\n\n\n\n\n\n\n\n\n\n\n\n\n\n\n\n\n\n\n\n\n\n\n\n\n\n\n\n\n\n\n\n\n\n\n\n\n\n\n\n\n<\/p><p class=\"MsoNormal\">\u00daltima actualizaci\u00f3n: 23 de enero de 2025<o:p><\/o:p><\/p>\t\t\t\t\t\t\t\t<\/div>\n\t\t\t\t<\/div>\n\t\t\t\t\t<\/div>\n\t\t<\/div>\n\t\t\t\t\t<\/div>\n\t\t<\/section>\n\t\t\t\t<\/div>\n\t\t","protected":false},"excerpt":{"rendered":"<p>Conforme a lo dispuesto en el art\u00edculo 22.2 de la Ley 34\/2002, de 11 de julio, de Servicios de la Sociedad de la Informaci\u00f3n y de Comercio Electr\u00f3nico (LSSI-CE) vigente, GABRIEL PASCUAL FONT debe cumplir con la obligaci\u00f3n de informar sobre las cookies que utiliza y sus finalidades. Este sitio web utiliza cookies y\/o tecnolog\u00edas [&hellip;]<\/p>\n","protected":false},"author":1,"featured_media":0,"parent":0,"menu_order":0,"comment_status":"closed","ping_status":"closed","template":"","meta":{"_acf_changed":false,"om_disable_all_campaigns":false,"_monsterinsights_skip_tracking":false,"_monsterinsights_sitenote_active":false,"_monsterinsights_sitenote_note":"","_monsterinsights_sitenote_category":0,"_uf_show_specific_survey":0,"_uf_disable_surveys":false,"footnotes":""},"class_list":["post-148734","page","type-page","status-publish","hentry"],"acf":[],"aioseo_notices":[],"_links":{"self":[{"href":"https:\/\/immopascual.com\/es\/wp-json\/wp\/v2\/pages\/148734","targetHints":{"allow":["GET"]}}],"collection":[{"href":"https:\/\/immopascual.com\/es\/wp-json\/wp\/v2\/pages"}],"about":[{"href":"https:\/\/immopascual.com\/es\/wp-json\/wp\/v2\/types\/page"}],"author":[{"embeddable":true,"href":"https:\/\/immopascual.com\/es\/wp-json\/wp\/v2\/users\/1"}],"replies":[{"embeddable":true,"href":"https:\/\/immopascual.com\/es\/wp-json\/wp\/v2\/comments?post=148734"}],"version-history":[{"count":6,"href":"https:\/\/immopascual.com\/es\/wp-json\/wp\/v2\/pages\/148734\/revisions"}],"predecessor-version":[{"id":148748,"href":"https:\/\/immopascual.com\/es\/wp-json\/wp\/v2\/pages\/148734\/revisions\/148748"}],"wp:attachment":[{"href":"https:\/\/immopascual.com\/es\/wp-json\/wp\/v2\/media?parent=148734"}],"curies":[{"name":"wp","href":"https:\/\/api.w.org\/{rel}","templated":true}]}}