{"id":16277,"date":"2020-03-11T12:29:40","date_gmt":"2020-03-11T12:29:40","guid":{"rendered":"https:\/\/default.houzez.co\/?page_id=16277"},"modified":"2022-02-21T11:02:47","modified_gmt":"2022-02-21T11:02:47","slug":"nosotros","status":"publish","type":"page","link":"https:\/\/immopascual.com\/es\/nosotros\/","title":{"rendered":"Qui\u00e9nes somos"},"content":{"rendered":"\t\t<div data-elementor-type=\"wp-page\" data-elementor-id=\"16277\" class=\"elementor elementor-16277\">\n\t\t\t\t\t\t<section class=\"elementor-section elementor-top-section elementor-element elementor-element-6c661608 elementor-section-boxed elementor-section-height-default elementor-section-height-default\" data-id=\"6c661608\" data-element_type=\"section\" data-e-type=\"section\" data-settings=\"{&quot;background_background&quot;:&quot;classic&quot;}\">\n\t\t\t\t\t\t<div class=\"elementor-container elementor-column-gap-default\">\n\t\t\t\t\t<div class=\"elementor-column elementor-col-100 elementor-top-column elementor-element elementor-element-2331cb98\" data-id=\"2331cb98\" data-element_type=\"column\" data-e-type=\"column\">\n\t\t\t<div class=\"elementor-widget-wrap elementor-element-populated\">\n\t\t\t\t\t\t<div class=\"elementor-element elementor-element-308600b9 elementor-widget elementor-widget-spacer\" data-id=\"308600b9\" data-element_type=\"widget\" data-e-type=\"widget\" data-widget_type=\"spacer.default\">\n\t\t\t\t<div class=\"elementor-widget-container\">\n\t\t\t\t\t\t\t<div class=\"elementor-spacer\">\n\t\t\t<div class=\"elementor-spacer-inner\"><\/div>\n\t\t<\/div>\n\t\t\t\t\t\t<\/div>\n\t\t\t\t<\/div>\n\t\t\t\t<div class=\"elementor-element elementor-element-7fc37497 animated-slow elementor-invisible elementor-widget elementor-widget-houzez_elementor_section_title\" data-id=\"7fc37497\" data-element_type=\"widget\" data-e-type=\"widget\" data-settings=\"{&quot;_animation&quot;:&quot;fadeIn&quot;}\" data-widget_type=\"houzez_elementor_section_title.default\">\n\t\t\t\t<div class=\"elementor-widget-container\">\n\t\t\t\t\t            <div class=\"houzez_section_title_wrap section-title-module\">\n                                    <h2 class=\"houzez_section_title\">Sobre nosotros\n<\/h2>\n                \n                            <\/div>\n            \t\t\t\t<\/div>\n\t\t\t\t<\/div>\n\t\t\t\t<div class=\"elementor-element elementor-element-8ecbe50 elementor-widget elementor-widget-image\" data-id=\"8ecbe50\" data-element_type=\"widget\" data-e-type=\"widget\" data-widget_type=\"image.default\">\n\t\t\t\t<div class=\"elementor-widget-container\">\n\t\t\t\t\t\t\t\t\t\t\t\t\t\t\t<img fetchpriority=\"high\" decoding=\"async\" width=\"1024\" height=\"683\" src=\"https:\/\/immopascual.com\/wp-content\/uploads\/2022\/02\/ODH_0004-1024x683.jpg\" class=\"attachment-large size-large wp-image-19851\" alt=\"\" srcset=\"https:\/\/immopascual.com\/wp-content\/uploads\/2022\/02\/ODH_0004-1024x683.jpg 1024w, https:\/\/immopascual.com\/wp-content\/uploads\/2022\/02\/ODH_0004-300x200.jpg 300w, https:\/\/immopascual.com\/wp-content\/uploads\/2022\/02\/ODH_0004-768x512.jpg 768w, https:\/\/immopascual.com\/wp-content\/uploads\/2022\/02\/ODH_0004-1536x1025.jpg 1536w, https:\/\/immopascual.com\/wp-content\/uploads\/2022\/02\/ODH_0004-2048x1367.jpg 2048w, https:\/\/immopascual.com\/wp-content\/uploads\/2022\/02\/ODH_0004-899x600.jpg 899w, https:\/\/immopascual.com\/wp-content\/uploads\/2022\/02\/ODH_0004-496x331.jpg 496w\" sizes=\"(max-width: 1024px) 100vw, 1024px\" \/>\t\t\t\t\t\t\t\t\t\t\t\t\t\t\t<\/div>\n\t\t\t\t<\/div>\n\t\t\t\t<div class=\"elementor-element elementor-element-ce0ba6c elementor-widget elementor-widget-spacer\" data-id=\"ce0ba6c\" data-element_type=\"widget\" data-e-type=\"widget\" data-widget_type=\"spacer.default\">\n\t\t\t\t<div class=\"elementor-widget-container\">\n\t\t\t\t\t\t\t<div class=\"elementor-spacer\">\n\t\t\t<div class=\"elementor-spacer-inner\"><\/div>\n\t\t<\/div>\n\t\t\t\t\t\t<\/div>\n\t\t\t\t<\/div>\n\t\t\t\t<div class=\"elementor-element elementor-element-64f26879 elementor-widget elementor-widget-text-editor\" data-id=\"64f26879\" data-element_type=\"widget\" data-e-type=\"widget\" data-widget_type=\"text-editor.default\">\n\t\t\t\t<div class=\"elementor-widget-container\">\n\t\t\t\t\t\t\t\t\t<p>En <span style=\"color: #fecb21;\"><strong>PASCUAL ASSOCIATS<\/strong><\/span> , empresa dedicada principalmente a la gesti\u00f3n Inmobiliaria y a promociones inmobiliarias, encontrar\u00e1 toda la profesionalidad que necesita a su servicio, para que la compra, venta o construcci\u00f3n de cualquier inmueble (desde un simple apartamento hasta la finca m\u00e1s sorprendente) sea lo m\u00e1s sencillo y personalizado a la vez para usted, siempre con el aval de la <a href=\"https:\/\/abaibalears.com\/\">Asociaci\u00f3n Balear de Asesores Inmobiliarios<\/a> (AEBI).<\/p><p>Adem\u00e1s de una amplia cartera de propiedades, que nuestros clientes nos han confiado la gesti\u00f3n de venta (o construcci\u00f3n), tambi\u00e9n disponemos de promociones inmobiliarias propias con la garant\u00eda de <span style=\"color: #fecb21;\"><strong>PASCUAL ASSOCIATS<\/strong> <\/span>.<\/p><p>Nosotros le ayudamos a encontrar la propiedad que est\u00e1 buscando con la mejor relaci\u00f3n calidad \/ precio, y le tramitamos toda la documentaci\u00f3n necesaria para hacer de forma sencilla , efectiva y con garant\u00edas la compra. (NIE, Notario, Registro, Impuestos, Tasas) Si lo desea, le solicitamos la hipoteca que se ajuste mejor a sus necesidades.<\/p><p>Una vez comprada la propiedad le asesoramos, juntamente con los profesionales adecuados, del pago de toda clase de impuestos (contribuciones, renta, patrimonio, &#8230;), contrataci\u00f3n de cualquier seguro (hogar, vida, coche, &#8230;.), la rehabilitaci\u00f3n o reforma de la vivienda, en definitiva a cualquier clase de mantenimiento, servicio que necesite para su hogar.<\/p><p>Si por el contrario usted desea construir su propia casa, nosotros podemos coordinar todo el proceso desde la compra del solar, desarrollo del proyecto de construcci\u00f3n y decoraci\u00f3n, tramitaci\u00f3n de las licencias urban\u00edsticas y obtenci\u00f3n de permisos, contrataci\u00f3n de la empresa constructora y dem\u00e1s industriales, todo ello hasta la entrega de llaves para su habitabilidad y disfrute.<\/p><p>Para los clientes que quieran vender su propiedad le ayudamos a fijar el precio de ventas, realizamos publicidad, informamos a los interesados y visitaremos la propiedad, les mantenemos al corriente de las distintas ofertas recibidas y finalmente le preparamos los contratos adecuados para la reserva o venta hasta la firma del Notario, siempre con nuestro asesoramiento.<\/p><p>Si una vez visitada nuestra p\u00e1gina web no encuentra lo que busca no dude en contactar con nosotros y le ayudaremos a buscarlo.<\/p><p>Conf\u00ede en nosotros y haremos de su compra una buena inversi\u00f3n.<\/p>\t\t\t\t\t\t\t\t<\/div>\n\t\t\t\t<\/div>\n\t\t\t\t<div class=\"elementor-element elementor-element-5f34c0dd elementor-widget elementor-widget-spacer\" data-id=\"5f34c0dd\" data-element_type=\"widget\" data-e-type=\"widget\" data-widget_type=\"spacer.default\">\n\t\t\t\t<div class=\"elementor-widget-container\">\n\t\t\t\t\t\t\t<div class=\"elementor-spacer\">\n\t\t\t<div class=\"elementor-spacer-inner\"><\/div>\n\t\t<\/div>\n\t\t\t\t\t\t<\/div>\n\t\t\t\t<\/div>\n\t\t\t\t\t<\/div>\n\t\t<\/div>\n\t\t\t\t\t<\/div>\n\t\t<\/section>\n\t\t\t\t<section class=\"elementor-section elementor-top-section elementor-element elementor-element-1a55706d elementor-section-boxed elementor-section-height-default elementor-section-height-default\" data-id=\"1a55706d\" data-element_type=\"section\" data-e-type=\"section\">\n\t\t\t\t\t\t<div class=\"elementor-container elementor-column-gap-default\">\n\t\t\t\t\t<div class=\"elementor-column elementor-col-100 elementor-top-column elementor-element elementor-element-66cdc056\" data-id=\"66cdc056\" data-element_type=\"column\" data-e-type=\"column\">\n\t\t\t<div class=\"elementor-widget-wrap elementor-element-populated\">\n\t\t\t\t\t\t<div class=\"elementor-element elementor-element-2744144c elementor-widget elementor-widget-spacer\" data-id=\"2744144c\" data-element_type=\"widget\" data-e-type=\"widget\" data-widget_type=\"spacer.default\">\n\t\t\t\t<div class=\"elementor-widget-container\">\n\t\t\t\t\t\t\t<div class=\"elementor-spacer\">\n\t\t\t<div class=\"elementor-spacer-inner\"><\/div>\n\t\t<\/div>\n\t\t\t\t\t\t<\/div>\n\t\t\t\t<\/div>\n\t\t\t\t<div class=\"elementor-element elementor-element-1966c826 animated-slow elementor-invisible elementor-widget elementor-widget-houzez_elementor_section_title\" data-id=\"1966c826\" data-element_type=\"widget\" data-e-type=\"widget\" data-settings=\"{&quot;_animation&quot;:&quot;fadeIn&quot;}\" data-widget_type=\"houzez_elementor_section_title.default\">\n\t\t\t\t<div class=\"elementor-widget-container\">\n\t\t\t\t\t            <div class=\"houzez_section_title_wrap section-title-module\">\n                                    <h2 class=\"houzez_section_title\">Entradas de nuestro Blog<\/h2>\n                \n                            <\/div>\n            \t\t\t\t<\/div>\n\t\t\t\t<\/div>\n\t\t\t\t<section class=\"elementor-section elementor-inner-section elementor-element elementor-element-4b5cf1bc elementor-section-boxed elementor-section-height-default elementor-section-height-default\" data-id=\"4b5cf1bc\" data-element_type=\"section\" data-e-type=\"section\">\n\t\t\t\t\t\t<div class=\"elementor-container elementor-column-gap-default\">\n\t\t\t\t\t<div class=\"elementor-column elementor-col-100 elementor-inner-column elementor-element elementor-element-35d4221f\" data-id=\"35d4221f\" data-element_type=\"column\" data-e-type=\"column\">\n\t\t\t<div class=\"elementor-widget-wrap elementor-element-populated\">\n\t\t\t\t\t\t<div class=\"elementor-element elementor-element-de5a7c7 elementor-widget elementor-widget-houzez_elementor_blog_posts\" data-id=\"de5a7c7\" data-element_type=\"widget\" data-e-type=\"widget\" data-widget_type=\"houzez_elementor_blog_posts.default\">\n\t\t\t\t<div class=\"elementor-widget-container\">\n\t\t\t\t\t\n        <div class=\"blog-posts-module blog-posts-module-v1\">\n            <div class=\"row module-row\">\n                                    <div class=\"col-lg-3 col-md-6\">\n                        <div id=\"post-138157\" class=\"blog-post-item blog-post-item-v1 post-138157 post type-post status-publish format-standard has-post-thumbnail hentry category-regulations\">\n\t\n\t\t<div class=\"blog-post-thumb\">\n\t\t<a href=\"https:\/\/immopascual.com\/es\/la-ventas-de-inmuebles-y-el-problema-de-las-zonas-inundables\/\" class=\"hover-effect\">\n\t\t\t<img decoding=\"async\" width=\"592\" height=\"444\" src=\"https:\/\/immopascual.com\/wp-content\/uploads\/2025\/02\/apr-inundacio-592x444.jpg?v=1739347427\" class=\"img-fluid wp-post-image\" alt=\"\" srcset=\"https:\/\/immopascual.com\/wp-content\/uploads\/2025\/02\/apr-inundacio-592x444.jpg?v=1739347427 592w, https:\/\/immopascual.com\/wp-content\/uploads\/2025\/02\/apr-inundacio-584x438.jpg?v=1739347427 584w, https:\/\/immopascual.com\/wp-content\/uploads\/2025\/02\/apr-inundacio-120x90.jpg?v=1739347427 120w\" sizes=\"(max-width: 592px) 100vw, 592px\" \/>\t\t<\/a>\n\t<\/div><!-- blog-post-thumb -->\n\t\n\t<div class=\"blog-post-content-wrap\">\n\t\t<div class=\"blog-post-meta\">\n\t\t\t<ul class=\"list-inline\">\n\t\t\t\t\t\t\t\t<li class=\"list-inline-item\">\n\t\t\t\t\t<time datetime=\"12 de febrero de 2025\"><i class=\"houzez-icon icon-calendar-3 mr-1\"><\/i> 12 de febrero de 2025<\/time>\n\t\t\t\t<\/li>\n\t\t\t\t\n\t\t\t\t\t\t\t\t<li class=\"list-inline-item\">\n\t\t\t\t\t<i class=\"houzez-icon icon-tags mr-1\"><\/i> <a href=\"https:\/\/immopascual.com\/es\/category\/regulations\/\" rel=\"category tag\">Normativa<\/a>\t\t\t\t<\/li>\n\t\t\t\t\n\t\t\t<\/ul>\n\t\t<\/div><!-- blog-post-meta -->\n\t\t<div class=\"blog-post-title\">\n\t\t\t<h3><a href=\"https:\/\/immopascual.com\/es\/la-ventas-de-inmuebles-y-el-problema-de-las-zonas-inundables\/\">La ventas de inmuebles  y el problema de las zonas inundables<\/a><\/h3>\n\t\t<\/div><!-- blog-post-title -->\n\t\t<div class=\"blog-post-body\">\n\t\t\tEl 13 diciembre 2024 un Decreto Ley, n\u00famero 6\/2024, ha cambiado las ventas en baleares. En...\t\t<\/div><!-- blog-post-body -->\n\t\t<div class=\"blog-post-link\">\n\t\t\t<a href=\"https:\/\/immopascual.com\/es\/la-ventas-de-inmuebles-y-el-problema-de-las-zonas-inundables\/\"><\/a>\n\t\t<\/div><!-- blog-post-link -->\n\t<\/div><!-- blog-post-content-wrap -->\n\t\t<div class=\"blog-post-author\">\n\t\t<i class=\"houzez-icon icon-single-neutral mr-1\"><\/i>  Immopascual\t<\/div>\n\t<\/div><!-- blog-post-item -->                    <\/div>\n                                    <div class=\"col-lg-3 col-md-6\">\n                        <div id=\"post-137880\" class=\"blog-post-item blog-post-item-v1 post-137880 post type-post status-publish format-standard has-post-thumbnail hentry category-sin-categorizar\">\n\t\n\t\t<div class=\"blog-post-thumb\">\n\t\t<a href=\"https:\/\/immopascual.com\/es\/colaboracion-astrid-frey-klein\/\" class=\"hover-effect\">\n\t\t\t<img decoding=\"async\" width=\"554\" height=\"408\" src=\"https:\/\/immopascual.com\/wp-content\/uploads\/2025\/01\/Imagen1.png?v=1737199287\" class=\"img-fluid wp-post-image\" alt=\"\" srcset=\"https:\/\/immopascual.com\/wp-content\/uploads\/2025\/01\/Imagen1.png?v=1737199287 554w, https:\/\/immopascual.com\/wp-content\/uploads\/2025\/01\/Imagen1-300x221.png?v=1737199287 300w, https:\/\/immopascual.com\/wp-content\/uploads\/2025\/01\/Imagen1-496x365.png?v=1737199287 496w\" sizes=\"(max-width: 554px) 100vw, 554px\" \/>\t\t<\/a>\n\t<\/div><!-- blog-post-thumb -->\n\t\n\t<div class=\"blog-post-content-wrap\">\n\t\t<div class=\"blog-post-meta\">\n\t\t\t<ul class=\"list-inline\">\n\t\t\t\t\t\t\t\t<li class=\"list-inline-item\">\n\t\t\t\t\t<time datetime=\"18 de enero de 2025\"><i class=\"houzez-icon icon-calendar-3 mr-1\"><\/i> 18 de enero de 2025<\/time>\n\t\t\t\t<\/li>\n\t\t\t\t\n\t\t\t\t\t\t\t\t<li class=\"list-inline-item\">\n\t\t\t\t\t<i class=\"houzez-icon icon-tags mr-1\"><\/i> <a href=\"https:\/\/immopascual.com\/es\/category\/sin-categorizar\/\" rel=\"category tag\">Sin categorizar<\/a>\t\t\t\t<\/li>\n\t\t\t\t\n\t\t\t<\/ul>\n\t\t<\/div><!-- blog-post-meta -->\n\t\t<div class=\"blog-post-title\">\n\t\t\t<h3><a href=\"https:\/\/immopascual.com\/es\/colaboracion-astrid-frey-klein\/\">Colaboraci\u00f3n Astrid Frey Klein<\/a><\/h3>\n\t\t<\/div><!-- blog-post-title -->\n\t\t<div class=\"blog-post-body\">\n\t\t\tQuer\u00edamos informarles de nuestra colaboraci\u00f3n con una arquitecta\u00a0\u00a0 que tambi\u00e9n es agente...\t\t<\/div><!-- blog-post-body -->\n\t\t<div class=\"blog-post-link\">\n\t\t\t<a href=\"https:\/\/immopascual.com\/es\/colaboracion-astrid-frey-klein\/\"><\/a>\n\t\t<\/div><!-- blog-post-link -->\n\t<\/div><!-- blog-post-content-wrap -->\n\t\t<div class=\"blog-post-author\">\n\t\t<i class=\"houzez-icon icon-single-neutral mr-1\"><\/i>  Immopascual\t<\/div>\n\t<\/div><!-- blog-post-item -->                    <\/div>\n                                    <div class=\"col-lg-3 col-md-6\">\n                        <div id=\"post-133902\" class=\"blog-post-item blog-post-item-v1 post-133902 post type-post status-publish format-standard has-post-thumbnail hentry category-regulations\">\n\t\n\t\t<div class=\"blog-post-thumb\">\n\t\t<a href=\"https:\/\/immopascual.com\/es\/la-legalizacion-extraordinaria-de-las-fincas-que-fincas-son-elegibles-como-hacerlo-que-costara\/\" class=\"hover-effect\">\n\t\t\t<img loading=\"lazy\" decoding=\"async\" width=\"592\" height=\"444\" src=\"https:\/\/immopascual.com\/wp-content\/uploads\/2024\/06\/articulo-legalizar-finca-592x444.jpg?v=1717766628\" class=\"img-fluid wp-post-image\" alt=\"\" srcset=\"https:\/\/immopascual.com\/wp-content\/uploads\/2024\/06\/articulo-legalizar-finca-592x444.jpg?v=1717766628 592w, https:\/\/immopascual.com\/wp-content\/uploads\/2024\/06\/articulo-legalizar-finca-300x225.jpg?v=1717766628 300w, https:\/\/immopascual.com\/wp-content\/uploads\/2024\/06\/articulo-legalizar-finca-1024x768.jpg?v=1717766628 1024w, https:\/\/immopascual.com\/wp-content\/uploads\/2024\/06\/articulo-legalizar-finca-768x576.jpg?v=1717766628 768w, https:\/\/immopascual.com\/wp-content\/uploads\/2024\/06\/articulo-legalizar-finca-584x438.jpg?v=1717766628 584w, https:\/\/immopascual.com\/wp-content\/uploads\/2024\/06\/articulo-legalizar-finca-800x600.jpg?v=1717766628 800w, https:\/\/immopascual.com\/wp-content\/uploads\/2024\/06\/articulo-legalizar-finca-120x90.jpg?v=1717766628 120w, https:\/\/immopascual.com\/wp-content\/uploads\/2024\/06\/articulo-legalizar-finca-496x372.jpg?v=1717766628 496w, https:\/\/immopascual.com\/wp-content\/uploads\/2024\/06\/articulo-legalizar-finca.jpg?v=1717766628 1280w\" sizes=\"(max-width: 592px) 100vw, 592px\" \/>\t\t<\/a>\n\t<\/div><!-- blog-post-thumb -->\n\t\n\t<div class=\"blog-post-content-wrap\">\n\t\t<div class=\"blog-post-meta\">\n\t\t\t<ul class=\"list-inline\">\n\t\t\t\t\t\t\t\t<li class=\"list-inline-item\">\n\t\t\t\t\t<time datetime=\"7 de junio de 2024\"><i class=\"houzez-icon icon-calendar-3 mr-1\"><\/i> 7 de junio de 2024<\/time>\n\t\t\t\t<\/li>\n\t\t\t\t\n\t\t\t\t\t\t\t\t<li class=\"list-inline-item\">\n\t\t\t\t\t<i class=\"houzez-icon icon-tags mr-1\"><\/i> <a href=\"https:\/\/immopascual.com\/es\/category\/regulations\/\" rel=\"category tag\">Normativa<\/a>\t\t\t\t<\/li>\n\t\t\t\t\n\t\t\t<\/ul>\n\t\t<\/div><!-- blog-post-meta -->\n\t\t<div class=\"blog-post-title\">\n\t\t\t<h3><a href=\"https:\/\/immopascual.com\/es\/la-legalizacion-extraordinaria-de-las-fincas-que-fincas-son-elegibles-como-hacerlo-que-costara\/\">La legalizaci\u00f3n extraordinaria de las fincas, que fincas son elegibles, como hacerlo, que costar\u00e1?<\/a><\/h3>\n\t\t<\/div><!-- blog-post-title -->\n\t\t<div class=\"blog-post-body\">\n\t\t\tEl nuevo decreto ley\u00a0 3\/2024 del 24 de mayo 2024\u00a0 presenta medidas\u00a0 nuevas para las...\t\t<\/div><!-- blog-post-body -->\n\t\t<div class=\"blog-post-link\">\n\t\t\t<a href=\"https:\/\/immopascual.com\/es\/la-legalizacion-extraordinaria-de-las-fincas-que-fincas-son-elegibles-como-hacerlo-que-costara\/\"><\/a>\n\t\t<\/div><!-- blog-post-link -->\n\t<\/div><!-- blog-post-content-wrap -->\n\t\t<div class=\"blog-post-author\">\n\t\t<i class=\"houzez-icon icon-single-neutral mr-1\"><\/i>  Immopascual\t<\/div>\n\t<\/div><!-- blog-post-item -->                    <\/div>\n                                    <div class=\"col-lg-3 col-md-6\">\n                        <div id=\"post-109476\" class=\"blog-post-item blog-post-item-v1 post-109476 post type-post status-publish format-standard has-post-thumbnail hentry category-sin-categorizar\">\n\t\n\t\t<div class=\"blog-post-thumb\">\n\t\t<a href=\"https:\/\/immopascual.com\/es\/alquiler-de-vivienda-habitual-vs-alquiler-turistico\/\" class=\"hover-effect\">\n\t\t\t<img loading=\"lazy\" decoding=\"async\" width=\"592\" height=\"444\" src=\"https:\/\/immopascual.com\/wp-content\/uploads\/2023\/12\/mujer-sosteniendo-telefono-tiro-medio-592x444.jpg?v=1701851136\" class=\"img-fluid wp-post-image\" alt=\"\" srcset=\"https:\/\/immopascual.com\/wp-content\/uploads\/2023\/12\/mujer-sosteniendo-telefono-tiro-medio-592x444.jpg?v=1701851136 592w, https:\/\/immopascual.com\/wp-content\/uploads\/2023\/12\/mujer-sosteniendo-telefono-tiro-medio-584x438.jpg?v=1701851136 584w, https:\/\/immopascual.com\/wp-content\/uploads\/2023\/12\/mujer-sosteniendo-telefono-tiro-medio-120x90.jpg?v=1701851136 120w\" sizes=\"(max-width: 592px) 100vw, 592px\" \/>\t\t<\/a>\n\t<\/div><!-- blog-post-thumb -->\n\t\n\t<div class=\"blog-post-content-wrap\">\n\t\t<div class=\"blog-post-meta\">\n\t\t\t<ul class=\"list-inline\">\n\t\t\t\t\t\t\t\t<li class=\"list-inline-item\">\n\t\t\t\t\t<time datetime=\"8 de diciembre de 2023\"><i class=\"houzez-icon icon-calendar-3 mr-1\"><\/i> 8 de diciembre de 2023<\/time>\n\t\t\t\t<\/li>\n\t\t\t\t\n\t\t\t\t\t\t\t\t<li class=\"list-inline-item\">\n\t\t\t\t\t<i class=\"houzez-icon icon-tags mr-1\"><\/i> <a href=\"https:\/\/immopascual.com\/es\/category\/sin-categorizar\/\" rel=\"category tag\">Sin categorizar<\/a>\t\t\t\t<\/li>\n\t\t\t\t\n\t\t\t<\/ul>\n\t\t<\/div><!-- blog-post-meta -->\n\t\t<div class=\"blog-post-title\">\n\t\t\t<h3><a href=\"https:\/\/immopascual.com\/es\/alquiler-de-vivienda-habitual-vs-alquiler-turistico\/\">Alquiler de Vivienda Habitual vs Alquiler Tur\u00edstico<\/a><\/h3>\n\t\t<\/div><!-- blog-post-title -->\n\t\t<div class=\"blog-post-body\">\n\t\t\tSi eres propietario de una vivienda en Mallorca y quieres alquilarla \u00bfQu\u00e9 te conviene m\u00e1s: un...\t\t<\/div><!-- blog-post-body -->\n\t\t<div class=\"blog-post-link\">\n\t\t\t<a href=\"https:\/\/immopascual.com\/es\/alquiler-de-vivienda-habitual-vs-alquiler-turistico\/\"><\/a>\n\t\t<\/div><!-- blog-post-link -->\n\t<\/div><!-- blog-post-content-wrap -->\n\t\t<div class=\"blog-post-author\">\n\t\t<i class=\"houzez-icon icon-single-neutral mr-1\"><\/i>  Immopascual\t<\/div>\n\t<\/div><!-- blog-post-item -->                    <\/div>\n                            <\/div>\n        <\/div>\n\n        \t\t\t\t<\/div>\n\t\t\t\t<\/div>\n\t\t\t\t\t<\/div>\n\t\t<\/div>\n\t\t\t\t\t<\/div>\n\t\t<\/section>\n\t\t\t\t<div class=\"elementor-element elementor-element-46554e9c elementor-widget elementor-widget-spacer\" data-id=\"46554e9c\" data-element_type=\"widget\" data-e-type=\"widget\" data-widget_type=\"spacer.default\">\n\t\t\t\t<div class=\"elementor-widget-container\">\n\t\t\t\t\t\t\t<div class=\"elementor-spacer\">\n\t\t\t<div class=\"elementor-spacer-inner\"><\/div>\n\t\t<\/div>\n\t\t\t\t\t\t<\/div>\n\t\t\t\t<\/div>\n\t\t\t\t\t<\/div>\n\t\t<\/div>\n\t\t\t\t\t<\/div>\n\t\t<\/section>\n\t\t\t\t<\/div>\n\t\t","protected":false},"excerpt":{"rendered":"<p>Sobre nosotros En PASCUAL ASSOCIATS , empresa dedicada principalmente a la gesti\u00f3n Inmobiliaria y a promociones inmobiliarias, encontrar\u00e1 toda la profesionalidad que necesita a su servicio, para que la compra, venta o construcci\u00f3n de cualquier inmueble (desde un simple apartamento hasta la finca m\u00e1s sorprendente) sea lo m\u00e1s sencillo y personalizado a la vez para [&hellip;]<\/p>\n","protected":false},"author":1,"featured_media":0,"parent":0,"menu_order":0,"comment_status":"closed","ping_status":"closed","template":"template\/template-homepage.php","meta":{"_acf_changed":false,"om_disable_all_campaigns":false,"_monsterinsights_skip_tracking":false,"_monsterinsights_sitenote_active":false,"_monsterinsights_sitenote_note":"","_monsterinsights_sitenote_category":0,"_uf_show_specific_survey":0,"_uf_disable_surveys":false,"footnotes":""},"class_list":["post-16277","page","type-page","status-publish","hentry"],"acf":[],"aioseo_notices":[],"_links":{"self":[{"href":"https:\/\/immopascual.com\/es\/wp-json\/wp\/v2\/pages\/16277","targetHints":{"allow":["GET"]}}],"collection":[{"href":"https:\/\/immopascual.com\/es\/wp-json\/wp\/v2\/pages"}],"about":[{"href":"https:\/\/immopascual.com\/es\/wp-json\/wp\/v2\/types\/page"}],"author":[{"embeddable":true,"href":"https:\/\/immopascual.com\/es\/wp-json\/wp\/v2\/users\/1"}],"replies":[{"embeddable":true,"href":"https:\/\/immopascual.com\/es\/wp-json\/wp\/v2\/comments?post=16277"}],"version-history":[{"count":59,"href":"https:\/\/immopascual.com\/es\/wp-json\/wp\/v2\/pages\/16277\/revisions"}],"predecessor-version":[{"id":20315,"href":"https:\/\/immopascual.com\/es\/wp-json\/wp\/v2\/pages\/16277\/revisions\/20315"}],"wp:attachment":[{"href":"https:\/\/immopascual.com\/es\/wp-json\/wp\/v2\/media?parent=16277"}],"curies":[{"name":"wp","href":"https:\/\/api.w.org\/{rel}","templated":true}]}}