{"id":19845,"date":"2022-02-17T15:13:57","date_gmt":"2022-02-17T15:13:57","guid":{"rendered":"https:\/\/immopascual.com\/?page_id=19845"},"modified":"2026-01-29T09:33:21","modified_gmt":"2026-01-29T09:33:21","slug":"legal","status":"publish","type":"page","link":"https:\/\/immopascual.com\/es\/legal\/","title":{"rendered":"Aviso legal"},"content":{"rendered":"\t\t<div data-elementor-type=\"wp-page\" data-elementor-id=\"19845\" class=\"elementor elementor-19845\">\n\t\t\t\t\t\t<section class=\"elementor-section elementor-top-section elementor-element elementor-element-a7ab92d elementor-section-boxed elementor-section-height-default elementor-section-height-default\" data-id=\"a7ab92d\" data-element_type=\"section\" data-e-type=\"section\">\n\t\t\t\t\t\t<div class=\"elementor-container elementor-column-gap-default\">\n\t\t\t\t\t<div class=\"elementor-column elementor-col-100 elementor-top-column elementor-element elementor-element-895e440\" data-id=\"895e440\" data-element_type=\"column\" data-e-type=\"column\">\n\t\t\t<div class=\"elementor-widget-wrap elementor-element-populated\">\n\t\t\t\t\t\t<div class=\"elementor-element elementor-element-6d83f10 elementor-alert-warning elementor-widget elementor-widget-alert\" data-id=\"6d83f10\" data-element_type=\"widget\" data-e-type=\"widget\" data-widget_type=\"alert.default\">\n\t\t\t\t<div class=\"elementor-widget-container\">\n\t\t\t\t\t\t\t<div class=\"elementor-alert\" role=\"alert\">\n\n\t\t\t\t\t\t<span class=\"elementor-alert-title\">Aviso importante<\/span>\n\t\t\t\n\t\t\t\t\t\t<span class=\"elementor-alert-description\">La informaci\u00f3n publicada en esta Web es orientativa y es proporcionada por el propietario del inmueble.<\/span>\n\t\t\t\n\t\t\t\n\t\t<\/div>\n\t\t\t\t\t\t<\/div>\n\t\t\t\t<\/div>\n\t\t\t\t<div class=\"elementor-element elementor-element-42161ed elementor-widget elementor-widget-text-editor\" data-id=\"42161ed\" data-element_type=\"widget\" data-e-type=\"widget\" data-widget_type=\"text-editor.default\">\n\t\t\t\t<div class=\"elementor-widget-container\">\n\t\t\t\t\t\t\t\t\t<p class=\"MsoNormal\">AVISO LEGAL de www.immopascual.com<o:p><\/o:p><\/p><p class=\"MsoNormal\">Introducci\u00f3n<o:p><\/o:p><\/p><p class=\"MsoNormal\">En cumplimiento de la Ley 34\/2002, de 11 de julio, de\nServicios de la Sociedad de la Informaci\u00f3n y de Comercio Electr\u00f3nico (LSSI-CE),\nGABRIEL PASCUAL FONT informa que es titular del sitio web. De acuerdo con la\nexigencia del art\u00edculo 10 de la citada Ley, GABRIEL PASCUAL FONT informa de los\nsiguientes datos:<o:p><\/o:p><\/p><p class=\"MsoNormal\">RAZ\u00d3N SOCIAL GABRIEL PASCUAL FONT<br>\nNIF 78202293Q<br>\nDOMINIO <a href=\"http:\/\/www.immopascual.com\">www.immopascual.com<\/a><br>\nDIRECCI\u00d3N POSTAL CABRERA, 9,07458 CA&#8217;N PICAFORT(ILLES BALEARS)<br>\nDIRECCI\u00d3N ELECTR\u00d3NICA <a href=\"mailto:info@immopascual.com\">info@immopascual.com<\/a><br>\nTEL\u00c9FONOS 971852238<o:p><\/o:p><\/p><p class=\"MsoNormal\">Usuario y r\u00e9gimen de responsabilidades<o:p><\/o:p><\/p><p class=\"MsoNormal\">La navegaci\u00f3n, acceso y uso por el sitio web de GABRIEL\nPASCUAL FONT confiere la condici\u00f3n de usuario. El sitio web de GABRIEL PASCUAL\nFONT proporciona gran diversidad de informaci\u00f3n, servicios y datos.El usuario\nasume su responsabilidad en el uso correcto del sitio web. Esta responsabilidad\nse extender\u00e1 a:<o:p><\/o:p><\/p><p class=\"MsoNormal\">La veracidad y licitud de las informaciones aportadas por el\nusuario en los formularios extendidos por GABRIEL PASCUAL FONT para el acceso a\nciertos contenidos o servicios ofrecidos por el web.<o:p><\/o:p><\/p><p class=\"MsoNormal\">El uso de la informaci\u00f3n, servicios y datos ofrecidos por\nGABRIEL PASCUAL FONT contrariamente a lo dispuesto por las presentes\ncondiciones, la Ley, la moral, las buenas costumbres o el orden p\u00fablico, o que\nde cualquier otro modo puedan suponer lesi\u00f3n de los derechos de terceros o del\nmismo funcionamiento del sitio web.<o:p><\/o:p><\/p><p class=\"MsoNormal\">Pol\u00edtica de enlaces y exenciones de responsabilidad<o:p><\/o:p><\/p><p class=\"MsoNormal\">GABRIEL PASCUAL FONT no se hace responsable del contenido de\nlos sitios web a los que el usuario pueda acceder a trav\u00e9s de los enlaces\nestablecidos en su sitio web, siempre que no tenga conocimiento efectivo de que\nla actividad o la informaci\u00f3n a la que remite o recomienda es il\u00edcita o de que\nlesiona bienes o derechos de un tercero susceptibles de indemnizaci\u00f3n, o, en\ncaso de tenerlo, act\u00fae con diligencia para suprimir o inutilizar el enlace\ncorrespondiente.<o:p><\/o:p><\/p><p class=\"MsoNormal\">Se entender\u00e1 que GABRIEL PASCUAL FONT tiene el conocimiento\nefectivo a que se refiere el p\u00e1rrafo anterior cuando un \u00f3rgano competente haya\ndeclarado la ilicitud de los datos, ordenado su retirada o que se imposibilite\nel acceso a los mismos, o se hubiera declarado la existencia de la lesi\u00f3n, y\nGABRIEL PASCUAL FONT conociera la correspondiente resoluci\u00f3n, sin perjuicio de\nlos procedimientos de detecci\u00f3n y retirada de contenidos que GABRIEL PASCUAL\nFONT aplique en virtud de acuerdos voluntarios y de otros medios de\nconocimiento efectivo que pudieran establecerse.<o:p><\/o:p><\/p><p class=\"MsoNormal\">GABRIEL PASCUAL FONT declara haber adoptado todas las\nmedidas necesarias para evitar cualquier da\u00f1o a los usuarios de su sitio web,\nque pudieran derivarse de la navegaci\u00f3n por su sitio web. En consecuencia,\nGABRIEL PASCUAL FONT no se hace responsable, en ning\u00fan caso, de los eventuales da\u00f1os\nque por la navegaci\u00f3n por Internet pudiera sufrir el usuario. Asimismo, tampoco\ngarantizar\u00e1 la disponibilidad t\u00e9cnica, exactitud, veracidad, validez o\nlegalidad de sitios ajenos a su propiedad a los que se pueda acceder por medio\nde los enlaces.<o:p><\/o:p><\/p><p class=\"MsoNormal\">Modificaciones<o:p><\/o:p><\/p><p class=\"MsoNormal\">GABRIEL PASCUAL FONT se reserva la facultad de efectuar, en\ncualquier momento y sin necesidad de previo aviso, modificaciones y\nactualizaciones de la informaci\u00f3n contenida en su sitio web o en la configuraci\u00f3n\ny presentaci\u00f3n de esta. Con objeto de mantener actualizada la informaci\u00f3n\npublicada, los contenidos del mismo podr\u00e1n ser modificados, corregidos,\neliminados o a\u00f1adidos en cualquier momento, por cualquier forma admisible en\nderecho.<o:p><\/o:p><\/p><p class=\"MsoNormal\">Indicaci\u00f3n de precios<o:p><\/o:p><\/p><p class=\"MsoNormal\">En caso de que se muestren precios de productos y\/o\nservicios, los indicados en pantalla ser\u00e1n los vigentes en cada momento. Los\nprecios ser\u00e1n indicados en euros y tendr\u00e1n incorporado el Impuesto sobre el\nValor A\u00f1adido (IVA). En caso de que no se incorpore el IVA en el precio, se\nindicar\u00e1 de maneraexpresa y se permitir\u00e1 al usuario visualizar el precio final\ncompleto.<o:p><\/o:p><\/p><p class=\"MsoNormal\">Asimismo, si fuera aplicable cualquier otro impuesto, as\u00ed se\nindicar\u00eda, incluyendo, en su caso, el importe de los incrementos o descuentos\nque sean de aplicaci\u00f3n a la oferta y los gastos adicionales que puedan repercutir\nal consumidor o usuario.<o:p><\/o:p><\/p><p class=\"MsoNormal\">Propiedad intelectual e industrial<o:p><\/o:p><\/p><p class=\"MsoNormal\">GABRIEL PASCUAL FONT por s\u00ed misma o como cesionaria, es\ntitular de todos los derechos de propiedad intelectual e industrial de su\np\u00e1gina web, as\u00ed como de los elementos contenidos en la misma (a t\u00edtulo enunciativo,\nim\u00e1genes, sonido, audio, v\u00eddeo, software o textos; marcas o logotipos,\ncombinaciones de colores, estructura y dise\u00f1o, selecci\u00f3n de materiales usados,\nprogramas de ordenador necesarios para su funcionamiento, acceso y uso, etc.),\ntitularidad de GABRIEL PASCUAL FONT. Ser\u00e1n, por consiguiente, obras protegidas\ncomo propiedad intelectual por el ordenamiento jur\u00eddico espa\u00f1ol, si\u00e9ndoles\naplicables tanto la normativa espa\u00f1ola y comunitaria en este campo, como los\ntratados internacionales relativos a la materia y suscritos por Espa\u00f1a.<o:p><\/o:p><\/p><p class=\"MsoNormal\">Todos los derechos reservados. En virtud de lo dispuesto en\nla Ley de Propiedad Intelectual, quedan expresamente prohibidas la\nreproducci\u00f3n, la distribuci\u00f3n y la comunicaci\u00f3n p\u00fablica, incluida su modalidad de\npuesta a disposici\u00f3n, de la totalidad o parte de los contenidos de esta p\u00e1gina\nweb, con fines comerciales, en cualquier soporte y por cualquier medio t\u00e9cnico,\nsin la autorizaci\u00f3n de GABRIEL PASCUAL FONT.<o:p><\/o:p><\/p><p class=\"MsoNormal\">El usuario se compromete a respetar los derechos de\nPropiedad Intelectual e Industrial titularidad de GABRIEL PASCUAL FONT. Podr\u00e1\nvisualizar los elementos del portal e incluso imprimirlos, copiarlos y almacenarlos\nen el disco duro de su ordenador o en cualquier otro soporte f\u00edsico siempre y\ncuando sea, \u00fanica y exclusivamente, para su uso personal y privado. El usuario\ndeber\u00e1 abstenerse de suprimir, alterar, eludir o manipular cualquier\ndispositivo de protecci\u00f3n o sistema de seguridad que estuviera instalado en las\np\u00e1ginas de GABRIEL PASCUAL FONT.<o:p><\/o:p><\/p><p class=\"MsoNormal\">Acciones legales, legislaci\u00f3n aplicable y jurisdicci\u00f3n<o:p><\/o:p><\/p><p class=\"MsoNormal\">Si el usuario desea presentar una reclamaci\u00f3n, deber\u00e1\ncontactar mediante el correo electr\u00f3nico info@immopascual.com. Asimismo,\nGABRIEL PASCUAL FONT dispone de hojas oficiales de reclamaci\u00f3n a disposici\u00f3n de\nlos consumidores y usuarios.<o:p><\/o:p><\/p><p class=\"MsoNormal\">GABRIEL PASCUAL FONT se reserva la facultad de presentar las\nacciones civiles o penales que considere oportunas por la utilizaci\u00f3n indebida\nde su sitio web y contenidos, o por el incumplimiento de las presentes\ncondiciones.<o:p><\/o:p><\/p><p class=\"MsoNormal\">La relaci\u00f3n entre el usuario y el prestador se regir\u00e1 por la\nnormativa vigente y de aplicaci\u00f3n en el territorio espa\u00f1ol. De surgir cualquier\ncontroversia las partes podr\u00e1n someter sus conflictos a arbitraje o acudir a la\njurisdicci\u00f3n ordinaria cumpliendo con las normas sobre jurisdicci\u00f3n y\ncompetencia al respecto.<o:p><\/o:p><\/p><p>\n\n\n\n\n\n\n\n\n\n\n\n\n\n\n\n\n\n\n\n\n\n\n\n\n\n\n\n\n\n\n\n\n\n\n\n\n\n\n\n\n\n\n\n\n\n\n\n\n\n<\/p><p class=\"MsoNormal\" style=\"margin-left:35.4pt;text-indent:-35.4pt\">\u00daltima\nactualizaci\u00f3n: 23 de enero de 2025<o:p><\/o:p><\/p>\t\t\t\t\t\t\t\t<\/div>\n\t\t\t\t<\/div>\n\t\t\t\t\t<\/div>\n\t\t<\/div>\n\t\t\t\t\t<\/div>\n\t\t<\/section>\n\t\t\t\t<\/div>\n\t\t","protected":false},"excerpt":{"rendered":"<p>Aviso importante La informaci\u00f3n publicada en esta Web es orientativa y es proporcionada por el propietario del inmueble. AVISO LEGAL de www.immopascual.com Introducci\u00f3n En cumplimiento de la Ley 34\/2002, de 11 de julio, de Servicios de la Sociedad de la Informaci\u00f3n y de Comercio Electr\u00f3nico (LSSI-CE), GABRIEL PASCUAL FONT informa que es titular del sitio [&hellip;]<\/p>\n","protected":false},"author":1,"featured_media":0,"parent":0,"menu_order":0,"comment_status":"closed","ping_status":"closed","template":"","meta":{"_acf_changed":false,"om_disable_all_campaigns":false,"_monsterinsights_skip_tracking":false,"_monsterinsights_sitenote_active":false,"_monsterinsights_sitenote_note":"","_monsterinsights_sitenote_category":0,"_uf_show_specific_survey":0,"_uf_disable_surveys":false,"footnotes":""},"class_list":["post-19845","page","type-page","status-publish","hentry"],"acf":[],"aioseo_notices":[],"_links":{"self":[{"href":"https:\/\/immopascual.com\/es\/wp-json\/wp\/v2\/pages\/19845","targetHints":{"allow":["GET"]}}],"collection":[{"href":"https:\/\/immopascual.com\/es\/wp-json\/wp\/v2\/pages"}],"about":[{"href":"https:\/\/immopascual.com\/es\/wp-json\/wp\/v2\/types\/page"}],"author":[{"embeddable":true,"href":"https:\/\/immopascual.com\/es\/wp-json\/wp\/v2\/users\/1"}],"replies":[{"embeddable":true,"href":"https:\/\/immopascual.com\/es\/wp-json\/wp\/v2\/comments?post=19845"}],"version-history":[{"count":14,"href":"https:\/\/immopascual.com\/es\/wp-json\/wp\/v2\/pages\/19845\/revisions"}],"predecessor-version":[{"id":148721,"href":"https:\/\/immopascual.com\/es\/wp-json\/wp\/v2\/pages\/19845\/revisions\/148721"}],"wp:attachment":[{"href":"https:\/\/immopascual.com\/es\/wp-json\/wp\/v2\/media?parent=19845"}],"curies":[{"name":"wp","href":"https:\/\/api.w.org\/{rel}","templated":true}]}}