{"id":148742,"date":"2026-01-29T09:59:10","date_gmt":"2026-01-29T09:59:10","guid":{"rendered":"https:\/\/immopascual.com\/?page_id=148742"},"modified":"2026-01-29T13:52:20","modified_gmt":"2026-01-29T13:52:20","slug":"cookies","status":"publish","type":"page","link":"https:\/\/immopascual.com\/fr\/cookies\/","title":{"rendered":"Cookies"},"content":{"rendered":"\t\t<div data-elementor-type=\"wp-page\" data-elementor-id=\"148742\" class=\"elementor elementor-148742\">\n\t\t\t\t\t\t<section class=\"elementor-section elementor-top-section elementor-element elementor-element-8207e9c elementor-section-boxed elementor-section-height-default elementor-section-height-default\" data-id=\"8207e9c\" data-element_type=\"section\" data-e-type=\"section\">\n\t\t\t\t\t\t<div class=\"elementor-container elementor-column-gap-default\">\n\t\t\t\t\t<div class=\"elementor-column elementor-col-100 elementor-top-column elementor-element elementor-element-fb5538f\" data-id=\"fb5538f\" data-element_type=\"column\" data-e-type=\"column\">\n\t\t\t<div class=\"elementor-widget-wrap elementor-element-populated\">\n\t\t\t\t\t\t<div class=\"elementor-element elementor-element-0d2c908 elementor-widget elementor-widget-text-editor\" data-id=\"0d2c908\" data-element_type=\"widget\" data-e-type=\"widget\" data-widget_type=\"text-editor.default\">\n\t\t\t\t<div class=\"elementor-widget-container\">\n\t\t\t\t\t\t\t\t\t<p data-start=\"46\" data-end=\"339\" style=\"color: rgb(0, 0, 0); font-size: medium;\">Conform\u00e9ment aux dispositions de l\u2019article 22.2 de la loi 34\/2002 du 11 juillet sur les services de la soci\u00e9t\u00e9 de l\u2019information et le commerce \u00e9lectronique (LSSI-CE) en vigueur, <strong data-start=\"224\" data-end=\"248\">GABRIEL PASCUAL FONT<\/strong> doit respecter l\u2019obligation d\u2019informer sur les cookies qu\u2019il utilise et leurs finalit\u00e9s.<\/p><p data-start=\"341\" data-end=\"795\" style=\"color: rgb(0, 0, 0); font-size: medium;\">Ce site web utilise des cookies et\/ou des technologies similaires qui stockent et r\u00e9cup\u00e8rent des informations lorsque vous naviguez. Les cookies permettent \u00e0 un site web, entre autres, de stocker et de r\u00e9cup\u00e9rer des informations sur les habitudes de navigation d\u2019un Utilisateur ou de son appareil et, en fonction des informations qu\u2019ils contiennent et de la mani\u00e8re dont l\u2019appareil est utilis\u00e9, ils peuvent \u00eatre utilis\u00e9s pour reconna\u00eetre l\u2019Utilisateur.<\/p><p data-start=\"797\" data-end=\"1011\" style=\"color: rgb(0, 0, 0); font-size: medium;\">Les cookies sont essentiels au fonctionnement d\u2019internet, offrant d\u2019innombrables avantages dans la fourniture de services interactifs, facilitant la navigation et l\u2019ergonomie de notre site web pour l\u2019Utilisateur.<\/p><p data-start=\"1013\" data-end=\"1103\" style=\"color: rgb(0, 0, 0); font-size: medium;\">Les informations ci-dessous vous aideront \u00e0 comprendre les diff\u00e9rents types de cookies :<\/p><p data-start=\"1105\" data-end=\"1127\" style=\"color: rgb(0, 0, 0); font-size: medium;\"><strong data-start=\"1105\" data-end=\"1125\">TYPES DE COOKIES<\/strong><\/p><p data-start=\"1129\" data-end=\"1162\" style=\"color: rgb(0, 0, 0); font-size: medium;\"><strong data-start=\"1129\" data-end=\"1160\">SELON L\u2019ENTIT\u00c9 QUI LES G\u00c8RE<\/strong><\/p><p data-start=\"1164\" data-end=\"1383\" style=\"color: rgb(0, 0, 0); font-size: medium;\"><strong data-start=\"1164\" data-end=\"1183\">COOKIES PROPRES<\/strong><br data-start=\"1183\" data-end=\"1186\">Ce sont des cookies envoy\u00e9s \u00e0 l\u2019appareil terminal de l\u2019utilisateur depuis un dispositif ou un domaine g\u00e9r\u00e9 par l\u2019\u00e9diteur lui-m\u00eame et depuis lequel le service demand\u00e9 par l\u2019utilisateur est fourni.<\/p><p data-start=\"1385\" data-end=\"1620\" style=\"color: rgb(0, 0, 0); font-size: medium;\"><strong data-start=\"1385\" data-end=\"1405\">COOKIES DE TIERS<\/strong><br data-start=\"1405\" data-end=\"1408\">Ce sont des cookies envoy\u00e9s \u00e0 l\u2019appareil terminal de l\u2019utilisateur depuis un dispositif ou un domaine qui n\u2019est pas g\u00e9r\u00e9 par l\u2019\u00e9diteur, mais par une autre entit\u00e9 qui traite les donn\u00e9es obtenues via les cookies.<\/p><p data-start=\"1622\" data-end=\"1659\" style=\"color: rgb(0, 0, 0); font-size: medium;\"><strong data-start=\"1622\" data-end=\"1657\">SELON LA DUR\u00c9E DE LEUR ACTIVIT\u00c9<\/strong><\/p><p data-start=\"1661\" data-end=\"2048\" style=\"color: rgb(0, 0, 0); font-size: medium;\"><strong data-start=\"1661\" data-end=\"1683\">COOKIES DE SESSION<\/strong><br data-start=\"1683\" data-end=\"1686\">Ce sont des cookies con\u00e7us pour collecter et stocker des donn\u00e9es pendant que l\u2019utilisateur acc\u00e8de \u00e0 un site web. Ils sont g\u00e9n\u00e9ralement utilis\u00e9s pour stocker des informations qui n\u2019ont d\u2019int\u00e9r\u00eat que pour la prestation du service demand\u00e9 par l\u2019utilisateur \u00e0 une seule occasion (par exemple, une liste de produits achet\u00e9s) et disparaissent \u00e0 la fin de la session.<\/p><p data-start=\"2050\" data-end=\"2297\" style=\"color: rgb(0, 0, 0); font-size: medium;\"><strong data-start=\"2050\" data-end=\"2073\">COOKIES PERSISTANTS<\/strong><br data-start=\"2073\" data-end=\"2076\">Ce sont des cookies dont les donn\u00e9es restent stock\u00e9es sur l\u2019appareil et peuvent \u00eatre consult\u00e9es et trait\u00e9es pendant une p\u00e9riode d\u00e9finie par le responsable du cookie, pouvant aller de quelques minutes \u00e0 plusieurs ann\u00e9es.<\/p><p data-start=\"2299\" data-end=\"2324\" style=\"color: rgb(0, 0, 0); font-size: medium;\"><strong data-start=\"2299\" data-end=\"2322\">SELON LEUR FINALIT\u00c9<\/strong><\/p><p data-start=\"2326\" data-end=\"2537\" style=\"color: rgb(0, 0, 0); font-size: medium;\"><strong data-start=\"2326\" data-end=\"2348\">COOKIES TECHNIQUES<\/strong><br data-start=\"2348\" data-end=\"2351\">Ce sont des cookies qui permettent \u00e0 l\u2019utilisateur de naviguer sur un site web, une plateforme ou une application et d\u2019utiliser les diff\u00e9rentes options ou services qui y sont propos\u00e9s.<\/p><p data-start=\"2539\" data-end=\"2705\" style=\"color: rgb(0, 0, 0); font-size: medium;\"><strong data-start=\"2539\" data-end=\"2570\">COOKIES DE PERSONNALISATION<\/strong><br data-start=\"2570\" data-end=\"2573\">Ils permettent d\u2019appliquer des caract\u00e9ristiques propres \u00e0 la navigation de l\u2019utilisateur sur le site web (par exemple, la langue).<\/p><p data-start=\"2707\" data-end=\"3165\" style=\"color: rgb(0, 0, 0); font-size: medium;\"><strong data-start=\"2707\" data-end=\"2728\">COOKIES D\u2019ANALYSE<\/strong><br data-start=\"2728\" data-end=\"2731\">Ce sont des cookies qui permettent au responsable de suivre et d\u2019analyser le comportement des utilisateurs des sites web auxquels ils sont li\u00e9s, y compris la mesure de l\u2019impact des publicit\u00e9s. Les informations recueillies par ce type de cookies sont utilis\u00e9es pour mesurer l\u2019activit\u00e9 des sites web, applications ou plateformes, afin d\u2019apporter des am\u00e9liorations bas\u00e9es sur l\u2019analyse de l\u2019utilisation du service par les utilisateurs.<\/p><p data-start=\"3167\" data-end=\"3317\" style=\"color: rgb(0, 0, 0); font-size: medium;\"><strong data-start=\"3167\" data-end=\"3192\">COOKIES PUBLICITAIRES<\/strong><br data-start=\"3192\" data-end=\"3195\">Ils permettent \u00e0 l\u2019\u00e9diteur d\u2019inclure sur le site web des espaces publicitaires, en fonction du contenu du site lui-m\u00eame.<\/p><p data-start=\"3319\" data-end=\"3620\" style=\"color: rgb(0, 0, 0); font-size: medium;\"><strong data-start=\"3319\" data-end=\"3359\">COOKIES DE PUBLICIT\u00c9 COMPORTEMENTALE<\/strong><br data-start=\"3359\" data-end=\"3362\">Ce sont des cookies qui stockent des informations sur le comportement des utilisateurs obtenues par l\u2019observation continue de leurs habitudes de navigation, ce qui permet de cr\u00e9er un profil sp\u00e9cifique pour afficher de la publicit\u00e9 en fonction de ce profil.<\/p><p data-start=\"3622\" data-end=\"3799\" style=\"color: rgb(0, 0, 0); font-size: medium;\">Ci-dessous, nous fournissons des liens vers diff\u00e9rents navigateurs, par lesquels vous pouvez modifier les param\u00e8tres de votre navigateur concernant l\u2019utilisation des cookies :<\/p><p data-start=\"3801\" data-end=\"4355\" style=\"color: rgb(0, 0, 0); font-size: medium;\">Firefox : <a data-start=\"3811\" data-end=\"3895\" rel=\"noopener\" target=\"_new\" class=\"decorated-link\" href=\"https:\/\/support.mozilla.org\/es\/kb\/cookies-informacion-que-los-sitios-web-guardan-en-\">https:\/\/support.mozilla.org\/es\/kb\/cookies-informacion-que-los-sitios-web-guardan-en-<span aria-hidden=\"true\" class=\"ms-0.5 inline-block align-middle leading-none\"><svg xmlns=\"http:\/\/www.w3.org\/2000\/svg\" width=\"20\" height=\"20\" aria-hidden=\"true\" data-rtl-flip=\"\" class=\"block h-[0.75em] w-[0.75em] stroke-current stroke-[0.75]\"><use href=\"\/cdn\/assets\/sprites-core-mr1omm3f.svg#304883\" fill=\"currentColor\"><\/use><\/svg><\/span><\/a><br data-start=\"3895\" data-end=\"3898\">Chrome : <a data-start=\"3907\" data-end=\"3972\" rel=\"noopener\" target=\"_new\" class=\"decorated-link\" href=\"http:\/\/support.google.com\/chrome\/bin\/answer.py?hl=es&amp;answer=95647\">http:\/\/support.google.com\/chrome\/bin\/answer.py?hl=es&amp;answer=95647<span aria-hidden=\"true\" class=\"ms-0.5 inline-block align-middle leading-none\"><svg xmlns=\"http:\/\/www.w3.org\/2000\/svg\" width=\"20\" height=\"20\" aria-hidden=\"true\" data-rtl-flip=\"\" class=\"block h-[0.75em] w-[0.75em] stroke-current stroke-[0.75]\"><use href=\"\/cdn\/assets\/sprites-core-mr1omm3f.svg#304883\" fill=\"currentColor\"><\/use><\/svg><\/span><\/a><br data-start=\"3972\" data-end=\"3975\">Internet Explorer : <a data-start=\"3995\" data-end=\"4078\" rel=\"noopener\" target=\"_new\" class=\"decorated-link\" href=\"http:\/\/windows.microsoft.com\/es-es\/internet-explorer\/delete-manage-cookies#ie=ie-10\">http:\/\/windows.microsoft.com\/es-es\/internet-explorer\/delete-manage-cookies#ie=ie-10<span aria-hidden=\"true\" class=\"ms-0.5 inline-block align-middle leading-none\"><svg xmlns=\"http:\/\/www.w3.org\/2000\/svg\" width=\"20\" height=\"20\" aria-hidden=\"true\" data-rtl-flip=\"\" class=\"block h-[0.75em] w-[0.75em] stroke-current stroke-[0.75]\"><use href=\"\/cdn\/assets\/sprites-core-mr1omm3f.svg#304883\" fill=\"currentColor\"><\/use><\/svg><\/span><\/a><br data-start=\"4078\" data-end=\"4081\">Microsoft Edge : <a data-start=\"4098\" data-end=\"4224\" rel=\"noopener\" target=\"_new\" class=\"decorated-link\" href=\"https:\/\/support.microsoft.com\/es-es\/microsoft-edge\/eliminar-las-cookies-en-microsoft-edge-63947406-40ac-c3b8-57b9-2a946a29ae09\">https:\/\/support.microsoft.com\/es-es\/microsoft-edge\/eliminar-las-cookies-en-microsoft-edge-63947406-40ac-c3b8-57b9-2a946a29ae09<span aria-hidden=\"true\" class=\"ms-0.5 inline-block align-middle leading-none\"><svg xmlns=\"http:\/\/www.w3.org\/2000\/svg\" width=\"20\" height=\"20\" aria-hidden=\"true\" data-rtl-flip=\"\" class=\"block h-[0.75em] w-[0.75em] stroke-current stroke-[0.75]\"><use href=\"\/cdn\/assets\/sprites-core-mr1omm3f.svg#304883\" fill=\"currentColor\"><\/use><\/svg><\/span><\/a><br data-start=\"4224\" data-end=\"4227\">Safari : <a data-start=\"4236\" data-end=\"4285\" rel=\"noopener\" target=\"_new\" class=\"decorated-link\" href=\"https:\/\/support.apple.com\/kb\/ph17191?locale=es_ES\">https:\/\/support.apple.com\/kb\/ph17191?locale=es_ES<span aria-hidden=\"true\" class=\"ms-0.5 inline-block align-middle leading-none\"><svg xmlns=\"http:\/\/www.w3.org\/2000\/svg\" width=\"20\" height=\"20\" aria-hidden=\"true\" data-rtl-flip=\"\" class=\"block h-[0.75em] w-[0.75em] stroke-current stroke-[0.75]\"><use href=\"\/cdn\/assets\/sprites-core-mr1omm3f.svg#304883\" fill=\"currentColor\"><\/use><\/svg><\/span><\/a><br data-start=\"4285\" data-end=\"4288\">Opera : <a data-start=\"4296\" data-end=\"4353\" rel=\"noopener\" target=\"_new\" class=\"decorated-link\" href=\"https:\/\/help.opera.com\/en\/latest\/web-preferences\/#cookies\">https:\/\/help.opera.com\/en\/latest\/web-preferences\/#cookies<span aria-hidden=\"true\" class=\"ms-0.5 inline-block align-middle leading-none\"><svg xmlns=\"http:\/\/www.w3.org\/2000\/svg\" width=\"20\" height=\"20\" aria-hidden=\"true\" data-rtl-flip=\"\" class=\"block h-[0.75em] w-[0.75em] stroke-current stroke-[0.75]\"><use href=\"\/cdn\/assets\/sprites-core-mr1omm3f.svg#304883\" fill=\"currentColor\"><\/use><\/svg><\/span><\/a><\/p><p data-start=\"4357\" data-end=\"4507\" style=\"color: rgb(0, 0, 0); font-size: medium;\">Pour obtenir plus d\u2019informations sur le traitement des donn\u00e9es personnelles, nous vous recommandons de consulter notre Politique de confidentialit\u00e9.<\/p><p data-start=\"4509\" data-end=\"4553\" style=\"color: rgb(0, 0, 0); font-size: medium;\"><strong data-start=\"4509\" data-end=\"4551\">Derni\u00e8re mise \u00e0 jour : 23 janvier 2025<\/strong><\/p>\t\t\t\t\t\t\t\t<\/div>\n\t\t\t\t<\/div>\n\t\t\t\t\t<\/div>\n\t\t<\/div>\n\t\t\t\t\t<\/div>\n\t\t<\/section>\n\t\t\t\t<\/div>\n\t\t","protected":false},"excerpt":{"rendered":"<p>Conform\u00e9ment aux dispositions de l\u2019article 22.2 de la loi 34\/2002 du 11 juillet sur les services de la soci\u00e9t\u00e9 de l\u2019information et le commerce \u00e9lectronique (LSSI-CE) en vigueur, GABRIEL PASCUAL FONT doit respecter l\u2019obligation d\u2019informer sur les cookies qu\u2019il utilise et leurs finalit\u00e9s. Ce site web utilise des cookies et\/ou des technologies similaires qui stockent [&hellip;]<\/p>\n","protected":false},"author":1,"featured_media":0,"parent":0,"menu_order":0,"comment_status":"closed","ping_status":"closed","template":"","meta":{"_acf_changed":false,"om_disable_all_campaigns":false,"_monsterinsights_skip_tracking":false,"_monsterinsights_sitenote_active":false,"_monsterinsights_sitenote_note":"","_monsterinsights_sitenote_category":0,"_uf_show_specific_survey":0,"_uf_disable_surveys":false,"footnotes":""},"class_list":["post-148742","page","type-page","status-publish","hentry"],"acf":[],"aioseo_notices":[],"_links":{"self":[{"href":"https:\/\/immopascual.com\/fr\/wp-json\/wp\/v2\/pages\/148742","targetHints":{"allow":["GET"]}}],"collection":[{"href":"https:\/\/immopascual.com\/fr\/wp-json\/wp\/v2\/pages"}],"about":[{"href":"https:\/\/immopascual.com\/fr\/wp-json\/wp\/v2\/types\/page"}],"author":[{"embeddable":true,"href":"https:\/\/immopascual.com\/fr\/wp-json\/wp\/v2\/users\/1"}],"replies":[{"embeddable":true,"href":"https:\/\/immopascual.com\/fr\/wp-json\/wp\/v2\/comments?post=148742"}],"version-history":[{"count":4,"href":"https:\/\/immopascual.com\/fr\/wp-json\/wp\/v2\/pages\/148742\/revisions"}],"predecessor-version":[{"id":148762,"href":"https:\/\/immopascual.com\/fr\/wp-json\/wp\/v2\/pages\/148742\/revisions\/148762"}],"wp:attachment":[{"href":"https:\/\/immopascual.com\/fr\/wp-json\/wp\/v2\/media?parent=148742"}],"curies":[{"name":"wp","href":"https:\/\/api.w.org\/{rel}","templated":true}]}}