{"id":18084,"date":"2022-01-13T21:39:46","date_gmt":"2022-01-13T21:39:46","guid":{"rendered":"https:\/\/immopascual.com\/?page_id=18084"},"modified":"2022-02-22T11:13:24","modified_gmt":"2022-02-22T11:13:24","slug":"nous","status":"publish","type":"page","link":"https:\/\/immopascual.com\/fr\/nous\/","title":{"rendered":"Qui sommes-nous?"},"content":{"rendered":"\t\t<div data-elementor-type=\"wp-page\" data-elementor-id=\"18084\" class=\"elementor elementor-18084\">\n\t\t\t\t\t\t<section class=\"elementor-section elementor-top-section elementor-element elementor-element-5118c9e elementor-section-boxed elementor-section-height-default elementor-section-height-default\" data-id=\"5118c9e\" data-element_type=\"section\" data-e-type=\"section\" data-settings=\"{&quot;background_background&quot;:&quot;classic&quot;}\">\n\t\t\t\t\t\t<div class=\"elementor-container elementor-column-gap-default\">\n\t\t\t\t\t<div class=\"elementor-column elementor-col-100 elementor-top-column elementor-element elementor-element-96058e3\" data-id=\"96058e3\" data-element_type=\"column\" data-e-type=\"column\">\n\t\t\t<div class=\"elementor-widget-wrap elementor-element-populated\">\n\t\t\t\t\t\t<div class=\"elementor-element elementor-element-771abf6 elementor-widget elementor-widget-spacer\" data-id=\"771abf6\" data-element_type=\"widget\" data-e-type=\"widget\" data-widget_type=\"spacer.default\">\n\t\t\t\t<div class=\"elementor-widget-container\">\n\t\t\t\t\t\t\t<div class=\"elementor-spacer\">\n\t\t\t<div class=\"elementor-spacer-inner\"><\/div>\n\t\t<\/div>\n\t\t\t\t\t\t<\/div>\n\t\t\t\t<\/div>\n\t\t\t\t<div class=\"elementor-element elementor-element-0aefc1d animated-slow elementor-invisible elementor-widget elementor-widget-houzez_elementor_section_title\" data-id=\"0aefc1d\" data-element_type=\"widget\" data-e-type=\"widget\" data-settings=\"{&quot;_animation&quot;:&quot;fadeIn&quot;}\" data-widget_type=\"houzez_elementor_section_title.default\">\n\t\t\t\t<div class=\"elementor-widget-container\">\n\t\t\t\t\t            <div class=\"houzez_section_title_wrap section-title-module\">\n                                    <h2 class=\"houzez_section_title\">Qui sommes-nous?<\/h2>\n                \n                            <\/div>\n            \t\t\t\t<\/div>\n\t\t\t\t<\/div>\n\t\t\t\t<div class=\"elementor-element elementor-element-3f07308 elementor-widget elementor-widget-image\" data-id=\"3f07308\" data-element_type=\"widget\" data-e-type=\"widget\" data-widget_type=\"image.default\">\n\t\t\t\t<div class=\"elementor-widget-container\">\n\t\t\t\t\t\t\t\t\t\t\t\t\t\t\t<img fetchpriority=\"high\" decoding=\"async\" width=\"1024\" height=\"683\" src=\"https:\/\/immopascual.com\/wp-content\/uploads\/2022\/02\/ODH_0004-1024x683.jpg\" class=\"attachment-large size-large wp-image-19851\" alt=\"\" srcset=\"https:\/\/immopascual.com\/wp-content\/uploads\/2022\/02\/ODH_0004-1024x683.jpg 1024w, https:\/\/immopascual.com\/wp-content\/uploads\/2022\/02\/ODH_0004-300x200.jpg 300w, https:\/\/immopascual.com\/wp-content\/uploads\/2022\/02\/ODH_0004-768x512.jpg 768w, https:\/\/immopascual.com\/wp-content\/uploads\/2022\/02\/ODH_0004-1536x1025.jpg 1536w, https:\/\/immopascual.com\/wp-content\/uploads\/2022\/02\/ODH_0004-2048x1367.jpg 2048w, https:\/\/immopascual.com\/wp-content\/uploads\/2022\/02\/ODH_0004-899x600.jpg 899w, https:\/\/immopascual.com\/wp-content\/uploads\/2022\/02\/ODH_0004-496x331.jpg 496w\" sizes=\"(max-width: 1024px) 100vw, 1024px\" \/>\t\t\t\t\t\t\t\t\t\t\t\t\t\t\t<\/div>\n\t\t\t\t<\/div>\n\t\t\t\t<div class=\"elementor-element elementor-element-b3c1570 elementor-widget elementor-widget-spacer\" data-id=\"b3c1570\" data-element_type=\"widget\" data-e-type=\"widget\" data-widget_type=\"spacer.default\">\n\t\t\t\t<div class=\"elementor-widget-container\">\n\t\t\t\t\t\t\t<div class=\"elementor-spacer\">\n\t\t\t<div class=\"elementor-spacer-inner\"><\/div>\n\t\t<\/div>\n\t\t\t\t\t\t<\/div>\n\t\t\t\t<\/div>\n\t\t\t\t<div class=\"elementor-element elementor-element-e234b6d elementor-widget elementor-widget-text-editor\" data-id=\"e234b6d\" data-element_type=\"widget\" data-e-type=\"widget\" data-widget_type=\"text-editor.default\">\n\t\t\t\t<div class=\"elementor-widget-container\">\n\t\t\t\t\t\t\t\t\t<p>Dans <span style=\"color: #fecb21;\"><strong>PASCUAL ASSOCIATS<\/strong><\/span> , einem Unternehmen, das sich haupts\u00e4chlich mit Immobilienmanagement und Immobilienentwicklungen besch\u00e4ftigt, finden Sie die Professionalit\u00e4t, die Sie zu Ihren Diensmit ben\u00f6t Doismits benits Diensmitsen Verkauf oder der Bau einer Immobilie (von einer einfachen Wohnung bis zu einem fantastischen Anwesen) ist f\u00fcr Sie so einfach und gleichzeitig personalisiert, immer mit der <a href=\"https:\/\/abaibalears.com\/\">Best\u00e4tigung der Vereinigung der Immobilienberater der Balearen<\/a> (AEBI).<\/p><p>Zus\u00e4tzlich zu einem breiten Portfolio von Immobilien, die unsere Kunden uns mit der Verwaltung des Verkaufs (oder des Baus) anvertraut haben, bieten wir auch eigene Immobilienaktionen mit der Garantie von <strong><span style=\"color: #fecb21;\">PASCUAL ASSOCI\u00c9S<\/span><\/strong><\/p><p>Wir helfen Ihnen bei der Suche nach der gew\u00fcnschten Immobilie mit dem besten Preis- \/ Leistungsverh\u00e4ltnis und verarbeiten alle erforderlichen Unterlagen, um den Kauf einfach, effektiv und garantiiert zu gestalten. (NIE, Notar, Registrierung, Steuern, Geb\u00fchren) Auf Wunsch fragen wir nach der Hypothek, die Ihren Bed\u00fcrfnissen am besten entspricht.<\/p><p>Sobald die Immobilie gekauft wurde, beraten wir Sie zusammen mit den entsprechenden Fachleuten bei der Zahlung aller Arten von Steuern (Steuern, Einkommen, Verm\u00f6gen, &#8230;) et beim Abschluss von Versicherungen (zu Hause, im Leben, im Auto, &#8230;) .), die Sanierung oder Umgestaltung von Wohnungen, Kurz jede Art von Wartung, Service, den Sie f\u00fcr Ihr Zuhause ben\u00f6tigen.<\/p><p>Wenn Sie Ihr eigenes Haus bauen andererseits m\u00f6chten, k\u00f6nnen wir den gesamten Prozess des Grundst\u00fccks vom Kauf \u00fcber die Entwicklung und Bau- des Dekorationsprojekts, die der Bearbeitung und die st\u00e4dtebaulichen Genehmigungen Einholung von bis hin zur Genehmigungen Beauftragung des Bauunternehmens koordinieren und andere industrielle , alle bis zur Lieferung von Schl\u00fcsseln f\u00fcr Bewohnbarkeit und Genuss.<\/p><p>F\u00fcr Kunden, die ihre Immobilie verkaufen m\u00f6chten, helfen wir Ihnen bei der Festlegung des Verkaufspreises, wir machen Werbung, informer die Interessenten und wir werden die Immobilie besuchen, wir halten entsprechenden Vertr\u00e4ge f\u00fcr die Reservierung oder Verkauf bis zur Unterschrift des Notars, immer mit unserem Rat.<\/p><p>Wenn Sie nach dem Besuch unserer Website nicht finden, wonach Sie suchen, z\u00f6gern Sie nicht, uns zu kontaktieren. Wir helfen Ihnen bei der Suche.<\/p><p>Vertrauen Sie uns und wir machen Ihren Kauf zu einer guten Investition.<\/p>\t\t\t\t\t\t\t\t<\/div>\n\t\t\t\t<\/div>\n\t\t\t\t<div class=\"elementor-element elementor-element-1112708 elementor-widget elementor-widget-spacer\" data-id=\"1112708\" data-element_type=\"widget\" data-e-type=\"widget\" data-widget_type=\"spacer.default\">\n\t\t\t\t<div class=\"elementor-widget-container\">\n\t\t\t\t\t\t\t<div class=\"elementor-spacer\">\n\t\t\t<div class=\"elementor-spacer-inner\"><\/div>\n\t\t<\/div>\n\t\t\t\t\t\t<\/div>\n\t\t\t\t<\/div>\n\t\t\t\t\t<\/div>\n\t\t<\/div>\n\t\t\t\t\t<\/div>\n\t\t<\/section>\n\t\t\t\t<section class=\"elementor-section elementor-top-section elementor-element elementor-element-9d8ca96 elementor-section-boxed elementor-section-height-default elementor-section-height-default\" data-id=\"9d8ca96\" data-element_type=\"section\" data-e-type=\"section\">\n\t\t\t\t\t\t<div class=\"elementor-container elementor-column-gap-default\">\n\t\t\t\t\t<div class=\"elementor-column elementor-col-100 elementor-top-column elementor-element elementor-element-d16afce\" data-id=\"d16afce\" data-element_type=\"column\" data-e-type=\"column\">\n\t\t\t<div class=\"elementor-widget-wrap elementor-element-populated\">\n\t\t\t\t\t\t<div class=\"elementor-element elementor-element-90aa17b elementor-widget elementor-widget-spacer\" data-id=\"90aa17b\" data-element_type=\"widget\" data-e-type=\"widget\" data-widget_type=\"spacer.default\">\n\t\t\t\t<div class=\"elementor-widget-container\">\n\t\t\t\t\t\t\t<div class=\"elementor-spacer\">\n\t\t\t<div class=\"elementor-spacer-inner\"><\/div>\n\t\t<\/div>\n\t\t\t\t\t\t<\/div>\n\t\t\t\t<\/div>\n\t\t\t\t<div class=\"elementor-element elementor-element-17e122a animated-slow elementor-invisible elementor-widget elementor-widget-houzez_elementor_section_title\" data-id=\"17e122a\" data-element_type=\"widget\" data-e-type=\"widget\" data-settings=\"{&quot;_animation&quot;:&quot;fadeIn&quot;}\" data-widget_type=\"houzez_elementor_section_title.default\">\n\t\t\t\t<div class=\"elementor-widget-container\">\n\t\t\t\t\t            <div class=\"houzez_section_title_wrap section-title-module\">\n                                    <h2 class=\"houzez_section_title\">Entr\u00e9es de notre blog<\/h2>\n                \n                            <\/div>\n            \t\t\t\t<\/div>\n\t\t\t\t<\/div>\n\t\t\t\t<section class=\"elementor-section elementor-inner-section elementor-element elementor-element-c3bc728 elementor-section-boxed elementor-section-height-default elementor-section-height-default\" data-id=\"c3bc728\" data-element_type=\"section\" data-e-type=\"section\">\n\t\t\t\t\t\t<div class=\"elementor-container elementor-column-gap-default\">\n\t\t\t\t\t<div class=\"elementor-column elementor-col-100 elementor-inner-column elementor-element elementor-element-1c97579\" data-id=\"1c97579\" data-element_type=\"column\" data-e-type=\"column\">\n\t\t\t<div class=\"elementor-widget-wrap elementor-element-populated\">\n\t\t\t\t\t\t<div class=\"elementor-element elementor-element-7799eb5 elementor-widget elementor-widget-houzez_elementor_blog_posts\" data-id=\"7799eb5\" data-element_type=\"widget\" data-e-type=\"widget\" data-widget_type=\"houzez_elementor_blog_posts.default\">\n\t\t\t\t<div class=\"elementor-widget-container\">\n\t\t\t\t\t\n        <div class=\"blog-posts-module blog-posts-module-v1\">\n            <div class=\"row module-row\">\n                                    <div class=\"col-lg-3 col-md-6\">\n                        <div id=\"post-138161\" class=\"blog-post-item blog-post-item-v1 post-138161 post type-post status-publish format-standard has-post-thumbnail hentry category-non-classifiee\">\n\t\n\t\t<div class=\"blog-post-thumb\">\n\t\t<a href=\"https:\/\/immopascual.com\/fr\/les-ventes-dimmeuble-et-le-probleme-des-zone-inondables\/\" class=\"hover-effect\">\n\t\t\t<img decoding=\"async\" width=\"592\" height=\"444\" src=\"https:\/\/immopascual.com\/wp-content\/uploads\/2025\/02\/apr-inundacio-592x444.jpg?v=1739347427\" class=\"img-fluid wp-post-image\" alt=\"\" srcset=\"https:\/\/immopascual.com\/wp-content\/uploads\/2025\/02\/apr-inundacio-592x444.jpg?v=1739347427 592w, https:\/\/immopascual.com\/wp-content\/uploads\/2025\/02\/apr-inundacio-584x438.jpg?v=1739347427 584w, https:\/\/immopascual.com\/wp-content\/uploads\/2025\/02\/apr-inundacio-120x90.jpg?v=1739347427 120w\" sizes=\"(max-width: 592px) 100vw, 592px\" \/>\t\t<\/a>\n\t<\/div><!-- blog-post-thumb -->\n\t\n\t<div class=\"blog-post-content-wrap\">\n\t\t<div class=\"blog-post-meta\">\n\t\t\t<ul class=\"list-inline\">\n\t\t\t\t\t\t\t\t<li class=\"list-inline-item\">\n\t\t\t\t\t<time datetime=\"12 de February de 2025\"><i class=\"houzez-icon icon-calendar-3 mr-1\"><\/i> 12 de February de 2025<\/time>\n\t\t\t\t<\/li>\n\t\t\t\t\n\t\t\t\t\t\t\t\t<li class=\"list-inline-item\">\n\t\t\t\t\t<i class=\"houzez-icon icon-tags mr-1\"><\/i> <a href=\"https:\/\/immopascual.com\/fr\/category\/non-classifiee\/\" rel=\"category tag\">Non classifi\u00e9(e)<\/a>\t\t\t\t<\/li>\n\t\t\t\t\n\t\t\t<\/ul>\n\t\t<\/div><!-- blog-post-meta -->\n\t\t<div class=\"blog-post-title\">\n\t\t\t<h3><a href=\"https:\/\/immopascual.com\/fr\/les-ventes-dimmeuble-et-le-probleme-des-zone-inondables\/\">Les ventes d\u2019immeuble et le probl\u00e8me des zone inondables<\/a><\/h3>\n\t\t<\/div><!-- blog-post-title -->\n\t\t<div class=\"blog-post-body\">\n\t\t\tLe 13 d\u00e9cembre 2024, un d\u00e9cret-loi, num\u00e9ro 6\/2024, a modifi\u00e9 les ventes dans les \u00eeles...\t\t<\/div><!-- blog-post-body -->\n\t\t<div class=\"blog-post-link\">\n\t\t\t<a href=\"https:\/\/immopascual.com\/fr\/les-ventes-dimmeuble-et-le-probleme-des-zone-inondables\/\"><\/a>\n\t\t<\/div><!-- blog-post-link -->\n\t<\/div><!-- blog-post-content-wrap -->\n\t\t<div class=\"blog-post-author\">\n\t\t<i class=\"houzez-icon icon-single-neutral mr-1\"><\/i>  Immopascual\t<\/div>\n\t<\/div><!-- blog-post-item -->                    <\/div>\n                                    <div class=\"col-lg-3 col-md-6\">\n                        <div id=\"post-133917\" class=\"blog-post-item blog-post-item-v1 post-133917 post type-post status-publish format-standard has-post-thumbnail hentry category-non-classifiee\">\n\t\n\t\t<div class=\"blog-post-thumb\">\n\t\t<a href=\"https:\/\/immopascual.com\/fr\/la-legalisation-extraordinaire-de-fincas-pour-quelles-fincas-comment-et-a-quel-cout\/\" class=\"hover-effect\">\n\t\t\t<img decoding=\"async\" width=\"592\" height=\"444\" src=\"https:\/\/immopascual.com\/wp-content\/uploads\/2024\/06\/articulo-legalizar-finca-592x444.jpg?v=1717766628\" class=\"img-fluid wp-post-image\" alt=\"\" srcset=\"https:\/\/immopascual.com\/wp-content\/uploads\/2024\/06\/articulo-legalizar-finca-592x444.jpg?v=1717766628 592w, https:\/\/immopascual.com\/wp-content\/uploads\/2024\/06\/articulo-legalizar-finca-300x225.jpg?v=1717766628 300w, https:\/\/immopascual.com\/wp-content\/uploads\/2024\/06\/articulo-legalizar-finca-1024x768.jpg?v=1717766628 1024w, https:\/\/immopascual.com\/wp-content\/uploads\/2024\/06\/articulo-legalizar-finca-768x576.jpg?v=1717766628 768w, https:\/\/immopascual.com\/wp-content\/uploads\/2024\/06\/articulo-legalizar-finca-584x438.jpg?v=1717766628 584w, https:\/\/immopascual.com\/wp-content\/uploads\/2024\/06\/articulo-legalizar-finca-800x600.jpg?v=1717766628 800w, https:\/\/immopascual.com\/wp-content\/uploads\/2024\/06\/articulo-legalizar-finca-120x90.jpg?v=1717766628 120w, https:\/\/immopascual.com\/wp-content\/uploads\/2024\/06\/articulo-legalizar-finca-496x372.jpg?v=1717766628 496w, https:\/\/immopascual.com\/wp-content\/uploads\/2024\/06\/articulo-legalizar-finca.jpg?v=1717766628 1280w\" sizes=\"(max-width: 592px) 100vw, 592px\" \/>\t\t<\/a>\n\t<\/div><!-- blog-post-thumb -->\n\t\n\t<div class=\"blog-post-content-wrap\">\n\t\t<div class=\"blog-post-meta\">\n\t\t\t<ul class=\"list-inline\">\n\t\t\t\t\t\t\t\t<li class=\"list-inline-item\">\n\t\t\t\t\t<time datetime=\"12 de June de 2024\"><i class=\"houzez-icon icon-calendar-3 mr-1\"><\/i> 12 de June de 2024<\/time>\n\t\t\t\t<\/li>\n\t\t\t\t\n\t\t\t\t\t\t\t\t<li class=\"list-inline-item\">\n\t\t\t\t\t<i class=\"houzez-icon icon-tags mr-1\"><\/i> <a href=\"https:\/\/immopascual.com\/fr\/category\/non-classifiee\/\" rel=\"category tag\">Non classifi\u00e9(e)<\/a>\t\t\t\t<\/li>\n\t\t\t\t\n\t\t\t<\/ul>\n\t\t<\/div><!-- blog-post-meta -->\n\t\t<div class=\"blog-post-title\">\n\t\t\t<h3><a href=\"https:\/\/immopascual.com\/fr\/la-legalisation-extraordinaire-de-fincas-pour-quelles-fincas-comment-et-a-quel-cout\/\">La legalisation extraordinaire de fincas , pour quelles Fincas , comment et \u00e0 quel co\u00fbt<\/a><\/h3>\n\t\t<\/div><!-- blog-post-title -->\n\t\t<div class=\"blog-post-body\">\n\t\t\tLe nouveau d\u00e9cret-loi 3\/2024 du 24 mai 2024 introduit de nouvelles mesures pour les logements....\t\t<\/div><!-- blog-post-body -->\n\t\t<div class=\"blog-post-link\">\n\t\t\t<a href=\"https:\/\/immopascual.com\/fr\/la-legalisation-extraordinaire-de-fincas-pour-quelles-fincas-comment-et-a-quel-cout\/\"><\/a>\n\t\t<\/div><!-- blog-post-link -->\n\t<\/div><!-- blog-post-content-wrap -->\n\t\t<div class=\"blog-post-author\">\n\t\t<i class=\"houzez-icon icon-single-neutral mr-1\"><\/i>  Immopascual\t<\/div>\n\t<\/div><!-- blog-post-item -->                    <\/div>\n                                    <div class=\"col-lg-3 col-md-6\">\n                        <div id=\"post-18514\" class=\"blog-post-item blog-post-item-v1 post-18514 post type-post status-publish format-standard has-post-thumbnail hentry category-non-classifiee\">\n\t\n\t\t<div class=\"blog-post-thumb\">\n\t\t<a href=\"https:\/\/immopascual.com\/fr\/les-professionnels-de-limmobilier-qui-vont-vous-aider\/\" class=\"hover-effect\">\n\t\t\t<img loading=\"lazy\" decoding=\"async\" width=\"592\" height=\"444\" src=\"https:\/\/immopascual.com\/wp-content\/uploads\/2022\/01\/hands-of-agent-and-client-shaking-hands-after-signed-contract-buy-new-apartment-592x444.jpg?v=1647625465\" class=\"img-fluid wp-post-image\" alt=\"\" srcset=\"https:\/\/immopascual.com\/wp-content\/uploads\/2022\/01\/hands-of-agent-and-client-shaking-hands-after-signed-contract-buy-new-apartment-592x444.jpg?v=1647625465 592w, https:\/\/immopascual.com\/wp-content\/uploads\/2022\/01\/hands-of-agent-and-client-shaking-hands-after-signed-contract-buy-new-apartment-584x438.jpg?v=1647625465 584w, https:\/\/immopascual.com\/wp-content\/uploads\/2022\/01\/hands-of-agent-and-client-shaking-hands-after-signed-contract-buy-new-apartment-120x90.jpg?v=1647625465 120w\" sizes=\"(max-width: 592px) 100vw, 592px\" \/>\t\t<\/a>\n\t<\/div><!-- blog-post-thumb -->\n\t\n\t<div class=\"blog-post-content-wrap\">\n\t\t<div class=\"blog-post-meta\">\n\t\t\t<ul class=\"list-inline\">\n\t\t\t\t\t\t\t\t<li class=\"list-inline-item\">\n\t\t\t\t\t<time datetime=\"17 de January de 2022\"><i class=\"houzez-icon icon-calendar-3 mr-1\"><\/i> 17 de January de 2022<\/time>\n\t\t\t\t<\/li>\n\t\t\t\t\n\t\t\t\t\t\t\t\t<li class=\"list-inline-item\">\n\t\t\t\t\t<i class=\"houzez-icon icon-tags mr-1\"><\/i> <a href=\"https:\/\/immopascual.com\/fr\/category\/non-classifiee\/\" rel=\"category tag\">Non classifi\u00e9(e)<\/a>\t\t\t\t<\/li>\n\t\t\t\t\n\t\t\t<\/ul>\n\t\t<\/div><!-- blog-post-meta -->\n\t\t<div class=\"blog-post-title\">\n\t\t\t<h3><a href=\"https:\/\/immopascual.com\/fr\/les-professionnels-de-limmobilier-qui-vont-vous-aider\/\">Les professionnels de l&#8217;immobilier qui vont vous aider<\/a><\/h3>\n\t\t<\/div><!-- blog-post-title -->\n\t\t<div class=\"blog-post-body\">\n\t\t\tCertains professionnels sont n\u00e9cessaires lors de l'achat de biens en Espagne. L'agent immobilier...\t\t<\/div><!-- blog-post-body -->\n\t\t<div class=\"blog-post-link\">\n\t\t\t<a href=\"https:\/\/immopascual.com\/fr\/les-professionnels-de-limmobilier-qui-vont-vous-aider\/\"><\/a>\n\t\t<\/div><!-- blog-post-link -->\n\t<\/div><!-- blog-post-content-wrap -->\n\t\t<div class=\"blog-post-author\">\n\t\t<i class=\"houzez-icon icon-single-neutral mr-1\"><\/i>  Immopascual\t<\/div>\n\t<\/div><!-- blog-post-item -->                    <\/div>\n                                    <div class=\"col-lg-3 col-md-6\">\n                        <div id=\"post-18512\" class=\"blog-post-item blog-post-item-v1 post-18512 post type-post status-publish format-standard has-post-thumbnail hentry category-non-classifiee\">\n\t\n\t\t<div class=\"blog-post-thumb\">\n\t\t<a href=\"https:\/\/immopascual.com\/fr\/la-license-de-tourisme-au-15-mars-2017\/\" class=\"hover-effect\">\n\t\t\t<img loading=\"lazy\" decoding=\"async\" width=\"592\" height=\"444\" src=\"https:\/\/immopascual.com\/wp-content\/uploads\/2022\/01\/jpg-blog-592x444.jpg\" class=\"img-fluid wp-post-image\" alt=\"\" srcset=\"https:\/\/immopascual.com\/wp-content\/uploads\/2022\/01\/jpg-blog-592x444.jpg 592w, https:\/\/immopascual.com\/wp-content\/uploads\/2022\/01\/jpg-blog-584x438.jpg 584w, https:\/\/immopascual.com\/wp-content\/uploads\/2022\/01\/jpg-blog-120x90.jpg 120w\" sizes=\"(max-width: 592px) 100vw, 592px\" \/>\t\t<\/a>\n\t<\/div><!-- blog-post-thumb -->\n\t\n\t<div class=\"blog-post-content-wrap\">\n\t\t<div class=\"blog-post-meta\">\n\t\t\t<ul class=\"list-inline\">\n\t\t\t\t\t\t\t\t<li class=\"list-inline-item\">\n\t\t\t\t\t<time datetime=\"17 de January de 2022\"><i class=\"houzez-icon icon-calendar-3 mr-1\"><\/i> 17 de January de 2022<\/time>\n\t\t\t\t<\/li>\n\t\t\t\t\n\t\t\t\t\t\t\t\t<li class=\"list-inline-item\">\n\t\t\t\t\t<i class=\"houzez-icon icon-tags mr-1\"><\/i> <a href=\"https:\/\/immopascual.com\/fr\/category\/non-classifiee\/\" rel=\"category tag\">Non classifi\u00e9(e)<\/a>\t\t\t\t<\/li>\n\t\t\t\t\n\t\t\t<\/ul>\n\t\t<\/div><!-- blog-post-meta -->\n\t\t<div class=\"blog-post-title\">\n\t\t\t<h3><a href=\"https:\/\/immopascual.com\/fr\/la-license-de-tourisme-au-15-mars-2017\/\">LA LICENSE DE TOURISME AU 15 MARS 2017<\/a><\/h3>\n\t\t<\/div><!-- blog-post-title -->\n\t\t<div class=\"blog-post-body\">\n\t\t\tvous pourrez la demander Vous ne pouvez pas la demander Avant de commencer une...\t\t<\/div><!-- blog-post-body -->\n\t\t<div class=\"blog-post-link\">\n\t\t\t<a href=\"https:\/\/immopascual.com\/fr\/la-license-de-tourisme-au-15-mars-2017\/\"><\/a>\n\t\t<\/div><!-- blog-post-link -->\n\t<\/div><!-- blog-post-content-wrap -->\n\t\t<div class=\"blog-post-author\">\n\t\t<i class=\"houzez-icon icon-single-neutral mr-1\"><\/i>  Immopascual\t<\/div>\n\t<\/div><!-- blog-post-item -->                    <\/div>\n                            <\/div>\n        <\/div>\n\n        \t\t\t\t<\/div>\n\t\t\t\t<\/div>\n\t\t\t\t\t<\/div>\n\t\t<\/div>\n\t\t\t\t\t<\/div>\n\t\t<\/section>\n\t\t\t\t<div class=\"elementor-element elementor-element-01b2aed elementor-widget elementor-widget-spacer\" data-id=\"01b2aed\" data-element_type=\"widget\" data-e-type=\"widget\" data-widget_type=\"spacer.default\">\n\t\t\t\t<div class=\"elementor-widget-container\">\n\t\t\t\t\t\t\t<div class=\"elementor-spacer\">\n\t\t\t<div class=\"elementor-spacer-inner\"><\/div>\n\t\t<\/div>\n\t\t\t\t\t\t<\/div>\n\t\t\t\t<\/div>\n\t\t\t\t\t<\/div>\n\t\t<\/div>\n\t\t\t\t\t<\/div>\n\t\t<\/section>\n\t\t\t\t<\/div>\n\t\t","protected":false},"excerpt":{"rendered":"<p>Qui sommes-nous? Dans PASCUAL ASSOCIATS , einem Unternehmen, das sich haupts\u00e4chlich mit Immobilienmanagement und Immobilienentwicklungen besch\u00e4ftigt, finden Sie die Professionalit\u00e4t, die Sie zu Ihren Diensmit ben\u00f6t Doismits benits Diensmitsen Verkauf oder der Bau einer Immobilie (von einer einfachen Wohnung bis zu einem fantastischen Anwesen) ist f\u00fcr Sie so einfach und gleichzeitig personalisiert, immer mit der [&hellip;]<\/p>\n","protected":false},"author":1,"featured_media":0,"parent":0,"menu_order":0,"comment_status":"closed","ping_status":"closed","template":"template\/template-homepage.php","meta":{"_acf_changed":false,"om_disable_all_campaigns":false,"_monsterinsights_skip_tracking":false,"_monsterinsights_sitenote_active":false,"_monsterinsights_sitenote_note":"","_monsterinsights_sitenote_category":0,"_uf_show_specific_survey":0,"_uf_disable_surveys":false,"footnotes":""},"class_list":["post-18084","page","type-page","status-publish","hentry"],"acf":[],"aioseo_notices":[],"_links":{"self":[{"href":"https:\/\/immopascual.com\/fr\/wp-json\/wp\/v2\/pages\/18084","targetHints":{"allow":["GET"]}}],"collection":[{"href":"https:\/\/immopascual.com\/fr\/wp-json\/wp\/v2\/pages"}],"about":[{"href":"https:\/\/immopascual.com\/fr\/wp-json\/wp\/v2\/types\/page"}],"author":[{"embeddable":true,"href":"https:\/\/immopascual.com\/fr\/wp-json\/wp\/v2\/users\/1"}],"replies":[{"embeddable":true,"href":"https:\/\/immopascual.com\/fr\/wp-json\/wp\/v2\/comments?post=18084"}],"version-history":[{"count":15,"href":"https:\/\/immopascual.com\/fr\/wp-json\/wp\/v2\/pages\/18084\/revisions"}],"predecessor-version":[{"id":20372,"href":"https:\/\/immopascual.com\/fr\/wp-json\/wp\/v2\/pages\/18084\/revisions\/20372"}],"wp:attachment":[{"href":"https:\/\/immopascual.com\/fr\/wp-json\/wp\/v2\/media?parent=18084"}],"curies":[{"name":"wp","href":"https:\/\/api.w.org\/{rel}","templated":true}]}}