{"id":18239,"date":"2022-01-14T18:50:03","date_gmt":"2022-01-14T18:50:03","guid":{"rendered":"https:\/\/immopascual.com\/?page_id=18239"},"modified":"2026-01-29T09:22:53","modified_gmt":"2026-01-29T09:22:53","slug":"confidentialite","status":"publish","type":"page","link":"https:\/\/immopascual.com\/fr\/confidentialite\/","title":{"rendered":"Politique de confidentialit\u00e9"},"content":{"rendered":"\t\t<div data-elementor-type=\"wp-page\" data-elementor-id=\"18239\" class=\"elementor elementor-18239\">\n\t\t\t\t\t\t<section class=\"elementor-section elementor-top-section elementor-element elementor-element-47f7a0e elementor-section-boxed elementor-section-height-default elementor-section-height-default\" data-id=\"47f7a0e\" data-element_type=\"section\" data-e-type=\"section\">\n\t\t\t\t\t\t<div class=\"elementor-container elementor-column-gap-default\">\n\t\t\t\t\t<div class=\"elementor-column elementor-col-100 elementor-top-column elementor-element elementor-element-be5cccb\" data-id=\"be5cccb\" data-element_type=\"column\" data-e-type=\"column\">\n\t\t\t<div class=\"elementor-widget-wrap elementor-element-populated\">\n\t\t\t\t\t\t<div class=\"elementor-element elementor-element-6340633 elementor-widget elementor-widget-text-editor\" data-id=\"6340633\" data-element_type=\"widget\" data-e-type=\"widget\" data-widget_type=\"text-editor.default\">\n\t\t\t\t<div class=\"elementor-widget-container\">\n\t\t\t\t\t\t\t\t\t<p data-start=\"67\" data-end=\"401\" style=\"color: rgb(0, 0, 0); font-size: medium;\"><strong data-start=\"67\" data-end=\"122\">POLITIQUE DE CONFIDENTIALIT\u00c9 DE <a data-start=\"101\" data-end=\"120\" rel=\"noopener\" target=\"_new\" href=\"http:\/\/www.immopascual.com\">www.immopascual.com<span aria-hidden=\"true\"><svg xmlns=\"http:\/\/www.w3.org\/2000\/svg\" width=\"20\" height=\"20\" aria-hidden=\"true\" data-rtl-flip=\"\"><use href=\"\/cdn\/assets\/sprites-core-mr1omm3f.svg#304883\" fill=\"currentColor\"><\/use><\/svg><\/span><\/a><\/strong><br data-start=\"122\" data-end=\"125\">Donn\u00e9es du propri\u00e9taire du site :<br data-start=\"158\" data-end=\"161\"><strong data-start=\"161\" data-end=\"179\">RAISON SOCIALE<\/strong> GABRIEL PASCUAL FONT<br data-start=\"200\" data-end=\"203\"><strong data-start=\"203\" data-end=\"210\">NIF<\/strong> 78202293Q<br data-start=\"220\" data-end=\"223\"><strong data-start=\"223\" data-end=\"234\">DOMAINE<\/strong> <a data-start=\"235\" data-end=\"254\" rel=\"noopener\" target=\"_new\" href=\"http:\/\/www.immopascual.com\">www.immopascual.com<span aria-hidden=\"true\"><svg xmlns=\"http:\/\/www.w3.org\/2000\/svg\" width=\"20\" height=\"20\" aria-hidden=\"true\" data-rtl-flip=\"\"><use href=\"\/cdn\/assets\/sprites-core-mr1omm3f.svg#304883\" fill=\"currentColor\"><\/use><\/svg><\/span><\/a><br data-start=\"254\" data-end=\"257\"><strong data-start=\"257\" data-end=\"276\">ADRESSE POSTALE<\/strong> CABRERA, 9, 07458 CA&#8217;N PICAFORT (\u00ceLES BAL\u00c9ARES)<br data-start=\"324\" data-end=\"327\"><strong data-start=\"327\" data-end=\"351\">ADRESSE \u00c9LECTRONIQUE<\/strong> <a data-start=\"352\" data-end=\"372\" rel=\"noopener\">info@immopascual.com<span aria-hidden=\"true\"><svg xmlns=\"http:\/\/www.w3.org\/2000\/svg\" width=\"20\" height=\"20\" aria-hidden=\"true\" data-rtl-flip=\"\"><use href=\"\/cdn\/assets\/sprites-core-mr1omm3f.svg#304883\" fill=\"currentColor\"><\/use><\/svg><\/span><\/a><br data-start=\"372\" data-end=\"375\"><strong data-start=\"375\" data-end=\"389\">T\u00c9L\u00c9PHONES<\/strong> 971852238<\/p><h2 data-start=\"403\" data-end=\"430\" style=\"color: rgb(0, 0, 0); text-transform: none;\">Protection des donn\u00e9es<\/h2><p data-start=\"431\" data-end=\"840\" style=\"color: rgb(0, 0, 0); font-size: medium;\">Conform\u00e9ment \u00e0 la r\u00e9glementation en vigueur et applicable en mati\u00e8re de protection des donn\u00e9es \u00e0 caract\u00e8re personnel, nous vous informons que vos donn\u00e9es seront int\u00e9gr\u00e9es au syst\u00e8me de traitement appartenant \u00e0 GABRIEL PASCUAL FONT, NIF 78202293Q, dont le si\u00e8ge social est situ\u00e9 \u00e0 CABRERA, 9, 07458 CA&#8217;N PICAFORT (\u00ceLES BAL\u00c9ARES). Vous trouverez ci-dessous les informations relatives aux traitements effectu\u00e9s :<\/p><h2 data-start=\"842\" data-end=\"868\" style=\"color: rgb(0, 0, 0); text-transform: none;\">TRAITEMENTS EFFECTU\u00c9S<\/h2><p data-start=\"870\" data-end=\"1323\" style=\"color: rgb(0, 0, 0); font-size: medium;\"><strong data-start=\"870\" data-end=\"911\">Actions commerciales \u2013 formulaire web<\/strong><br data-start=\"911\" data-end=\"914\">Finalit\u00e9 : Collecte, enregistrement et traitement des donn\u00e9es afin de r\u00e9pondre \u00e0 vos demandes et\/ou requ\u00eates, ainsi qu\u2019\u00e0 des fins de publicit\u00e9 et de prospection commerciale.<br data-start=\"1087\" data-end=\"1090\">Dur\u00e9e de conservation : Tant que le consentement accord\u00e9 est maintenu, sauf obligation l\u00e9gale.<br data-start=\"1184\" data-end=\"1187\">Base juridique : Le consentement de la personne concern\u00e9e.<br data-start=\"1245\" data-end=\"1248\">Type de donn\u00e9es :<br data-start=\"1265\" data-end=\"1268\">Donn\u00e9es de base : Nom et pr\u00e9nom, adresse \u00e9lectronique<\/p><p data-start=\"1325\" data-end=\"1683\" style=\"color: rgb(0, 0, 0); font-size: medium;\"><strong data-start=\"1325\" data-end=\"1365\">Gestion des utilisateurs du site web<\/strong><br data-start=\"1365\" data-end=\"1368\">Finalit\u00e9 : Collecte, enregistrement et traitement des donn\u00e9es de l\u2019utilisateur.<br data-start=\"1447\" data-end=\"1450\">Dur\u00e9e de conservation : Tant que le consentement accord\u00e9 est maintenu, sauf obligation l\u00e9gale.<br data-start=\"1544\" data-end=\"1547\">Base juridique : Le consentement de la personne concern\u00e9e.<br data-start=\"1605\" data-end=\"1608\">Type de donn\u00e9es :<br data-start=\"1625\" data-end=\"1628\">Donn\u00e9es de base : Nom et pr\u00e9nom, adresse \u00e9lectronique<\/p><p data-start=\"1685\" data-end=\"2008\" style=\"color: rgb(0, 0, 0); font-size: medium;\"><strong data-start=\"1685\" data-end=\"1699\">Newsletter<\/strong><br data-start=\"1699\" data-end=\"1702\">Finalit\u00e9 : Gestion de l\u2019abonnement \u00e0 la newsletter afin d\u2019effectuer les envois correspondants.<br data-start=\"1796\" data-end=\"1799\">Dur\u00e9e de conservation : Tant que le consentement accord\u00e9 est maintenu.<br data-start=\"1869\" data-end=\"1872\">Base juridique : Le consentement de la personne concern\u00e9e.<br data-start=\"1930\" data-end=\"1933\">Type de donn\u00e9es :<br data-start=\"1950\" data-end=\"1953\">Donn\u00e9es de base : Nom et pr\u00e9nom, adresse \u00e9lectronique<\/p><p data-start=\"2010\" data-end=\"2296\" style=\"color: rgb(0, 0, 0); font-size: medium;\"><strong data-start=\"2010\" data-end=\"2037\">Installation de cookies<\/strong><br data-start=\"2037\" data-end=\"2040\">Finalit\u00e9 : Gestion et installation des cookies.<br data-start=\"2087\" data-end=\"2090\">Dur\u00e9e de conservation : Tant que le consentement accord\u00e9 est maintenu.<br data-start=\"2160\" data-end=\"2163\">Base juridique : Le consentement de la personne concern\u00e9e.<br data-start=\"2221\" data-end=\"2224\">Type de donn\u00e9es :<br data-start=\"2241\" data-end=\"2244\">Donn\u00e9es de base : Adresse \u00e9lectronique, adresse IP<\/p><p data-start=\"2298\" data-end=\"2604\" style=\"color: rgb(0, 0, 0); font-size: medium;\"><strong data-start=\"2298\" data-end=\"2327\">Gestion du formulaire web<\/strong><br data-start=\"2327\" data-end=\"2330\">Finalit\u00e9 : R\u00e9pondre \u00e0 vos demandes et\/ou requ\u00eates.<br data-start=\"2380\" data-end=\"2383\">Dur\u00e9e de conservation : Tant que le consentement accord\u00e9 est maintenu.<br data-start=\"2453\" data-end=\"2456\">Base juridique : Le consentement de la personne concern\u00e9e.<br data-start=\"2514\" data-end=\"2517\">Type de donn\u00e9es :<br data-start=\"2534\" data-end=\"2537\">Donn\u00e9es de base : Nom et pr\u00e9nom, adresse \u00e9lectronique, adresse IP<\/p><p data-start=\"2606\" data-end=\"2797\" style=\"color: rgb(0, 0, 0); font-size: medium;\">Par ailleurs, nous vous informons que vous pouvez contacter le D\u00e9l\u00e9gu\u00e9 \u00e0 la Protection des Donn\u00e9es en \u00e9crivant \u00e0 l\u2019adresse \u00e9lectronique <a data-start=\"2742\" data-end=\"2766\" rel=\"noopener\">dpd.cliente@conversia.es<span aria-hidden=\"true\"><svg xmlns=\"http:\/\/www.w3.org\/2000\/svg\" width=\"20\" height=\"20\" aria-hidden=\"true\" data-rtl-flip=\"\"><use href=\"\/cdn\/assets\/sprites-core-mr1omm3f.svg#304883\" fill=\"currentColor\"><\/use><\/svg><\/span><\/a> ou en appelant le 902 877 192.<\/p><h2 data-start=\"2799\" data-end=\"2835\" style=\"color: rgb(0, 0, 0); text-transform: none;\">Droits des personnes concern\u00e9es<\/h2><p data-start=\"2836\" data-end=\"3235\" style=\"color: rgb(0, 0, 0); font-size: medium;\">GABRIEL PASCUAL FONT informe les utilisateurs qu\u2019ils peuvent exercer leurs droits d\u2019acc\u00e8s, de rectification, de limitation, de suppression, de portabilit\u00e9, d\u2019opposition au traitement de leurs donn\u00e9es personnelles, ainsi que le droit de ne pas faire l\u2019objet de d\u00e9cisions automatis\u00e9es, y compris le profilage, aupr\u00e8s du Responsable du traitement, ainsi que le droit de retirer le consentement accord\u00e9.<\/p><p data-start=\"3237\" data-end=\"3555\" style=\"color: rgb(0, 0, 0); font-size: medium;\"><strong data-start=\"3237\" data-end=\"3256\">Droit d\u2019acc\u00e8s :<\/strong> Droit de l\u2019utilisateur d\u2019obtenir la confirmation que ses donn\u00e9es sont ou non trait\u00e9es et, le cas \u00e9ch\u00e9ant, d\u2019acc\u00e9der aux donn\u00e9es personnelles trait\u00e9es et aux informations l\u00e9gales concernant le traitement (finalit\u00e9s, base juridique, dur\u00e9es de conservation, communications, origine des donn\u00e9es, etc.).<\/p><p data-start=\"3557\" data-end=\"3931\" style=\"color: rgb(0, 0, 0); font-size: medium;\"><strong data-start=\"3557\" data-end=\"3585\">Droit de rectification :<\/strong> Droit de la personne concern\u00e9e de faire rectifier les donn\u00e9es inexactes ou incompl\u00e8tes. En relation avec le site web, ce droit ne pourra \u00eatre exerc\u00e9 que pour les informations sous le contr\u00f4le du site, par exemple la suppression de commentaires publi\u00e9s sur le site, d\u2019images ou de contenus web contenant des donn\u00e9es personnelles de l\u2019utilisateur.<\/p><p data-start=\"3933\" data-end=\"4092\" style=\"color: rgb(0, 0, 0); font-size: medium;\"><strong data-start=\"3933\" data-end=\"3974\">Droit \u00e0 la limitation du traitement :<\/strong> Droit de limiter les finalit\u00e9s du traitement initialement pr\u00e9vues par le responsable du traitement dans certains cas.<\/p><p data-start=\"4094\" data-end=\"4345\" style=\"color: rgb(0, 0, 0); font-size: medium;\"><strong data-start=\"4094\" data-end=\"4120\">Droit \u00e0 l\u2019effacement :<\/strong> Droit de supprimer les donn\u00e9es personnelles de l\u2019utilisateur, sauf dans les cas pr\u00e9vus par le RGPD (libert\u00e9 d\u2019expression et d\u2019information, obligations de conservation, formulation, exercice ou d\u00e9fense de r\u00e9clamations, etc.).<\/p><p data-start=\"4347\" data-end=\"4695\" style=\"color: rgb(0, 0, 0); font-size: medium;\"><strong data-start=\"4347\" data-end=\"4387\">Droit \u00e0 la portabilit\u00e9 des donn\u00e9es :<\/strong> Droit de recevoir les donn\u00e9es personnelles fournies par l\u2019utilisateur dans un format structur\u00e9, couramment utilis\u00e9 et lisible par machine, et de les transmettre \u00e0 un autre responsable lorsque le traitement est fond\u00e9 sur le consentement ou l\u2019ex\u00e9cution d\u2019un contrat et est effectu\u00e9 par des moyens automatis\u00e9s.<\/p><p data-start=\"4697\" data-end=\"4994\" style=\"color: rgb(0, 0, 0); font-size: medium;\"><strong data-start=\"4697\" data-end=\"4721\">Droit d\u2019opposition :<\/strong> Droit de l\u2019utilisateur de s\u2019opposer au traitement de ses donn\u00e9es personnelles ou de demander la cessation de leur traitement par le site web lorsque le traitement est fond\u00e9 sur l\u2019int\u00e9r\u00eat l\u00e9gitime ou l\u2019int\u00e9r\u00eat public, ou lorsqu\u2019il s\u2019agit de traitements de marketing direct.<\/p><p data-start=\"4996\" data-end=\"5525\" style=\"color: rgb(0, 0, 0); font-size: medium;\"><strong data-start=\"4996\" data-end=\"5081\">Droit de ne pas faire l\u2019objet de d\u00e9cisions automatis\u00e9es, y compris le profilage :<\/strong> Lorsque le traitement n\u2019est pas n\u00e9cessaire \u00e0 la conclusion ou \u00e0 l\u2019ex\u00e9cution d\u2019un contrat, qu\u2019il n\u2019est pas autoris\u00e9 par le droit de l\u2019Union europ\u00e9enne ou des \u00c9tats membres et qu\u2019il n\u2019est pas fond\u00e9 sur le consentement, l\u2019utilisateur a le droit de ne pas faire l\u2019objet d\u2019une d\u00e9cision fond\u00e9e exclusivement sur un traitement automatis\u00e9, y compris le profilage, produisant des effets juridiques le concernant ou l\u2019affectant de mani\u00e8re significative.<\/p><p data-start=\"5527\" data-end=\"5696\" style=\"color: rgb(0, 0, 0); font-size: medium;\"><strong data-start=\"5527\" data-end=\"5565\">Droit de retirer le consentement :<\/strong> Pour tout traitement fond\u00e9 sur le consentement, l\u2019utilisateur a le droit de retirer ce consentement \u00e0 tout moment et gratuitement.<\/p><h2 data-start=\"5698\" data-end=\"5722\" style=\"color: rgb(0, 0, 0); text-transform: none;\">Exercice des droits<\/h2><p data-start=\"5723\" data-end=\"5854\" style=\"color: rgb(0, 0, 0); font-size: medium;\">Pour exercer l\u2019un des droits en mati\u00e8re de protection des donn\u00e9es d\u00e9crits ci-dessus, vous devez suivre les instructions suivantes :<\/p><p data-start=\"5856\" data-end=\"6035\" style=\"color: rgb(0, 0, 0); font-size: medium;\">Envoyer une demande \u00e9crite \u00e0 l\u2019adresse CABRERA, 9, 07458 CA&#8217;N PICAFORT (\u00ceLES BAL\u00c9ARES) (\u00e0 l\u2019attention de GABRIEL PASCUAL FONT) ou par courrier \u00e9lectronique \u00e0 <a data-start=\"6014\" data-end=\"6034\" rel=\"noopener\">info@immopascual.com<span aria-hidden=\"true\"><svg xmlns=\"http:\/\/www.w3.org\/2000\/svg\" width=\"20\" height=\"20\" aria-hidden=\"true\" data-rtl-flip=\"\"><use href=\"\/cdn\/assets\/sprites-core-mr1omm3f.svg#304883\" fill=\"currentColor\"><\/use><\/svg><\/span><\/a>.<\/p><p data-start=\"6037\" data-end=\"6187\" style=\"color: rgb(0, 0, 0); font-size: medium;\">La demande envoy\u00e9e par le titulaire des donn\u00e9es personnelles (personne concern\u00e9e) sollicitant l\u2019exercice de droits devra tenir compte de ce qui suit :<\/p><ul data-start=\"6189\" data-end=\"7554\" style=\"color: rgb(0, 0, 0); font-size: medium;\"><li data-start=\"6189\" data-end=\"6445\"><p data-start=\"6191\" data-end=\"6445\">Vous devez vous identifier de mani\u00e8re fiable et, en cas de doute sur l\u2019identit\u00e9 du demandeur, il pourra vous \u00eatre demand\u00e9 de fournir des informations suppl\u00e9mentaires (par exemple, num\u00e9ro de DNI, document d\u2019identit\u00e9, adresse \u00e9lectronique fournie, etc.).<\/p><\/li><li data-start=\"6446\" data-end=\"6762\"><p data-start=\"6448\" data-end=\"6762\">La demande peut \u00eatre pr\u00e9sent\u00e9e par un repr\u00e9sentant l\u00e9gal ou volontaire, \u00e0 condition qu\u2019il soit d\u00fbment identifi\u00e9 et autoris\u00e9 par le titulaire des donn\u00e9es (au moyen d\u2019une autorisation expresse du titulaire pour exercer les droits personnels pr\u00e9vus par la r\u00e9glementation sur la protection des donn\u00e9es personnelles).<\/p><\/li><li data-start=\"6763\" data-end=\"7329\"><p data-start=\"6765\" data-end=\"7329\">Une demande pr\u00e9cisant clairement la requ\u00eate (le(s) droit(s) que vous souhaitez exercer). Si aucun traitement sp\u00e9cifique n\u2019est mentionn\u00e9, une r\u00e9ponse sera fournie concernant tous les traitements affectant vos donn\u00e9es personnelles. Si vous demandez des informations sur un traitement sp\u00e9cifique, seules les informations correspondantes seront fournies. Si la demande est faite par t\u00e9l\u00e9phone, il vous sera demand\u00e9 de la pr\u00e9senter par \u00e9crit et vous serez inform\u00e9 de la proc\u00e9dure et de l\u2019adresse \u00e0 laquelle l\u2019envoyer. Aucune information ne sera fournie par t\u00e9l\u00e9phone.<\/p><\/li><li data-start=\"7330\" data-end=\"7393\"><p data-start=\"7332\" data-end=\"7393\">Adresse postale ou \u00e9lectronique \u00e0 des fins de notification.<\/p><\/li><li data-start=\"7394\" data-end=\"7451\"><p data-start=\"7396\" data-end=\"7451\">Documents justificatifs de la demande, si n\u00e9cessaire.<\/p><\/li><li data-start=\"7452\" data-end=\"7554\"><p data-start=\"7454\" data-end=\"7554\">Le demandeur doit utiliser tout moyen permettant de prouver l\u2019envoi et la r\u00e9ception de la demande.<\/p><\/li><\/ul><p data-start=\"7556\" data-end=\"7837\" style=\"color: rgb(0, 0, 0); font-size: medium;\">Enfin, nous vous informons que vous avez le droit d\u2019introduire une r\u00e9clamation aupr\u00e8s de l\u2019Agence Espagnole de Protection des Donn\u00e9es si vous avez connaissance ou estimez qu\u2019un fait peut constituer une violation de la r\u00e9glementation applicable en mati\u00e8re de protection des donn\u00e9es.<\/p><p data-start=\"7839\" data-end=\"8111\" style=\"color: rgb(0, 0, 0); font-size: medium;\">GABRIEL PASCUAL FONT s\u2019engage \u00e0 adopter les mesures techniques et organisationnelles n\u00e9cessaires, conform\u00e9ment au niveau de risque associ\u00e9 aux traitements r\u00e9alis\u00e9s et indiqu\u00e9s dans cette section, afin de garantir leur int\u00e9grit\u00e9, leur confidentialit\u00e9 et leur disponibilit\u00e9.<\/p><p data-start=\"8113\" data-end=\"8156\" style=\"color: rgb(0, 0, 0); font-size: medium;\"><strong data-start=\"8113\" data-end=\"8154\">Derni\u00e8re mise \u00e0 jour : 23 janvier 2026<\/strong><\/p>\t\t\t\t\t\t\t\t<\/div>\n\t\t\t\t<\/div>\n\t\t\t\t\t<\/div>\n\t\t<\/div>\n\t\t\t\t\t<\/div>\n\t\t<\/section>\n\t\t\t\t<\/div>\n\t\t","protected":false},"excerpt":{"rendered":"<p>POLITIQUE DE CONFIDENTIALIT\u00c9 DE www.immopascual.comDonn\u00e9es du propri\u00e9taire du site :RAISON SOCIALE GABRIEL PASCUAL FONTNIF 78202293QDOMAINE www.immopascual.comADRESSE POSTALE CABRERA, 9, 07458 CA&#8217;N PICAFORT (\u00ceLES BAL\u00c9ARES)ADRESSE \u00c9LECTRONIQUE info@immopascual.comT\u00c9L\u00c9PHONES 971852238 Protection des donn\u00e9es Conform\u00e9ment \u00e0 la r\u00e9glementation en vigueur et applicable en mati\u00e8re de protection des donn\u00e9es \u00e0 caract\u00e8re personnel, nous vous informons que vos donn\u00e9es seront int\u00e9gr\u00e9es [&hellip;]<\/p>\n","protected":false},"author":1,"featured_media":0,"parent":0,"menu_order":0,"comment_status":"closed","ping_status":"closed","template":"","meta":{"_acf_changed":false,"om_disable_all_campaigns":false,"_monsterinsights_skip_tracking":false,"_monsterinsights_sitenote_active":false,"_monsterinsights_sitenote_note":"","_monsterinsights_sitenote_category":0,"_uf_show_specific_survey":0,"_uf_disable_surveys":false,"footnotes":""},"class_list":["post-18239","page","type-page","status-publish","hentry"],"acf":[],"aioseo_notices":[],"_links":{"self":[{"href":"https:\/\/immopascual.com\/fr\/wp-json\/wp\/v2\/pages\/18239","targetHints":{"allow":["GET"]}}],"collection":[{"href":"https:\/\/immopascual.com\/fr\/wp-json\/wp\/v2\/pages"}],"about":[{"href":"https:\/\/immopascual.com\/fr\/wp-json\/wp\/v2\/types\/page"}],"author":[{"embeddable":true,"href":"https:\/\/immopascual.com\/fr\/wp-json\/wp\/v2\/users\/1"}],"replies":[{"embeddable":true,"href":"https:\/\/immopascual.com\/fr\/wp-json\/wp\/v2\/comments?post=18239"}],"version-history":[{"count":11,"href":"https:\/\/immopascual.com\/fr\/wp-json\/wp\/v2\/pages\/18239\/revisions"}],"predecessor-version":[{"id":148715,"href":"https:\/\/immopascual.com\/fr\/wp-json\/wp\/v2\/pages\/18239\/revisions\/148715"}],"wp:attachment":[{"href":"https:\/\/immopascual.com\/fr\/wp-json\/wp\/v2\/media?parent=18239"}],"curies":[{"name":"wp","href":"https:\/\/api.w.org\/{rel}","templated":true}]}}