{"id":20354,"date":"2022-02-17T15:13:57","date_gmt":"2022-02-17T15:13:57","guid":{"rendered":"https:\/\/immopascual.com\/legal\/"},"modified":"2026-01-29T09:37:39","modified_gmt":"2026-01-29T09:37:39","slug":"juridique","status":"publish","type":"page","link":"https:\/\/immopascual.com\/fr\/juridique\/","title":{"rendered":"Avis juridique"},"content":{"rendered":"\t\t<div data-elementor-type=\"wp-page\" data-elementor-id=\"20354\" class=\"elementor elementor-20354\">\n\t\t\t\t\t\t<section class=\"elementor-section elementor-top-section elementor-element elementor-element-a7ab92d elementor-section-boxed elementor-section-height-default elementor-section-height-default\" data-id=\"a7ab92d\" data-element_type=\"section\" data-e-type=\"section\">\n\t\t\t\t\t\t<div class=\"elementor-container elementor-column-gap-default\">\n\t\t\t\t\t<div class=\"elementor-column elementor-col-100 elementor-top-column elementor-element elementor-element-895e440\" data-id=\"895e440\" data-element_type=\"column\" data-e-type=\"column\">\n\t\t\t<div class=\"elementor-widget-wrap elementor-element-populated\">\n\t\t\t\t\t\t<div class=\"elementor-element elementor-element-6d83f10 elementor-alert-warning elementor-widget elementor-widget-alert\" data-id=\"6d83f10\" data-element_type=\"widget\" data-e-type=\"widget\" data-widget_type=\"alert.default\">\n\t\t\t\t<div class=\"elementor-widget-container\">\n\t\t\t\t\t\t\t<div class=\"elementor-alert\" role=\"alert\">\n\n\t\t\t\t\t\t<span class=\"elementor-alert-title\">Avis important<\/span>\n\t\t\t\n\t\t\t\t\t\t<span class=\"elementor-alert-description\">Les informations publi\u00e9es sur ce site sont indicatives et fournies par le propri\u00e9taire du bien.<\/span>\n\t\t\t\n\t\t\t\n\t\t<\/div>\n\t\t\t\t\t\t<\/div>\n\t\t\t\t<\/div>\n\t\t\t\t<div class=\"elementor-element elementor-element-42161ed elementor-widget elementor-widget-text-editor\" data-id=\"42161ed\" data-element_type=\"widget\" data-e-type=\"widget\" data-widget_type=\"text-editor.default\">\n\t\t\t\t<div class=\"elementor-widget-container\">\n\t\t\t\t\t\t\t\t\t<p data-start=\"115\" data-end=\"158\" style=\"color: rgb(0, 0, 0); font-size: medium;\"><strong data-start=\"115\" data-end=\"158\">MENTIONS L\u00c9GALES de <a data-start=\"137\" data-end=\"156\" rel=\"noopener\" target=\"_new\" class=\"decorated-link\" href=\"http:\/\/www.immopascual.com\">www.immopascual.com<span aria-hidden=\"true\" class=\"ms-0.5 inline-block align-middle leading-none\"><svg xmlns=\"http:\/\/www.w3.org\/2000\/svg\" width=\"20\" height=\"20\" aria-hidden=\"true\" data-rtl-flip=\"\" class=\"block h-[0.75em] w-[0.75em] stroke-current stroke-[0.75]\"><use href=\"\/cdn\/assets\/sprites-core-mr1omm3f.svg#304883\" fill=\"currentColor\"><\/use><\/svg><\/span><\/a><\/strong><\/p><p data-start=\"160\" data-end=\"485\" style=\"color: rgb(0, 0, 0); font-size: medium;\"><strong data-start=\"160\" data-end=\"176\">Introduction<\/strong><br data-start=\"176\" data-end=\"179\">Conform\u00e9ment \u00e0 la Loi 34\/2002, du 11 juillet, relative aux services de la soci\u00e9t\u00e9 de l\u2019information et au commerce \u00e9lectronique (LSSI-CE), GABRIEL PASCUAL FONT informe qu\u2019il est le propri\u00e9taire du site web. Conform\u00e9ment \u00e0 l\u2019article 10 de ladite Loi, GABRIEL PASCUAL FONT fournit les informations suivantes :<\/p><p data-start=\"487\" data-end=\"738\" style=\"color: rgb(0, 0, 0); font-size: medium;\"><strong data-start=\"487\" data-end=\"507\">RAISON SOCIALE :<\/strong> GABRIEL PASCUAL FONT<br data-start=\"528\" data-end=\"531\"><strong data-start=\"531\" data-end=\"540\">NIF :<\/strong> 78202293Q<br data-start=\"550\" data-end=\"553\"><strong data-start=\"553\" data-end=\"566\">DOMAINE :<\/strong> <a data-start=\"567\" data-end=\"586\" rel=\"noopener\" target=\"_new\" class=\"decorated-link\" href=\"http:\/\/www.immopascual.com\">www.immopascual.com<span aria-hidden=\"true\" class=\"ms-0.5 inline-block align-middle leading-none\"><svg xmlns=\"http:\/\/www.w3.org\/2000\/svg\" width=\"20\" height=\"20\" aria-hidden=\"true\" data-rtl-flip=\"\" class=\"block h-[0.75em] w-[0.75em] stroke-current stroke-[0.75]\"><use href=\"\/cdn\/assets\/sprites-core-mr1omm3f.svg#304883\" fill=\"currentColor\"><\/use><\/svg><\/span><\/a><br data-start=\"586\" data-end=\"589\"><strong data-start=\"589\" data-end=\"610\">ADRESSE POSTALE :<\/strong> CABRERA, 9, 07458 CA\u2019N PICAFORT (\u00ceLES BAL\u00c9ARES)<br data-start=\"658\" data-end=\"661\"><strong data-start=\"661\" data-end=\"687\">ADRESSE \u00c9LECTRONIQUE :<\/strong> <a data-start=\"688\" data-end=\"708\" class=\"decorated-link cursor-pointer\" rel=\"noopener\">info@immopascual.com<span aria-hidden=\"true\" class=\"ms-0.5 inline-block align-middle leading-none\"><svg xmlns=\"http:\/\/www.w3.org\/2000\/svg\" width=\"20\" height=\"20\" aria-hidden=\"true\" data-rtl-flip=\"\" class=\"block h-[0.75em] w-[0.75em] stroke-current stroke-[0.75]\"><use href=\"\/cdn\/assets\/sprites-core-mr1omm3f.svg#304883\" fill=\"currentColor\"><\/use><\/svg><\/span><\/a><br data-start=\"708\" data-end=\"711\"><strong data-start=\"711\" data-end=\"726\">T\u00c9L\u00c9PHONE :<\/strong> 971852238<\/p><p data-start=\"740\" data-end=\"1118\" style=\"color: rgb(0, 0, 0); font-size: medium;\"><strong data-start=\"740\" data-end=\"783\">Utilisateur et r\u00e9gime de responsabilit\u00e9<\/strong><br data-start=\"783\" data-end=\"786\">La navigation, l\u2019acc\u00e8s et l\u2019utilisation du site web de GABRIEL PASCUAL FONT conf\u00e8rent la qualit\u00e9 d\u2019utilisateur. Le site web de GABRIEL PASCUAL FONT fournit une grande diversit\u00e9 d\u2019informations, de services et de donn\u00e9es. L\u2019utilisateur assume la responsabilit\u00e9 de l\u2019utilisation correcte du site web. Cette responsabilit\u00e9 s\u2019\u00e9tendra \u00e0 :<\/p><ul data-start=\"1120\" data-end=\"1638\" style=\"color: rgb(0, 0, 0); font-size: medium;\"><li data-start=\"1120\" data-end=\"1324\"><p data-start=\"1122\" data-end=\"1324\">La v\u00e9racit\u00e9 et la lic\u00e9it\u00e9 des informations fournies par l\u2019utilisateur dans les formulaires mis \u00e0 disposition par GABRIEL PASCUAL FONT pour l\u2019acc\u00e8s \u00e0 certains contenus ou services propos\u00e9s sur le site.<\/p><\/li><li data-start=\"1325\" data-end=\"1638\"><p data-start=\"1327\" data-end=\"1638\">L\u2019utilisation des informations, services et donn\u00e9es propos\u00e9s par GABRIEL PASCUAL FONT d\u2019une mani\u00e8re contraire aux pr\u00e9sentes conditions, \u00e0 la Loi, \u00e0 la morale, aux bonnes m\u0153urs ou \u00e0 l\u2019ordre public, ou qui, de toute autre mani\u00e8re, pourrait porter atteinte aux droits de tiers ou au bon fonctionnement du site web.<\/p><\/li><\/ul><p data-start=\"1640\" data-end=\"2183\" style=\"color: rgb(0, 0, 0); font-size: medium;\"><strong data-start=\"1640\" data-end=\"1694\">Politique de liens et exclusions de responsabilit\u00e9<\/strong><br data-start=\"1694\" data-end=\"1697\">GABRIEL PASCUAL FONT n\u2019est pas responsable du contenu des sites web auxquels l\u2019utilisateur peut acc\u00e9der par le biais des liens \u00e9tablis sur son site, \u00e0 condition qu\u2019il n\u2019ait pas connaissance effective du fait que l\u2019activit\u00e9 ou l\u2019information \u00e0 laquelle il renvoie ou qu\u2019il recommande est illicite ou porte atteinte \u00e0 des biens ou des droits d\u2019un tiers susceptibles d\u2019indemnisation, ou, dans le cas contraire, qu\u2019il agisse avec diligence pour supprimer ou d\u00e9sactiver le lien correspondant.<\/p><p data-start=\"2185\" data-end=\"2738\" style=\"color: rgb(0, 0, 0); font-size: medium;\">Il sera entendu que GABRIEL PASCUAL FONT a une connaissance effective au sens du paragraphe pr\u00e9c\u00e9dent lorsqu\u2019une autorit\u00e9 comp\u00e9tente a d\u00e9clar\u00e9 l\u2019ill\u00e9galit\u00e9 des donn\u00e9es, ordonn\u00e9 leur retrait ou rendu impossible l\u2019acc\u00e8s \u00e0 celles-ci, ou d\u00e9clar\u00e9 l\u2019existence de l\u2019atteinte, et que GABRIEL PASCUAL FONT a eu connaissance de la d\u00e9cision correspondante, sans pr\u00e9judice des proc\u00e9dures de d\u00e9tection et de retrait de contenus que GABRIEL PASCUAL FONT applique en vertu d\u2019accords volontaires et d\u2019autres moyens de connaissance effective qui pourraient \u00eatre \u00e9tablis.<\/p><p data-start=\"2740\" data-end=\"3288\" style=\"color: rgb(0, 0, 0); font-size: medium;\">GABRIEL PASCUAL FONT d\u00e9clare avoir adopt\u00e9 toutes les mesures n\u00e9cessaires pour \u00e9viter tout dommage aux utilisateurs de son site web pouvant r\u00e9sulter de la navigation sur celui-ci. En cons\u00e9quence, GABRIEL PASCUAL FONT n\u2019est en aucun cas responsable des \u00e9ventuels dommages que l\u2019utilisateur pourrait subir du fait de la navigation sur Internet. De m\u00eame, il ne garantit pas la disponibilit\u00e9 technique, l\u2019exactitude, la v\u00e9racit\u00e9, la validit\u00e9 ou la l\u00e9galit\u00e9 de sites n\u2019appartenant pas \u00e0 sa propri\u00e9t\u00e9 et auxquels il peut \u00eatre acc\u00e9d\u00e9 par le biais de liens.<\/p><p data-start=\"3290\" data-end=\"3693\" style=\"color: rgb(0, 0, 0); font-size: medium;\"><strong data-start=\"3290\" data-end=\"3307\">Modifications<\/strong><br data-start=\"3307\" data-end=\"3310\">GABRIEL PASCUAL FONT se r\u00e9serve le droit d\u2019effectuer, \u00e0 tout moment et sans pr\u00e9avis, des modifications et des mises \u00e0 jour des informations contenues sur son site web ou de sa configuration et de sa pr\u00e9sentation. Afin de maintenir les informations publi\u00e9es \u00e0 jour, les contenus pourront \u00eatre modifi\u00e9s, corrig\u00e9s, supprim\u00e9s ou ajout\u00e9s \u00e0 tout moment, par tout moyen admissible en droit.<\/p><p data-start=\"3695\" data-end=\"4072\" style=\"color: rgb(0, 0, 0); font-size: medium;\"><strong data-start=\"3695\" data-end=\"3718\">Indication des prix<\/strong><br data-start=\"3718\" data-end=\"3721\">Dans le cas o\u00f9 des prix de produits et\/ou de services seraient affich\u00e9s, ceux indiqu\u00e9s \u00e0 l\u2019\u00e9cran seront ceux en vigueur \u00e0 chaque moment. Les prix seront indiqu\u00e9s en euros et incluront la taxe sur la valeur ajout\u00e9e (TVA). Si la TVA n\u2019est pas incluse dans le prix, cela sera indiqu\u00e9 express\u00e9ment et l\u2019utilisateur pourra visualiser le prix final complet.<\/p><p data-start=\"4074\" data-end=\"4336\" style=\"color: rgb(0, 0, 0); font-size: medium;\">De m\u00eame, si toute autre taxe est applicable, celle-ci sera \u00e9galement indiqu\u00e9e, y compris, le cas \u00e9ch\u00e9ant, le montant des augmentations ou des remises applicables \u00e0 l\u2019offre et les frais suppl\u00e9mentaires pouvant \u00eatre r\u00e9percut\u00e9s sur le consommateur ou l\u2019utilisateur.<\/p><p data-start=\"4338\" data-end=\"5138\" style=\"color: rgb(0, 0, 0); font-size: medium;\"><strong data-start=\"4338\" data-end=\"4382\">Propri\u00e9t\u00e9 intellectuelle et industrielle<\/strong><br data-start=\"4382\" data-end=\"4385\">GABRIEL PASCUAL FONT, par lui-m\u00eame ou en tant que cessionnaire, est titulaire de tous les droits de propri\u00e9t\u00e9 intellectuelle et industrielle de son site web, ainsi que des \u00e9l\u00e9ments contenus dans celui-ci (\u00e0 titre indicatif, images, son, audio, vid\u00e9o, logiciels ou textes ; marques ou logos, combinaisons de couleurs, structure et design, s\u00e9lection des mat\u00e9riaux utilis\u00e9s, programmes informatiques n\u00e9cessaires \u00e0 son fonctionnement, acc\u00e8s et utilisation, etc.), propri\u00e9t\u00e9 de GABRIEL PASCUAL FONT. Ils sont donc prot\u00e9g\u00e9s comme propri\u00e9t\u00e9 intellectuelle par l\u2019ordre juridique espagnol, et les r\u00e9glementations espagnoles et communautaires dans ce domaine, ainsi que les trait\u00e9s internationaux relatifs \u00e0 la mati\u00e8re sign\u00e9s par l\u2019Espagne, leur sont applicables.<\/p><p data-start=\"5140\" data-end=\"5501\" style=\"color: rgb(0, 0, 0); font-size: medium;\">Tous droits r\u00e9serv\u00e9s. En vertu de la Loi sur la propri\u00e9t\u00e9 intellectuelle, la reproduction, la distribution et la communication publique, y compris la mise \u00e0 disposition, de tout ou partie des contenus de ce site web, \u00e0 des fins commerciales, sur tout support et par tout moyen technique, sont express\u00e9ment interdites sans l\u2019autorisation de GABRIEL PASCUAL FONT.<\/p><p data-start=\"5503\" data-end=\"6096\" style=\"color: rgb(0, 0, 0); font-size: medium;\">L\u2019utilisateur s\u2019engage \u00e0 respecter les droits de Propri\u00e9t\u00e9 Intellectuelle et Industrielle appartenant \u00e0 GABRIEL PASCUAL FONT. L\u2019utilisateur pourra visualiser les \u00e9l\u00e9ments du portail et m\u00eame les imprimer, les copier et les stocker sur le disque dur de son ordinateur ou sur tout autre support physique, \u00e0 condition que ce soit uniquement et exclusivement pour son usage personnel et priv\u00e9. L\u2019utilisateur devra s\u2019abstenir de supprimer, d\u2019alt\u00e9rer, de contourner ou de manipuler tout dispositif de protection ou syst\u00e8me de s\u00e9curit\u00e9 qui pourrait \u00eatre install\u00e9 sur les pages de GABRIEL PASCUAL FONT.<\/p><p data-start=\"6098\" data-end=\"6422\" style=\"color: rgb(0, 0, 0); font-size: medium;\"><strong data-start=\"6098\" data-end=\"6156\">Actions l\u00e9gales, l\u00e9gislation applicable et juridiction<\/strong><br data-start=\"6156\" data-end=\"6159\">Si l\u2019utilisateur souhaite d\u00e9poser une r\u00e9clamation, il devra contacter par courrier \u00e9lectronique \u00e0 l\u2019adresse <a data-start=\"6267\" data-end=\"6287\" class=\"decorated-link cursor-pointer\" rel=\"noopener\">info@immopascual.com<span aria-hidden=\"true\" class=\"ms-0.5 inline-block align-middle leading-none\"><svg xmlns=\"http:\/\/www.w3.org\/2000\/svg\" width=\"20\" height=\"20\" aria-hidden=\"true\" data-rtl-flip=\"\" class=\"block h-[0.75em] w-[0.75em] stroke-current stroke-[0.75]\"><use href=\"\/cdn\/assets\/sprites-core-mr1omm3f.svg#304883\" fill=\"currentColor\"><\/use><\/svg><\/span><\/a>. De m\u00eame, GABRIEL PASCUAL FONT dispose de formulaires officiels de r\u00e9clamation \u00e0 la disposition des consommateurs et des utilisateurs.<\/p><p data-start=\"6424\" data-end=\"6643\" style=\"color: rgb(0, 0, 0); font-size: medium;\">GABRIEL PASCUAL FONT se r\u00e9serve le droit d\u2019intenter les actions civiles ou p\u00e9nales qu\u2019il jugera appropri\u00e9es pour l\u2019utilisation abusive de son site web et de ses contenus, ou pour le non-respect des pr\u00e9sentes conditions.<\/p><p data-start=\"6645\" data-end=\"6966\" style=\"color: rgb(0, 0, 0); font-size: medium;\">La relation entre l\u2019utilisateur et le prestataire sera r\u00e9gie par la r\u00e9glementation en vigueur et applicable sur le territoire espagnol. En cas de litige, les parties pourront soumettre leurs diff\u00e9rends \u00e0 l\u2019arbitrage ou saisir la juridiction ordinaire conform\u00e9ment aux r\u00e8gles de juridiction et de comp\u00e9tence en la mati\u00e8re.<\/p><p data-start=\"6968\" data-end=\"7012\" style=\"color: rgb(0, 0, 0); font-size: medium;\"><strong data-start=\"6968\" data-end=\"6994\">Derni\u00e8re mise \u00e0 jour :<\/strong> 23 janvier 2025<\/p>\t\t\t\t\t\t\t\t<\/div>\n\t\t\t\t<\/div>\n\t\t\t\t\t<\/div>\n\t\t<\/div>\n\t\t\t\t\t<\/div>\n\t\t<\/section>\n\t\t\t\t<\/div>\n\t\t","protected":false},"excerpt":{"rendered":"<p>Avis important Les informations publi\u00e9es sur ce site sont indicatives et fournies par le propri\u00e9taire du bien. MENTIONS L\u00c9GALES de www.immopascual.com IntroductionConform\u00e9ment \u00e0 la Loi 34\/2002, du 11 juillet, relative aux services de la soci\u00e9t\u00e9 de l\u2019information et au commerce \u00e9lectronique (LSSI-CE), GABRIEL PASCUAL FONT informe qu\u2019il est le propri\u00e9taire du site web. Conform\u00e9ment \u00e0 [&hellip;]<\/p>\n","protected":false},"author":1,"featured_media":0,"parent":0,"menu_order":0,"comment_status":"closed","ping_status":"closed","template":"","meta":{"_acf_changed":false,"om_disable_all_campaigns":false,"_monsterinsights_skip_tracking":false,"_monsterinsights_sitenote_active":false,"_monsterinsights_sitenote_note":"","_monsterinsights_sitenote_category":0,"_uf_show_specific_survey":0,"_uf_disable_surveys":false,"footnotes":""},"class_list":["post-20354","page","type-page","status-publish","hentry"],"acf":[],"aioseo_notices":[],"_links":{"self":[{"href":"https:\/\/immopascual.com\/fr\/wp-json\/wp\/v2\/pages\/20354","targetHints":{"allow":["GET"]}}],"collection":[{"href":"https:\/\/immopascual.com\/fr\/wp-json\/wp\/v2\/pages"}],"about":[{"href":"https:\/\/immopascual.com\/fr\/wp-json\/wp\/v2\/types\/page"}],"author":[{"embeddable":true,"href":"https:\/\/immopascual.com\/fr\/wp-json\/wp\/v2\/users\/1"}],"replies":[{"embeddable":true,"href":"https:\/\/immopascual.com\/fr\/wp-json\/wp\/v2\/comments?post=20354"}],"version-history":[{"count":8,"href":"https:\/\/immopascual.com\/fr\/wp-json\/wp\/v2\/pages\/20354\/revisions"}],"predecessor-version":[{"id":148730,"href":"https:\/\/immopascual.com\/fr\/wp-json\/wp\/v2\/pages\/20354\/revisions\/148730"}],"wp:attachment":[{"href":"https:\/\/immopascual.com\/fr\/wp-json\/wp\/v2\/media?parent=20354"}],"curies":[{"name":"wp","href":"https:\/\/api.w.org\/{rel}","templated":true}]}}