{"id":20375,"date":"2022-02-15T09:24:58","date_gmt":"2022-02-15T09:24:58","guid":{"rendered":"https:\/\/immopascual.com\/vender\/"},"modified":"2022-02-22T11:35:51","modified_gmt":"2022-02-22T11:35:51","slug":"vendre","status":"publish","type":"page","link":"https:\/\/immopascual.com\/fr\/vendre\/","title":{"rendered":"Vendre"},"content":{"rendered":"\t\t<div data-elementor-type=\"wp-page\" data-elementor-id=\"20375\" class=\"elementor elementor-20375\">\n\t\t\t\t\t\t<section class=\"elementor-section elementor-top-section elementor-element elementor-element-d0b10fa elementor-section-boxed elementor-section-height-default elementor-section-height-default\" data-id=\"d0b10fa\" data-element_type=\"section\" data-e-type=\"section\">\n\t\t\t\t\t\t<div class=\"elementor-container elementor-column-gap-default\">\n\t\t\t\t\t<div class=\"elementor-column elementor-col-100 elementor-top-column elementor-element elementor-element-78c8568\" data-id=\"78c8568\" data-element_type=\"column\" data-e-type=\"column\">\n\t\t\t<div class=\"elementor-widget-wrap elementor-element-populated\">\n\t\t\t\t\t\t<div class=\"elementor-element elementor-element-63dba8c elementor-widget elementor-widget-text-editor\" data-id=\"63dba8c\" data-element_type=\"widget\" data-e-type=\"widget\" data-widget_type=\"text-editor.default\">\n\t\t\t\t<div class=\"elementor-widget-container\">\n\t\t\t\t\t\t\t\t\t<h5 class=\"yellow\">Si desea publicar su propiedad en nuestro portal, puede hacerlo directamente online. Por favor rellene correctamente el siguiente formulario y siga los pasos.<\/h5><p class=\"grey2\"><br \/>Rellene correctamente el siguiente formulario.<br \/>Revise todos los campos para que su propiedad se publique lo antes posible.<\/p>\t\t\t\t\t\t\t\t<\/div>\n\t\t\t\t<\/div>\n\t\t\t\t\t<\/div>\n\t\t<\/div>\n\t\t\t\t\t<\/div>\n\t\t<\/section>\n\t\t\t\t<section class=\"elementor-section elementor-top-section elementor-element elementor-element-19d4795 elementor-section-boxed elementor-section-height-default elementor-section-height-default\" data-id=\"19d4795\" data-element_type=\"section\" data-e-type=\"section\">\n\t\t\t\t\t\t<div class=\"elementor-container elementor-column-gap-default\">\n\t\t\t\t\t<div class=\"elementor-column elementor-col-100 elementor-top-column elementor-element elementor-element-bfcf2d9\" data-id=\"bfcf2d9\" data-element_type=\"column\" data-e-type=\"column\">\n\t\t\t<div class=\"elementor-widget-wrap elementor-element-populated\">\n\t\t\t\t\t\t<div class=\"elementor-element elementor-element-437566f elementor-widget elementor-widget-wpforms\" data-id=\"437566f\" data-element_type=\"widget\" data-e-type=\"widget\" data-widget_type=\"wpforms.default\">\n\t\t\t\t<div class=\"elementor-widget-container\">\n\t\t\t\t\t<div class=\"wpforms-container wpforms-container-full\" id=\"wpforms-20380\"><form id=\"wpforms-form-20380\" class=\"wpforms-validate wpforms-form wpforms-ajax-form\" data-formid=\"20380\" method=\"post\" enctype=\"multipart\/form-data\" action=\"\/fr\/wp-json\/wp\/v2\/pages\/20375\" data-token=\"d56760c481d215844bdabcbe9656549f\" data-token-time=\"1775487936\"><noscript class=\"wpforms-error-noscript\">Please enable JavaScript in your browser to complete this form.<\/noscript><div class=\"wpforms-field-container\"><div id=\"wpforms-20380-field_0-container\" class=\"wpforms-field wpforms-field-name\" data-field-id=\"0\"><label class=\"wpforms-field-label\">Nom <span class=\"wpforms-required-label\">*<\/span><\/label><div class=\"wpforms-field-row wpforms-field-large\"><div class=\"wpforms-field-row-block wpforms-first wpforms-one-half\"><input type=\"text\" id=\"wpforms-20380-field_0\" class=\"wpforms-field-name-first wpforms-field-required\" name=\"wpforms[fields][0][first]\" required><label for=\"wpforms-20380-field_0\" class=\"wpforms-field-sublabel after\">First<\/label><\/div><div class=\"wpforms-field-row-block wpforms-one-half\"><input type=\"text\" id=\"wpforms-20380-field_0-last\" class=\"wpforms-field-name-last wpforms-field-required\" name=\"wpforms[fields][0][last]\" required><label for=\"wpforms-20380-field_0-last\" class=\"wpforms-field-sublabel after\">Last<\/label><\/div><\/div><\/div><div id=\"wpforms-20380-field_1-container\" class=\"wpforms-field wpforms-field-email wpforms-one-half wpforms-first\" data-field-id=\"1\"><label class=\"wpforms-field-label\" for=\"wpforms-20380-field_1\">Email <span class=\"wpforms-required-label\">*<\/span><\/label><input type=\"email\" id=\"wpforms-20380-field_1\" class=\"wpforms-field-large wpforms-field-required\" name=\"wpforms[fields][1]\" spellcheck=\"false\" required><\/div><div id=\"wpforms-20380-field_4-container\" class=\"wpforms-field wpforms-field-text wpforms-one-half\" data-field-id=\"4\"><label class=\"wpforms-field-label\" for=\"wpforms-20380-field_4\">T\u00e9l\u00e9phone <span class=\"wpforms-required-label\">*<\/span><\/label><input type=\"text\" id=\"wpforms-20380-field_4\" class=\"wpforms-field-large wpforms-field-required\" name=\"wpforms[fields][4]\" required><\/div><div id=\"wpforms-20380-field_7-container\" class=\"wpforms-field wpforms-field-text wpforms-one-half wpforms-first\" data-field-id=\"7\"><label class=\"wpforms-field-label\" for=\"wpforms-20380-field_7\">Ville<\/label><input type=\"text\" id=\"wpforms-20380-field_7\" class=\"wpforms-field-large\" name=\"wpforms[fields][7]\" ><\/div><div id=\"wpforms-20380-field_5-container\" class=\"wpforms-field wpforms-field-text wpforms-one-half\" data-field-id=\"5\"><label class=\"wpforms-field-label\" for=\"wpforms-20380-field_5\">Pays<\/label><input type=\"text\" id=\"wpforms-20380-field_5\" class=\"wpforms-field-large\" name=\"wpforms[fields][5]\" ><\/div><div id=\"wpforms-20380-field_2-container\" class=\"wpforms-field wpforms-field-textarea wpforms-one-half wpforms-first\" data-field-id=\"2\"><label class=\"wpforms-field-label\" for=\"wpforms-20380-field_2\">Commentaires<\/label><textarea id=\"wpforms-20380-field_2\" class=\"wpforms-field-small\" name=\"wpforms[fields][2]\" ><\/textarea><\/div><div id=\"wpforms-20380-field_6-container\" class=\"wpforms-field wpforms-field-textarea wpforms-one-half\" data-field-id=\"6\"><label class=\"wpforms-field-label\" for=\"wpforms-20380-field_6\">Comment nous avez-vous rencontr\u00e9s ?<\/label><textarea id=\"wpforms-20380-field_6\" class=\"wpforms-field-small\" name=\"wpforms[fields][6]\" ><\/textarea><\/div><div id=\"wpforms-20380-field_9-container\" class=\"wpforms-field wpforms-field-text wpforms-one-half wpforms-first\" data-field-id=\"9\"><label class=\"wpforms-field-label\" for=\"wpforms-20380-field_9\">Ville <span class=\"wpforms-required-label\">*<\/span><\/label><input type=\"text\" id=\"wpforms-20380-field_9\" class=\"wpforms-field-large wpforms-field-required\" name=\"wpforms[fields][9]\" required><\/div><div id=\"wpforms-20380-field_10-container\" class=\"wpforms-field wpforms-field-text wpforms-one-half\" data-field-id=\"10\"><label class=\"wpforms-field-label\" for=\"wpforms-20380-field_10\">Prix <span class=\"wpforms-required-label\">*<\/span><\/label><input type=\"text\" id=\"wpforms-20380-field_10\" class=\"wpforms-field-large wpforms-field-required\" name=\"wpforms[fields][10]\" placeholder=\"250000\" required><\/div><div id=\"wpforms-20380-field_11-container\" class=\"wpforms-field wpforms-field-select wpforms-one-half wpforms-first wpforms-field-select-style-classic\" data-field-id=\"11\"><label class=\"wpforms-field-label\" for=\"wpforms-20380-field_11\">Op\u00e9ration <span class=\"wpforms-required-label\">*<\/span><\/label><select id=\"wpforms-20380-field_11\" class=\"wpforms-field-large wpforms-field-required\" name=\"wpforms[fields][11]\" required=\"required\"><option value=\"Acheter\"  class=\"choice-1 depth-1\"  >Acheter<\/option><option value=\"Location\"  class=\"choice-2 depth-1\"  >Location<\/option><option value=\"Location de vacances\"  class=\"choice-3 depth-1\"  >Location de vacances<\/option><option value=\"D\u00e9veloppement immobilier\"  class=\"choice-4 depth-1\"  >D\u00e9veloppement immobilier<\/option><\/select><\/div><div id=\"wpforms-20380-field_12-container\" class=\"wpforms-field wpforms-field-select wpforms-one-half wpforms-field-select-style-classic\" data-field-id=\"12\"><label class=\"wpforms-field-label\" for=\"wpforms-20380-field_12\">Cat\u00e9gorie <span class=\"wpforms-required-label\">*<\/span><\/label><select id=\"wpforms-20380-field_12\" class=\"wpforms-field-large wpforms-field-required\" name=\"wpforms[fields][12]\" required=\"required\"><option value=\"Appartement \/ \u00c9tage\"  class=\"choice-1 depth-1\"  >Appartement \/ \u00c9tage<\/option><option value=\"Maison \/ Villa\"  class=\"choice-2 depth-1\"  >Maison \/ Villa<\/option><option value=\"Villa\"  class=\"choice-3 depth-1\"  >Villa<\/option><option value=\"Ferme avec b\u00e2timent\"  class=\"choice-4 depth-1\"  >Ferme avec b\u00e2timent<\/option><option value=\"Locaux commerciaux\"  class=\"choice-5 depth-1\"  >Locaux commerciaux<\/option><option value=\"Terrain urbain \/ Terrain rustique\"  class=\"choice-6 depth-1\"  >Terrain urbain \/ Terrain rustique<\/option><\/select><\/div><div id=\"wpforms-20380-field_13-container\" class=\"wpforms-field wpforms-field-text\" data-field-id=\"13\"><label class=\"wpforms-field-label\" for=\"wpforms-20380-field_13\">Titre <span class=\"wpforms-required-label\">*<\/span><\/label><input type=\"text\" id=\"wpforms-20380-field_13\" class=\"wpforms-field-large wpforms-field-required\" name=\"wpforms[fields][13]\" placeholder=\"Venta \u00e1tico en Alc\u00fadia\" required><\/div><div id=\"wpforms-20380-field_14-container\" class=\"wpforms-field wpforms-field-text wpforms-one-half wpforms-first\" data-field-id=\"14\"><label class=\"wpforms-field-label\" for=\"wpforms-20380-field_14\">Surface habitable m2<\/label><input type=\"text\" id=\"wpforms-20380-field_14\" class=\"wpforms-field-large\" name=\"wpforms[fields][14]\" ><\/div><div id=\"wpforms-20380-field_15-container\" class=\"wpforms-field wpforms-field-text wpforms-one-half\" data-field-id=\"15\"><label class=\"wpforms-field-label\" for=\"wpforms-20380-field_15\">Zone au sol m2<\/label><input type=\"text\" id=\"wpforms-20380-field_15\" class=\"wpforms-field-large\" name=\"wpforms[fields][15]\" ><\/div><div id=\"wpforms-20380-field_16-container\" class=\"wpforms-field wpforms-field-text wpforms-one-half wpforms-first\" data-field-id=\"16\"><label class=\"wpforms-field-label\" for=\"wpforms-20380-field_16\">Chambres<\/label><input type=\"text\" id=\"wpforms-20380-field_16\" class=\"wpforms-field-large\" name=\"wpforms[fields][16]\" ><\/div><div id=\"wpforms-20380-field_17-container\" class=\"wpforms-field wpforms-field-text wpforms-one-half\" data-field-id=\"17\"><label class=\"wpforms-field-label\" for=\"wpforms-20380-field_17\">Salles de bains<\/label><input type=\"text\" id=\"wpforms-20380-field_17\" class=\"wpforms-field-large\" name=\"wpforms[fields][17]\" ><\/div><div id=\"wpforms-20380-field_18-container\" class=\"wpforms-field wpforms-field-textarea\" data-field-id=\"18\"><label class=\"wpforms-field-label\" for=\"wpforms-20380-field_18\">Autres informations sur la propri\u00e9t\u00e9 : d\u00e9tails, qualit\u00e9s... <span class=\"wpforms-required-label\">*<\/span><\/label><textarea id=\"wpforms-20380-field_18\" class=\"wpforms-field-small wpforms-field-required\" name=\"wpforms[fields][18]\" required><\/textarea><\/div><div id=\"wpforms-20380-field_19-container\" class=\"wpforms-field wpforms-field-checkbox\" data-field-id=\"19\"><label class=\"wpforms-field-label\">Politique de confidentialit\u00e9 <span class=\"wpforms-required-label\">*<\/span><\/label><ul id=\"wpforms-20380-field_19\" class=\"wpforms-field-required\"><li class=\"choice-1 depth-1\"><input type=\"checkbox\" id=\"wpforms-20380-field_19_1\" name=\"wpforms[fields][19][]\" value=\"J&#039;accepte la politique de confidentialit\u00e9\" required ><label class=\"wpforms-field-label-inline\" for=\"wpforms-20380-field_19_1\">J'accepte la politique de confidentialit\u00e9<\/label><\/li><\/ul><div class=\"wpforms-field-description\">Conform\u00e9ment aux dispositions de la r\u00e9glementation en vigueur sur la protection des donn\u00e9es personnelles, nous vous informons que vos donn\u00e9es seront int\u00e9gr\u00e9es au syst\u00e8me de traitement appartenant \u00e0 GABRIEL PASCUAL FONT avec CIF 78202293Q et si\u00e8ge social \u00e0 COSTA I LLOBERA 18 07570, ARTA (ILLES BALEARS ), afin de r\u00e9pondre \u00e0 vos questions et de vous envoyer des informations connexes susceptibles de vous int\u00e9resser. Conform\u00e9ment \u00e0 la r\u00e9glementation en vigueur, GABRIEL PASCUAL FONT informe que les donn\u00e9es seront conserv\u00e9es pendant la dur\u00e9e strictement n\u00e9cessaire au respect des pr\u00e9ceptes mentionn\u00e9s ci-dessus. Tant que vous ne nous informez pas autrement, nous comprendrons que vos donn\u00e9es n'ont pas \u00e9t\u00e9 modifi\u00e9es, que vous vous engagez \u00e0 nous informer de toute variation et que nous avons votre consentement pour les utiliser aux fins susmentionn\u00e9es. GABRIEL PASCUAL FONT informe qu'il proc\u00e9dera au traitement des donn\u00e9es de mani\u00e8re licite, loyale, transparente, ad\u00e9quate, pertinente, limit\u00e9e, exacte et mise \u00e0 jour. C'est pourquoi GABRIEL PASCUAL FONT s'engage \u00e0 adopter toutes les mesures raisonnables pour que celles-ci soient supprim\u00e9es ou rectifi\u00e9es sans d\u00e9lai lorsqu'elles sont inexactes. Conform\u00e9ment aux droits conf\u00e9r\u00e9s par la r\u00e9glementation en vigueur sur la protection des donn\u00e9es, vous pouvez exercer les droits d'acc\u00e8s, de rectification, de limitation de traitement, de suppression, de portabilit\u00e9 et d'opposition au traitement de vos donn\u00e9es personnelles ainsi que le consentement donn\u00e9 au traitement de celles-ci. idem, en adressant votre demande \u00e0 l'adresse postale indiqu\u00e9e ci-dessus ou \u00e0 l'email info@immopascual.com<\/div><\/div><\/div><!-- .wpforms-field-container --><div class=\"wpforms-submit-container\" ><input type=\"hidden\" name=\"wpforms[id]\" value=\"20380\"><input type=\"hidden\" name=\"page_title\" value=\"\"><input type=\"hidden\" name=\"page_url\" value=\"https:\/\/immopascual.com\/fr\/wp-json\/wp\/v2\/pages\/20375\"><input type=\"hidden\" name=\"url_referer\" value=\"\"><button type=\"submit\" name=\"wpforms[submit]\" id=\"wpforms-submit-20380\" class=\"wpforms-submit\" data-alt-text=\"Envoi en cours...\" data-submit-text=\"Envoyer\" aria-live=\"assertive\" value=\"wpforms-submit\">Envoyer<\/button><img decoding=\"async\" src=\"https:\/\/immopascual.com\/wp-content\/plugins\/wpforms-lite\/assets\/images\/submit-spin.svg\" class=\"wpforms-submit-spinner\" style=\"display: none;\" width=\"26\" height=\"26\" alt=\"Loading\"><\/div><\/form><\/div>  <!-- .wpforms-container -->\t\t\t\t<\/div>\n\t\t\t\t<\/div>\n\t\t\t\t\t<\/div>\n\t\t<\/div>\n\t\t\t\t\t<\/div>\n\t\t<\/section>\n\t\t\t\t<\/div>\n\t\t","protected":false},"excerpt":{"rendered":"<p>Si desea publicar su propiedad en nuestro portal, puede hacerlo directamente online. Por favor rellene correctamente el siguiente formulario y siga los pasos. Rellene correctamente el siguiente formulario.Revise todos los campos para que su propiedad se publique lo antes posible.<\/p>\n","protected":false},"author":1,"featured_media":0,"parent":0,"menu_order":0,"comment_status":"closed","ping_status":"closed","template":"","meta":{"_acf_changed":false,"om_disable_all_campaigns":false,"_monsterinsights_skip_tracking":false,"_monsterinsights_sitenote_active":false,"_monsterinsights_sitenote_note":"","_monsterinsights_sitenote_category":0,"_uf_show_specific_survey":0,"_uf_disable_surveys":false,"footnotes":""},"class_list":["post-20375","page","type-page","status-publish","hentry"],"acf":[],"aioseo_notices":[],"_links":{"self":[{"href":"https:\/\/immopascual.com\/fr\/wp-json\/wp\/v2\/pages\/20375","targetHints":{"allow":["GET"]}}],"collection":[{"href":"https:\/\/immopascual.com\/fr\/wp-json\/wp\/v2\/pages"}],"about":[{"href":"https:\/\/immopascual.com\/fr\/wp-json\/wp\/v2\/types\/page"}],"author":[{"embeddable":true,"href":"https:\/\/immopascual.com\/fr\/wp-json\/wp\/v2\/users\/1"}],"replies":[{"embeddable":true,"href":"https:\/\/immopascual.com\/fr\/wp-json\/wp\/v2\/comments?post=20375"}],"version-history":[{"count":4,"href":"https:\/\/immopascual.com\/fr\/wp-json\/wp\/v2\/pages\/20375\/revisions"}],"predecessor-version":[{"id":20386,"href":"https:\/\/immopascual.com\/fr\/wp-json\/wp\/v2\/pages\/20375\/revisions\/20386"}],"wp:attachment":[{"href":"https:\/\/immopascual.com\/fr\/wp-json\/wp\/v2\/media?parent=20375"}],"curies":[{"name":"wp","href":"https:\/\/api.w.org\/{rel}","templated":true}]}}